{"id":254750,"date":"2021-02-19T06:31:37","date_gmt":"2021-02-19T11:31:37","guid":{"rendered":"https:\/\/apimetrology.com\/?page_id=254750"},"modified":"2025-10-10T08:20:10","modified_gmt":"2025-10-10T12:20:10","slug":"datenschutz","status":"publish","type":"page","link":"https:\/\/apimetrology.com\/de\/datenschutz\/","title":{"rendered":"Privacy Policy"},"content":{"rendered":"<h1><span style=\"font-size: 17px; font-weight: 500;\">Bei API Metrology, das von apimetrology.com aus zug\u00e4nglich ist, ist die Privatsph\u00e4re unserer Besucher eine unserer Hauptpriorit\u00e4ten. Dieses Datenschutzdokument enth\u00e4lt Arten von Informationen, die von API Metrology gesammelt und aufgezeichnet werden, und wie wir sie verwenden. <\/span><\/h1>\n<div class=\"page\">\n<div class=\"download-container pt-5 pb-5\">\n<div class=\"container\">\n<div class=\"row pt-5\">\n<div class=\"col-lg-6\">\n<div class=\"preview\">\n<div class=\"content\">\n<p>Wenn Sie weitere Fragen haben oder weitere Informationen zu unserer Datenschutzrichtlinie ben\u00f6tigen, z\u00f6gern Sie nicht, <a href=\"https:\/\/apimetrology.com\/de\/?page_id=7927\">uns zu kontaktieren<\/a>.<\/p>\n<h2>Log-Dateien<\/h2>\n<p>API Metrology folgt einem Standardverfahren zur Verwendung von Protokolldateien. Diese Dateien protokollieren Besucher, wenn sie Websites besuchen. Alle Hosting-Unternehmen tun dies und einen Teil der Analyse von Hosting-Diensten. Zu den von Protokolldateien gesammelten Informationen geh\u00f6ren Internetprotokoll (IP)-Adressen, Browsertyp, Internet Service Provider (ISP), Datums- und Zeitstempel, Verweis-\/Ausstiegsseiten und m\u00f6glicherweise die Anzahl der Klicks. Diese sind nicht mit Informationen verkn\u00fcpft, die pers\u00f6nlich identifizierbar sind. Der Zweck der Informationen besteht darin, Trends zu analysieren, die Website zu verwalten, die Bewegungen der Benutzer auf der Website zu verfolgen und demografische Informationen zu sammeln. Unsere Datenschutzerkl\u00e4rung wurde mit Hilfe des <a href=\"https:\/\/www.privacypolicyonline.com\/privacy-policy-generator\/\">Datenschutzrichtlinien-Generators<\/a> erstellt.      <\/p>\n<h2>Cookies und Web Beacons<\/h2>\n<p>Wie jede andere Website verwendet auch API Metrology &#8220;Cookies&#8221;. Diese Cookies werden verwendet, um Informationen zu speichern, einschlie\u00dflich der Pr\u00e4ferenzen der Besucher und der Seiten auf der Website, auf die der Besucher zugegriffen oder die er besucht hat. Die Informationen werden verwendet, um die Benutzererfahrung zu optimieren, indem der Inhalt unserer Webseite basierend auf dem Browsertyp der Besucher und\/oder anderen Informationen angepasst wird.  <\/p>\n<p>F\u00fcr allgemeinere Informationen zu Cookies lesen Sie bitte den <a href=\"https:\/\/www.generateprivacypolicy.com\/#cookies\">Artikel &#8220;Cookies&#8221; aus dem Datenschutzrichtlinien-Generator<\/a>.<\/p>\n<h2>Google DoubleClick DART-Cookie<\/h2>\n<p>Google ist einer der Drittanbieter auf unserer Website. Es verwendet auch Cookies, die als DART-Cookies bekannt sind, um Anzeigen f\u00fcr unsere Website-Besucher basierend auf ihrem Besuch auf www.website.com und anderen Websites im Internet zu schalten. Besucher k\u00f6nnen die Verwendung von DART-Cookies jedoch ablehnen, indem sie die Datenschutzerkl\u00e4rung des Google-Anzeigen- und Content-Netzwerks unter der folgenden URL besuchen: <a href=\"https:\/\/policies.google.com\/technologies\/ads\">https:\/\/policies.google.com\/technologies\/ads<\/a>  <\/p>\n<h2>Datenschutzrichtlinien<\/h2>\n<p><strong>Datenschutzrichtlinien f\u00fcr Websites:<\/strong><\/p>\n<p>In dieser Liste finden Sie die Datenschutzrichtlinie f\u00fcr jeden Werbepartner von API Metrology.<\/p>\n<p>Ad-Server oder Werbenetzwerke von Drittanbietern verwenden Technologien wie Cookies, JavaScript oder Web Beacons, die in ihren jeweiligen Anzeigen und Links verwendet werden, die auf API Metrology erscheinen und direkt an den Browser der Benutzer gesendet werden. Sie erhalten in diesem Fall automatisch Ihre IP-Adresse. Diese Technologien werden verwendet, um die Wirksamkeit ihrer Werbekampagnen zu messen und\/oder um die Werbeinhalte zu personalisieren, die Sie auf den von Ihnen besuchten Websites sehen.  <\/p>\n<p>Beachten Sie, dass API Metrology keinen Zugriff auf oder keine Kontrolle \u00fcber diese Cookies hat, die von Drittanbietern verwendet werden.<\/p>\n<\/div>\n<p><strong>Datenschutzrichtlinien f\u00fcr API MeasurePro Software und MeasurePro Mobile App:<\/strong><\/p>\n<p><span data-olk-copy-source=\"MessageBody\">Die MeasurePro-Software und die MeasurePro Mobile App erfassen keine Benutzerdaten f\u00fcr Marketingzwecke und keine sensiblen Informationen. Alles, was erfasst wird, ist der Name des Ger\u00e4ts. <\/span><\/p>\n<div class=\"content\">\n<h2>Datenschutzrichtlinien von Drittanbietern<\/h2>\n<p>Die Datenschutzrichtlinie von API Metrology gilt nicht f\u00fcr andere Werbetreibende oder Websites. Wir empfehlen Ihnen daher, die jeweiligen Datenschutzrichtlinien dieser Ad-Server von Drittanbietern zu konsultieren, um detailliertere Informationen zu erhalten. Es kann ihre Praktiken und Anweisungen zum Deaktivieren bestimmter Optionen enthalten.  <\/p>\n<p>Sie k\u00f6nnen Cookies \u00fcber Ihre individuellen Browseroptionen deaktivieren. Ausf\u00fchrlichere Informationen zur Cookie-Verwaltung mit bestimmten Webbrowsern finden Sie auf den jeweiligen Websites der Browser. Was sind Cookies?  <\/p>\n<h2>Informationen f\u00fcr Kinder<\/h2>\n<p>Ein weiterer Teil unserer Priorit\u00e4t ist der Schutz von Kindern bei der Nutzung des Internets. Wir ermutigen Eltern und Erziehungsberechtigte, ihre Online-Aktivit\u00e4ten zu beobachten, daran teilzunehmen und\/oder sie zu \u00fcberwachen und zu leiten. <\/p>\n<p>API Metrology sammelt wissentlich keine personenbezogenen Daten von Kindern unter 13 Jahren. Wenn Sie der Meinung sind, dass Ihr Kind diese Art von Informationen auf unserer Website bereitgestellt hat, empfehlen wir Ihnen dringend, sich sofort mit uns in Verbindung zu setzen, und wir werden uns nach besten Kr\u00e4ften bem\u00fchen, diese Informationen umgehend aus unseren Aufzeichnungen zu entfernen. <\/p>\n<h2>Nur Online-Datenschutzrichtlinie<\/h2>\n<p>Diese Datenschutzrichtlinie gilt nur f\u00fcr unsere Online-Aktivit\u00e4ten und gilt f\u00fcr Besucher unserer Website in Bezug auf die Informationen, die sie in API Metrology geteilt und\/oder gesammelt haben. Diese Richtlinie gilt nicht f\u00fcr Informationen, die offline oder \u00fcber andere Kan\u00e4le als diese Website gesammelt werden. <\/p>\n<h2>Einwilligen<\/h2>\n<p>Durch die Nutzung unserer Website erkl\u00e4ren Sie sich mit unserer Datenschutzrichtlinie einverstanden und erkl\u00e4ren sich mit deren Allgemeinen Gesch\u00e4ftsbedingungen einverstanden.<\/p>\n<\/div>\n<\/div>\n<\/div>\n<\/div>\n<\/div>\n<\/div>\n<\/div>\n<footer>\n<div class=\"container\">\n<div class=\"row\">\n<div class=\"col-12\">\n<p class=\"mb-4 mt-0\">\n<\/div>\n<\/div>\n<\/div>\n<\/footer>\n","protected":false},"excerpt":{"rendered":"<p>Bei API Metrology, das von apimetrology.com aus zug\u00e4nglich ist, ist die Privatsph\u00e4re unserer Besucher eine unserer Hauptpriorit\u00e4ten. Dieses Datenschutzdokument enth\u00e4lt Arten von Informationen, die von API Metrology gesammelt und aufgezeichnet werden, und wie wir sie verwenden. Wenn Sie weitere Fragen haben oder weitere Informationen zu unserer Datenschutzrichtlinie ben\u00f6tigen, z\u00f6gern Sie nicht, uns zu kontaktieren. Log-Dateien [&hellip;]<\/p>\n","protected":false},"author":15,"featured_media":0,"parent":0,"menu_order":0,"comment_status":"closed","ping_status":"open","template":"","meta":{"_et_pb_use_builder":"off","_et_pb_old_content":"","_et_gb_content_width":"","footnotes":""},"class_list":["post-254750","page","type-page","status-publish","hentry"],"featured_image_src":null,"yoast_head":"<!-- This site is optimized with the Yoast SEO Premium plugin v26.3 (Yoast SEO v27.1.1) - https:\/\/yoast.com\/product\/yoast-seo-premium-wordpress\/ -->\n<title>Privacy Policy - API Metrology<\/title>\n<meta name=\"robots\" content=\"index, follow, max-snippet:-1, max-image-preview:large, max-video-preview:-1\" \/>\n<link rel=\"canonical\" href=\"https:\/\/apimetrology.com\/de\/datenschutz\/\" \/>\n<meta property=\"og:locale\" content=\"de_DE\" \/>\n<meta property=\"og:type\" content=\"article\" \/>\n<meta property=\"og:title\" content=\"Privacy Policy\" \/>\n<meta property=\"og:description\" content=\"Bei API Metrology, das von apimetrology.com aus zug\u00e4nglich ist, ist die Privatsph\u00e4re unserer Besucher eine unserer Hauptpriorit\u00e4ten. Dieses Datenschutzdokument enth\u00e4lt Arten von Informationen, die von API Metrology gesammelt und aufgezeichnet werden, und wie wir sie verwenden. Wenn Sie weitere Fragen haben oder weitere Informationen zu unserer Datenschutzrichtlinie ben\u00f6tigen, z\u00f6gern Sie nicht, uns zu kontaktieren. Log-Dateien [&hellip;]\" \/>\n<meta property=\"og:url\" content=\"https:\/\/apimetrology.com\/de\/datenschutz\/\" \/>\n<meta property=\"og:site_name\" content=\"API Metrology\" \/>\n<meta property=\"article:publisher\" content=\"https:\/\/www.facebook.com\/apimetrology\/\" \/>\n<meta property=\"article:modified_time\" content=\"2025-10-10T12:20:10+00:00\" \/>\n<meta property=\"og:image\" content=\"https:\/\/apimetrology.com\/wp-content\/uploads\/2023\/02\/image.png\" \/>\n\t<meta property=\"og:image:width\" content=\"250\" \/>\n\t<meta property=\"og:image:height\" content=\"139\" \/>\n\t<meta property=\"og:image:type\" content=\"image\/png\" \/>\n<meta name=\"twitter:card\" content=\"summary_large_image\" \/>\n<meta name=\"twitter:label1\" content=\"Gesch\u00e4tzte Lesezeit\" \/>\n\t<meta name=\"twitter:data1\" content=\"4 Minuten\" \/>\n<script type=\"application\/ld+json\" class=\"yoast-schema-graph\">{\"@context\":\"https:\/\/schema.org\",\"@graph\":[{\"@type\":\"WebPage\",\"@id\":\"https:\/\/apimetrology.com\/de\/datenschutz\/\",\"url\":\"https:\/\/apimetrology.com\/de\/datenschutz\/\",\"name\":\"Privacy Policy - API Metrology\",\"isPartOf\":{\"@id\":\"https:\/\/apimetrology.com\/de\/#website\"},\"datePublished\":\"2021-02-19T11:31:37+00:00\",\"dateModified\":\"2025-10-10T12:20:10+00:00\",\"breadcrumb\":{\"@id\":\"https:\/\/apimetrology.com\/de\/datenschutz\/#breadcrumb\"},\"inLanguage\":\"de-DE\",\"potentialAction\":[{\"@type\":\"ReadAction\",\"target\":[\"https:\/\/apimetrology.com\/de\/datenschutz\/\"]}]},{\"@type\":\"BreadcrumbList\",\"@id\":\"https:\/\/apimetrology.com\/de\/datenschutz\/#breadcrumb\",\"itemListElement\":[{\"@type\":\"ListItem\",\"position\":1,\"name\":\"Home\",\"item\":\"https:\/\/apimetrology.com\/de\/\"},{\"@type\":\"ListItem\",\"position\":2,\"name\":\"Privacy Policy\"}]},{\"@type\":\"WebSite\",\"@id\":\"https:\/\/apimetrology.com\/de\/#website\",\"url\":\"https:\/\/apimetrology.com\/de\/\",\"name\":\"API Metrology\",\"description\":\"Laser Tracker, Machine Tool and Robot Calibration Equipment Supplier\",\"publisher\":{\"@id\":\"https:\/\/apimetrology.com\/de\/#organization\"},\"potentialAction\":[{\"@type\":\"SearchAction\",\"target\":{\"@type\":\"EntryPoint\",\"urlTemplate\":\"https:\/\/apimetrology.com\/de\/?s={search_term_string}\"},\"query-input\":{\"@type\":\"PropertyValueSpecification\",\"valueRequired\":true,\"valueName\":\"search_term_string\"}}],\"inLanguage\":\"de-DE\"},{\"@type\":\"Organization\",\"@id\":\"https:\/\/apimetrology.com\/de\/#organization\",\"name\":\"API Metrology\",\"url\":\"https:\/\/apimetrology.com\/de\/\",\"logo\":{\"@type\":\"ImageObject\",\"inLanguage\":\"de-DE\",\"@id\":\"https:\/\/apimetrology.com\/de\/#\/schema\/logo\/image\/\",\"url\":\"https:\/\/apimetrology.com\/wp-content\/uploads\/2018\/11\/API-logo.png\",\"contentUrl\":\"https:\/\/apimetrology.com\/wp-content\/uploads\/2018\/11\/API-logo.png\",\"width\":1080,\"height\":699,\"caption\":\"API Metrology\"},\"image\":{\"@id\":\"https:\/\/apimetrology.com\/de\/#\/schema\/logo\/image\/\"},\"sameAs\":[\"https:\/\/www.facebook.com\/apimetrology\/\",\"https:\/\/www.linkedin.com\/company\/apimetrology\/\",\"https:\/\/www.youtube.com\/@AutomatedPrecision\"]}]}<\/script>\n<!-- \/ Yoast SEO Premium plugin. -->","yoast_head_json":{"title":"Privacy Policy - API Metrology","robots":{"index":"index","follow":"follow","max-snippet":"max-snippet:-1","max-image-preview":"max-image-preview:large","max-video-preview":"max-video-preview:-1"},"canonical":"https:\/\/apimetrology.com\/de\/datenschutz\/","og_locale":"de_DE","og_type":"article","og_title":"Privacy Policy","og_description":"Bei API Metrology, das von apimetrology.com aus zug\u00e4nglich ist, ist die Privatsph\u00e4re unserer Besucher eine unserer Hauptpriorit\u00e4ten. Dieses Datenschutzdokument enth\u00e4lt Arten von Informationen, die von API Metrology gesammelt und aufgezeichnet werden, und wie wir sie verwenden. Wenn Sie weitere Fragen haben oder weitere Informationen zu unserer Datenschutzrichtlinie ben\u00f6tigen, z\u00f6gern Sie nicht, uns zu kontaktieren. Log-Dateien [&hellip;]","og_url":"https:\/\/apimetrology.com\/de\/datenschutz\/","og_site_name":"API Metrology","article_publisher":"https:\/\/www.facebook.com\/apimetrology\/","article_modified_time":"2025-10-10T12:20:10+00:00","og_image":[{"width":250,"height":139,"url":"https:\/\/apimetrology.com\/wp-content\/uploads\/2023\/02\/image.png","type":"image\/png"}],"twitter_card":"summary_large_image","twitter_misc":{"Gesch\u00e4tzte Lesezeit":"4 Minuten"},"schema":{"@context":"https:\/\/schema.org","@graph":[{"@type":"WebPage","@id":"https:\/\/apimetrology.com\/de\/datenschutz\/","url":"https:\/\/apimetrology.com\/de\/datenschutz\/","name":"Privacy Policy - API Metrology","isPartOf":{"@id":"https:\/\/apimetrology.com\/de\/#website"},"datePublished":"2021-02-19T11:31:37+00:00","dateModified":"2025-10-10T12:20:10+00:00","breadcrumb":{"@id":"https:\/\/apimetrology.com\/de\/datenschutz\/#breadcrumb"},"inLanguage":"de-DE","potentialAction":[{"@type":"ReadAction","target":["https:\/\/apimetrology.com\/de\/datenschutz\/"]}]},{"@type":"BreadcrumbList","@id":"https:\/\/apimetrology.com\/de\/datenschutz\/#breadcrumb","itemListElement":[{"@type":"ListItem","position":1,"name":"Home","item":"https:\/\/apimetrology.com\/de\/"},{"@type":"ListItem","position":2,"name":"Privacy Policy"}]},{"@type":"WebSite","@id":"https:\/\/apimetrology.com\/de\/#website","url":"https:\/\/apimetrology.com\/de\/","name":"API Metrology","description":"Laser Tracker, Machine Tool and Robot Calibration Equipment Supplier","publisher":{"@id":"https:\/\/apimetrology.com\/de\/#organization"},"potentialAction":[{"@type":"SearchAction","target":{"@type":"EntryPoint","urlTemplate":"https:\/\/apimetrology.com\/de\/?s={search_term_string}"},"query-input":{"@type":"PropertyValueSpecification","valueRequired":true,"valueName":"search_term_string"}}],"inLanguage":"de-DE"},{"@type":"Organization","@id":"https:\/\/apimetrology.com\/de\/#organization","name":"API Metrology","url":"https:\/\/apimetrology.com\/de\/","logo":{"@type":"ImageObject","inLanguage":"de-DE","@id":"https:\/\/apimetrology.com\/de\/#\/schema\/logo\/image\/","url":"https:\/\/apimetrology.com\/wp-content\/uploads\/2018\/11\/API-logo.png","contentUrl":"https:\/\/apimetrology.com\/wp-content\/uploads\/2018\/11\/API-logo.png","width":1080,"height":699,"caption":"API Metrology"},"image":{"@id":"https:\/\/apimetrology.com\/de\/#\/schema\/logo\/image\/"},"sameAs":["https:\/\/www.facebook.com\/apimetrology\/","https:\/\/www.linkedin.com\/company\/apimetrology\/","https:\/\/www.youtube.com\/@AutomatedPrecision"]}]}},"_links":{"self":[{"href":"https:\/\/apimetrology.com\/de\/wp-json\/wp\/v2\/pages\/254750","targetHints":{"allow":["GET"]}}],"collection":[{"href":"https:\/\/apimetrology.com\/de\/wp-json\/wp\/v2\/pages"}],"about":[{"href":"https:\/\/apimetrology.com\/de\/wp-json\/wp\/v2\/types\/page"}],"author":[{"embeddable":true,"href":"https:\/\/apimetrology.com\/de\/wp-json\/wp\/v2\/users\/15"}],"replies":[{"embeddable":true,"href":"https:\/\/apimetrology.com\/de\/wp-json\/wp\/v2\/comments?post=254750"}],"version-history":[{"count":0,"href":"https:\/\/apimetrology.com\/de\/wp-json\/wp\/v2\/pages\/254750\/revisions"}],"wp:attachment":[{"href":"https:\/\/apimetrology.com\/de\/wp-json\/wp\/v2\/media?parent=254750"}],"curies":[{"name":"wp","href":"https:\/\/api.w.org\/{rel}","templated":true}]}}