{"id":8568,"date":"2020-10-12T10:57:19","date_gmt":"2020-10-12T14:57:19","guid":{"rendered":"https:\/\/apimetrology.com\/?page_id=8568"},"modified":"2024-09-16T15:29:41","modified_gmt":"2024-09-16T19:29:41","slug":"scanning-und-inspektion","status":"publish","type":"page","link":"https:\/\/apimetrology.com\/de\/scanning-und-inspektion\/","title":{"rendered":"Scanning und Inspektion"},"content":{"rendered":"<p>[et_pb_section fb_built=&#8221;1&#8243; _builder_version=&#8221;4.16&#8243; _module_preset=&#8221;default&#8221; global_colors_info=&#8221;{}&#8221;][et_pb_row _builder_version=&#8221;4.16&#8243; _module_preset=&#8221;default&#8221; global_colors_info=&#8221;{}&#8221;][et_pb_column type=&#8221;4_4&#8243; _builder_version=&#8221;4.16&#8243; _module_preset=&#8221;default&#8221; global_colors_info=&#8221;{}&#8221;][et_pb_text _builder_version=&#8221;4.21.0&#8243; _module_preset=&#8221;default&#8221; text_font=&#8221;Roboto||||||||&#8221; text_font_size=&#8221;23px&#8221; header_font=&#8221;Roboto||||||||&#8221; header_text_align=&#8221;center&#8221; header_font_size=&#8221;55px&#8221; header_2_font=&#8221;Roboto||||||||&#8221; header_2_text_align=&#8221;center&#8221; header_2_font_size=&#8221;55px&#8221; text_orientation=&#8221;center&#8221; global_colors_info=&#8221;{}&#8221;]<\/p>\n<h1>SCANNING &amp; INSPEKTION<\/h1>\n<div>Portable Mess- und Laserscanning-Systeme in Verbindung mit roboter- oder stativmontierten 3D-Strukturlichtscannern.<\/div>\n<p>[\/et_pb_text][\/et_pb_column][\/et_pb_row][\/et_pb_section][et_pb_section fb_built=&#8221;1&#8243; _builder_version=&#8221;4.16&#8243; _module_preset=&#8221;default&#8221; global_colors_info=&#8221;{}&#8221;][et_pb_row column_structure=&#8221;1_2,1_2&#8243; _builder_version=&#8221;4.16&#8243; _module_preset=&#8221;default&#8221; global_colors_info=&#8221;{}&#8221;][et_pb_column type=&#8221;1_2&#8243; _builder_version=&#8221;4.16&#8243; _module_preset=&#8221;default&#8221; global_colors_info=&#8221;{}&#8221;][et_pb_image src=&#8221;https:\/\/apimetrology.com\/wp-content\/uploads\/2024\/07\/PMT_ARM_STILL_01-scaled.jpg&#8221; title_text=&#8221;PMT_ARM_STILL_01&#8243; _builder_version=&#8221;4.27.0&#8243; _module_preset=&#8221;default&#8221; global_colors_info=&#8221;{}&#8221;][\/et_pb_image][\/et_pb_column][et_pb_column type=&#8221;1_2&#8243; _builder_version=&#8221;4.16&#8243; _module_preset=&#8221;default&#8221; global_colors_info=&#8221;{}&#8221;][et_pb_text _builder_version=&#8221;4.16&#8243; _module_preset=&#8221;default&#8221; custom_margin=&#8221;16px||||false|false&#8221; global_colors_info=&#8221;{}&#8221;]<\/p>\n<h3>PORTABLE MESSARME<\/h3>\n<div>Preisattraktive Baureihe portabler Messarme f\u00fcr Reverse Engineering und Messl\u00f6sungen in der Produktion.<\/div>\n<p>[\/et_pb_text][et_pb_button button_url=&#8221;https:\/\/apimetrology.com\/de\/tragbarer-kmg-arm\/&#8221; button_text=&#8221;MEHR ERFAHREN&#8221; _builder_version=&#8221;4.27.0&#8243; _module_preset=&#8221;default&#8221; custom_button=&#8221;on&#8221; button_text_size=&#8221;16px&#8221; button_text_color=&#8221;#FFFFFF&#8221; button_bg_color=&#8221;#d90025&#8243; button_use_icon=&#8221;off&#8221; global_colors_info=&#8221;{}&#8221; button_bg_color__hover_enabled=&#8221;on|hover&#8221; button_bg_color__hover=&#8221;#d81c3b&#8221; button_bg_enable_color__hover=&#8221;on&#8221;][\/et_pb_button][\/et_pb_column][\/et_pb_row][\/et_pb_section][et_pb_section fb_built=&#8221;1&#8243; _builder_version=&#8221;4.16&#8243; _module_preset=&#8221;default&#8221; global_colors_info=&#8221;{}&#8221;][et_pb_row column_structure=&#8221;1_2,1_2&#8243; _builder_version=&#8221;4.16&#8243; _module_preset=&#8221;default&#8221; global_colors_info=&#8221;{}&#8221;][et_pb_column type=&#8221;1_2&#8243; _builder_version=&#8221;4.16&#8243; _module_preset=&#8221;default&#8221; global_colors_info=&#8221;{}&#8221;][et_pb_image src=&#8221;https:\/\/apimetrology.com\/wp-content\/uploads\/2018\/06\/rapid-scan.jpg&#8221; title_text=&#8221;rapid-scan&#8221; _builder_version=&#8221;4.16&#8243; _module_preset=&#8221;default&#8221; global_colors_info=&#8221;{}&#8221;][\/et_pb_image][\/et_pb_column][et_pb_column type=&#8221;1_2&#8243; _builder_version=&#8221;4.16&#8243; _module_preset=&#8221;default&#8221; global_colors_info=&#8221;{}&#8221;][et_pb_text _builder_version=&#8221;4.16&#8243; _module_preset=&#8221;default&#8221; custom_margin=&#8221;10px||||false|false&#8221; global_colors_info=&#8221;{}&#8221;]<\/p>\n<h3>SMART FACTORY INSPECTION SYSTEMS (SFIS)<\/h3>\n<div>Der RapidScan ist in der Lage schwierige kontrastreiche Oberfl\u00e4chen zu scannen. Er kann f\u00fcr die Produktionsmessung am Roboter oder f\u00fcr die manuelle Datenerfassung am Stativ montiert werden und bietet die M\u00f6glichkeit, Merkmale aus dem generierten Punkt zu extrahieren.<\/div>\n<p>[\/et_pb_text][et_pb_button button_url=&#8221;https:\/\/apimetrology.com\/de\/smart-factory-automatisierung\/&#8221; button_text=&#8221;MEHR ERFAHREN&#8221; _builder_version=&#8221;4.16&#8243; _module_preset=&#8221;default&#8221; custom_button=&#8221;on&#8221; button_text_size=&#8221;16px&#8221; button_text_color=&#8221;#FFFFFF&#8221; button_bg_color=&#8221;#d90025&#8243; button_use_icon=&#8221;off&#8221; global_colors_info=&#8221;{}&#8221; button_bg_color__hover_enabled=&#8221;on|hover&#8221; button_bg_color__hover=&#8221;#d81c3b&#8221; button_bg_enable_color__hover=&#8221;on&#8221;][\/et_pb_button][\/et_pb_column][\/et_pb_row][\/et_pb_section][et_pb_section fb_built=&#8221;1&#8243; _builder_version=&#8221;4.16&#8243; _module_preset=&#8221;default&#8221; global_colors_info=&#8221;{}&#8221;][et_pb_row column_structure=&#8221;1_2,1_2&#8243; _builder_version=&#8221;4.16&#8243; _module_preset=&#8221;default&#8221; global_colors_info=&#8221;{}&#8221;][et_pb_column type=&#8221;1_2&#8243; _builder_version=&#8221;4.16&#8243; _module_preset=&#8221;default&#8221; global_colors_info=&#8221;{}&#8221;][et_pb_image src=&#8221;https:\/\/apimetrology.com\/wp-content\/uploads\/2018\/06\/3d-laser-scanners.jpg&#8221; title_text=&#8221;3D-Laserscanner&#8221; _builder_version=&#8221;4.16&#8243; _module_preset=&#8221;default&#8221; global_colors_info=&#8221;{}&#8221;][\/et_pb_image][\/et_pb_column][et_pb_column type=&#8221;1_2&#8243; _builder_version=&#8221;4.16&#8243; _module_preset=&#8221;default&#8221; global_colors_info=&#8221;{}&#8221;][et_pb_text _builder_version=&#8221;4.16&#8243; _module_preset=&#8221;default&#8221; custom_margin=&#8221;16px||||false|false&#8221; global_colors_info=&#8221;{}&#8221;]<\/p>\n<h3>3D LASER SCANNER<\/h3>\n<div>Mit seiner un\u00fcbertroffenen Genauigkeit und Scanqualit\u00e4t eignet sich der hemisph\u00e4rische Scanner ideal f\u00fcr den Einsatz im Building Information Modeling (BIM), in der Denkmalpflege und in der Forensik. <\/div>\n<p>[\/et_pb_text][et_pb_button button_url=&#8221;https:\/\/apimetrology.com\/de\/hemiscan\/&#8221; button_text=&#8221;MEHR ERFAHREN&#8221; _builder_version=&#8221;4.16&#8243; _module_preset=&#8221;default&#8221; custom_button=&#8221;on&#8221; button_text_size=&#8221;16px&#8221; button_text_color=&#8221;#FFFFFF&#8221; button_bg_color=&#8221;#d90025&#8243; button_use_icon=&#8221;off&#8221; global_colors_info=&#8221;{}&#8221; button_bg_color__hover_enabled=&#8221;on|hover&#8221; button_bg_color__hover=&#8221;#d81c3b&#8221; button_bg_enable_color__hover=&#8221;on&#8221;][\/et_pb_button][\/et_pb_column][\/et_pb_row][\/et_pb_section]<\/p>\n","protected":false},"excerpt":{"rendered":"<p>SCANNING &amp; INSPEKTION Portable Mess- und Laserscanning-Systeme in Verbindung mit roboter- oder stativmontierten 3D-Strukturlichtscannern.PORTABLE MESSARME Preisattraktive Baureihe portabler Messarme f\u00fcr Reverse Engineering und Messl\u00f6sungen in der Produktion.SMART FACTORY INSPECTION SYSTEMS (SFIS) Der RapidScan ist in der Lage schwierige kontrastreiche Oberfl\u00e4chen zu scannen. Er kann f\u00fcr die Produktionsmessung am Roboter oder f\u00fcr die manuelle Datenerfassung am [&hellip;]<\/p>\n","protected":false},"author":18,"featured_media":0,"parent":0,"menu_order":0,"comment_status":"closed","ping_status":"closed","template":"","meta":{"_et_pb_use_builder":"on","_et_pb_old_content":"","_et_gb_content_width":"","footnotes":""},"class_list":["post-8568","page","type-page","status-publish","hentry"],"featured_image_src":null,"yoast_head":"<!-- This site is optimized with the Yoast SEO Premium plugin v26.3 (Yoast SEO v27.1.1) - https:\/\/yoast.com\/product\/yoast-seo-premium-wordpress\/ -->\n<title>Portable Messarme zum Scannen und Laserscanning-Systeme<\/title>\n<meta name=\"description\" content=\"Messarme zum Scannen oder Tasten. Automatisiertes Scannen am Roboter. 3D-Laser Scanner HemiScan.\" \/>\n<meta name=\"robots\" content=\"index, follow, max-snippet:-1, max-image-preview:large, max-video-preview:-1\" \/>\n<link rel=\"canonical\" href=\"https:\/\/apimetrology.com\/de\/scanning-und-inspektion\/\" \/>\n<meta property=\"og:locale\" content=\"de_DE\" \/>\n<meta property=\"og:type\" content=\"article\" \/>\n<meta property=\"og:title\" content=\"Scanning und Inspektion\" \/>\n<meta property=\"og:description\" content=\"Messarme zum Scannen oder Tasten. Automatisiertes Scannen am Roboter. 3D-Laser Scanner HemiScan.\" \/>\n<meta property=\"og:url\" content=\"https:\/\/apimetrology.com\/de\/scanning-und-inspektion\/\" \/>\n<meta property=\"og:site_name\" content=\"API Metrology\" \/>\n<meta property=\"article:publisher\" content=\"https:\/\/www.facebook.com\/apimetrology\/\" \/>\n<meta property=\"article:modified_time\" content=\"2024-09-16T19:29:41+00:00\" \/>\n<meta property=\"og:image\" content=\"https:\/\/apimetrology.com\/wp-content\/uploads\/2023\/02\/image.png\" \/>\n\t<meta property=\"og:image:width\" content=\"250\" \/>\n\t<meta property=\"og:image:height\" content=\"139\" \/>\n\t<meta property=\"og:image:type\" content=\"image\/png\" \/>\n<meta name=\"twitter:card\" content=\"summary_large_image\" \/>\n<meta name=\"twitter:label1\" content=\"Gesch\u00e4tzte Lesezeit\" \/>\n\t<meta name=\"twitter:data1\" content=\"2 Minuten\" \/>\n<script type=\"application\/ld+json\" class=\"yoast-schema-graph\">{\"@context\":\"https:\/\/schema.org\",\"@graph\":[{\"@type\":\"WebPage\",\"@id\":\"https:\/\/apimetrology.com\/de\/scanning-und-inspektion\/\",\"url\":\"https:\/\/apimetrology.com\/de\/scanning-und-inspektion\/\",\"name\":\"Portable Messarme zum Scannen und Laserscanning-Systeme\",\"isPartOf\":{\"@id\":\"https:\/\/apimetrology.com\/de\/#website\"},\"datePublished\":\"2020-10-12T14:57:19+00:00\",\"dateModified\":\"2024-09-16T19:29:41+00:00\",\"description\":\"Messarme zum Scannen oder Tasten. Automatisiertes Scannen am Roboter. 3D-Laser Scanner HemiScan.\",\"breadcrumb\":{\"@id\":\"https:\/\/apimetrology.com\/de\/scanning-und-inspektion\/#breadcrumb\"},\"inLanguage\":\"de-DE\",\"potentialAction\":[{\"@type\":\"ReadAction\",\"target\":[\"https:\/\/apimetrology.com\/de\/scanning-und-inspektion\/\"]}]},{\"@type\":\"BreadcrumbList\",\"@id\":\"https:\/\/apimetrology.com\/de\/scanning-und-inspektion\/#breadcrumb\",\"itemListElement\":[{\"@type\":\"ListItem\",\"position\":1,\"name\":\"Home\",\"item\":\"https:\/\/apimetrology.com\/de\/\"},{\"@type\":\"ListItem\",\"position\":2,\"name\":\"Scanning und Inspektion\"}]},{\"@type\":\"WebSite\",\"@id\":\"https:\/\/apimetrology.com\/de\/#website\",\"url\":\"https:\/\/apimetrology.com\/de\/\",\"name\":\"API Metrology\",\"description\":\"Laser Tracker, Machine Tool and Robot Calibration Equipment Supplier\",\"publisher\":{\"@id\":\"https:\/\/apimetrology.com\/de\/#organization\"},\"potentialAction\":[{\"@type\":\"SearchAction\",\"target\":{\"@type\":\"EntryPoint\",\"urlTemplate\":\"https:\/\/apimetrology.com\/de\/?s={search_term_string}\"},\"query-input\":{\"@type\":\"PropertyValueSpecification\",\"valueRequired\":true,\"valueName\":\"search_term_string\"}}],\"inLanguage\":\"de-DE\"},{\"@type\":\"Organization\",\"@id\":\"https:\/\/apimetrology.com\/de\/#organization\",\"name\":\"API Metrology\",\"url\":\"https:\/\/apimetrology.com\/de\/\",\"logo\":{\"@type\":\"ImageObject\",\"inLanguage\":\"de-DE\",\"@id\":\"https:\/\/apimetrology.com\/de\/#\/schema\/logo\/image\/\",\"url\":\"https:\/\/apimetrology.com\/wp-content\/uploads\/2018\/11\/API-logo.png\",\"contentUrl\":\"https:\/\/apimetrology.com\/wp-content\/uploads\/2018\/11\/API-logo.png\",\"width\":1080,\"height\":699,\"caption\":\"API Metrology\"},\"image\":{\"@id\":\"https:\/\/apimetrology.com\/de\/#\/schema\/logo\/image\/\"},\"sameAs\":[\"https:\/\/www.facebook.com\/apimetrology\/\",\"https:\/\/www.linkedin.com\/company\/apimetrology\/\",\"https:\/\/www.youtube.com\/@AutomatedPrecision\"]}]}<\/script>\n<!-- \/ Yoast SEO Premium plugin. -->","yoast_head_json":{"title":"Portable Messarme zum Scannen und Laserscanning-Systeme","description":"Messarme zum Scannen oder Tasten. Automatisiertes Scannen am Roboter. 3D-Laser Scanner HemiScan.","robots":{"index":"index","follow":"follow","max-snippet":"max-snippet:-1","max-image-preview":"max-image-preview:large","max-video-preview":"max-video-preview:-1"},"canonical":"https:\/\/apimetrology.com\/de\/scanning-und-inspektion\/","og_locale":"de_DE","og_type":"article","og_title":"Scanning und Inspektion","og_description":"Messarme zum Scannen oder Tasten. Automatisiertes Scannen am Roboter. 3D-Laser Scanner HemiScan.","og_url":"https:\/\/apimetrology.com\/de\/scanning-und-inspektion\/","og_site_name":"API Metrology","article_publisher":"https:\/\/www.facebook.com\/apimetrology\/","article_modified_time":"2024-09-16T19:29:41+00:00","og_image":[{"width":250,"height":139,"url":"https:\/\/apimetrology.com\/wp-content\/uploads\/2023\/02\/image.png","type":"image\/png"}],"twitter_card":"summary_large_image","twitter_misc":{"Gesch\u00e4tzte Lesezeit":"2 Minuten"},"schema":{"@context":"https:\/\/schema.org","@graph":[{"@type":"WebPage","@id":"https:\/\/apimetrology.com\/de\/scanning-und-inspektion\/","url":"https:\/\/apimetrology.com\/de\/scanning-und-inspektion\/","name":"Portable Messarme zum Scannen und Laserscanning-Systeme","isPartOf":{"@id":"https:\/\/apimetrology.com\/de\/#website"},"datePublished":"2020-10-12T14:57:19+00:00","dateModified":"2024-09-16T19:29:41+00:00","description":"Messarme zum Scannen oder Tasten. Automatisiertes Scannen am Roboter. 3D-Laser Scanner HemiScan.","breadcrumb":{"@id":"https:\/\/apimetrology.com\/de\/scanning-und-inspektion\/#breadcrumb"},"inLanguage":"de-DE","potentialAction":[{"@type":"ReadAction","target":["https:\/\/apimetrology.com\/de\/scanning-und-inspektion\/"]}]},{"@type":"BreadcrumbList","@id":"https:\/\/apimetrology.com\/de\/scanning-und-inspektion\/#breadcrumb","itemListElement":[{"@type":"ListItem","position":1,"name":"Home","item":"https:\/\/apimetrology.com\/de\/"},{"@type":"ListItem","position":2,"name":"Scanning und Inspektion"}]},{"@type":"WebSite","@id":"https:\/\/apimetrology.com\/de\/#website","url":"https:\/\/apimetrology.com\/de\/","name":"API Metrology","description":"Laser Tracker, Machine Tool and Robot Calibration Equipment Supplier","publisher":{"@id":"https:\/\/apimetrology.com\/de\/#organization"},"potentialAction":[{"@type":"SearchAction","target":{"@type":"EntryPoint","urlTemplate":"https:\/\/apimetrology.com\/de\/?s={search_term_string}"},"query-input":{"@type":"PropertyValueSpecification","valueRequired":true,"valueName":"search_term_string"}}],"inLanguage":"de-DE"},{"@type":"Organization","@id":"https:\/\/apimetrology.com\/de\/#organization","name":"API Metrology","url":"https:\/\/apimetrology.com\/de\/","logo":{"@type":"ImageObject","inLanguage":"de-DE","@id":"https:\/\/apimetrology.com\/de\/#\/schema\/logo\/image\/","url":"https:\/\/apimetrology.com\/wp-content\/uploads\/2018\/11\/API-logo.png","contentUrl":"https:\/\/apimetrology.com\/wp-content\/uploads\/2018\/11\/API-logo.png","width":1080,"height":699,"caption":"API Metrology"},"image":{"@id":"https:\/\/apimetrology.com\/de\/#\/schema\/logo\/image\/"},"sameAs":["https:\/\/www.facebook.com\/apimetrology\/","https:\/\/www.linkedin.com\/company\/apimetrology\/","https:\/\/www.youtube.com\/@AutomatedPrecision"]}]}},"_links":{"self":[{"href":"https:\/\/apimetrology.com\/de\/wp-json\/wp\/v2\/pages\/8568","targetHints":{"allow":["GET"]}}],"collection":[{"href":"https:\/\/apimetrology.com\/de\/wp-json\/wp\/v2\/pages"}],"about":[{"href":"https:\/\/apimetrology.com\/de\/wp-json\/wp\/v2\/types\/page"}],"author":[{"embeddable":true,"href":"https:\/\/apimetrology.com\/de\/wp-json\/wp\/v2\/users\/18"}],"replies":[{"embeddable":true,"href":"https:\/\/apimetrology.com\/de\/wp-json\/wp\/v2\/comments?post=8568"}],"version-history":[{"count":0,"href":"https:\/\/apimetrology.com\/de\/wp-json\/wp\/v2\/pages\/8568\/revisions"}],"wp:attachment":[{"href":"https:\/\/apimetrology.com\/de\/wp-json\/wp\/v2\/media?parent=8568"}],"curies":[{"name":"wp","href":"https:\/\/api.w.org\/{rel}","templated":true}]}}