{"id":8884,"date":"2020-10-28T15:35:40","date_gmt":"2020-10-28T19:35:40","guid":{"rendered":"https:\/\/apimetrology.com\/?page_id=8884"},"modified":"2023-10-06T00:42:26","modified_gmt":"2023-10-06T04:42:26","slug":"branchen","status":"publish","type":"page","link":"https:\/\/apimetrology.com\/de\/branchen\/","title":{"rendered":"Branchen"},"content":{"rendered":"<p>[et_pb_section fb_built=&#8221;1&#8243; _builder_version=&#8221;4.16&#8243; _module_preset=&#8221;default&#8221; custom_padding=&#8221;4px||28px|||&#8221; global_colors_info=&#8221;{}&#8221;][et_pb_row _builder_version=&#8221;4.16&#8243; _module_preset=&#8221;default&#8221; global_colors_info=&#8221;{}&#8221;][et_pb_column type=&#8221;4_4&#8243; _builder_version=&#8221;4.16&#8243; _module_preset=&#8221;default&#8221; global_colors_info=&#8221;{}&#8221;][et_pb_text _builder_version=&#8221;4.21.0&#8243; _module_preset=&#8221;default&#8221; hover_enabled=&#8221;0&#8243; global_colors_info=&#8221;{}&#8221; sticky_enabled=&#8221;0&#8243;]<\/p>\n<h1>Branchen<\/h1>\n<p>[\/et_pb_text][\/et_pb_column][\/et_pb_row][et_pb_row _builder_version=&#8221;4.16&#8243; _module_preset=&#8221;default&#8221; custom_padding=&#8221;||9px|||&#8221; global_colors_info=&#8221;{}&#8221;][et_pb_column type=&#8221;4_4&#8243; _builder_version=&#8221;4.16&#8243; _module_preset=&#8221;default&#8221; global_colors_info=&#8221;{}&#8221;][et_pb_text _builder_version=&#8221;4.18.0&#8243; _module_preset=&#8221;default&#8221; global_colors_info=&#8221;{}&#8221;]<\/p>\n<p>API Measurement Services sind weltweit in allen Fertigungsindustrien mit spezifischen Mess- und Kalibrierungsl\u00f6sungen pro Branche t\u00e4tig. API-Kalibrierungsger\u00e4te und \u2011services helfen bei der Verbesserung der Fertigungsprozesse durch die Kalibrierung von Werkzeugmaschinen und die Verbesserung der Genauigkeit von Industrierobotern, sowohl bei Erstausr\u00fcstern als auch bei Endanwendern.<\/p>\n<p>API-Vertragsinspektionsservices bieten Prototypen, Erstartikel, Produktionsmessungen und ein Portfolio von Reverse Engineering\u2011, Laserscan- und Modellierungsservices vor Ort. API Laser Tracker Inspektion, Ausrichtung und Messdienste, zusammen mit Tracker-Verleihprogramme, sind im Bau neuer Fertigungsanlagen aktiv, ob im Zusammenhang mit dem Bau von Bauleistungen, der Installation von Ausr\u00fcstungen oder der Unterst\u00fctzung der Vorproduktion von Produktprodukten.<\/p>\n<p>[\/et_pb_text][\/et_pb_column][\/et_pb_row][\/et_pb_section][et_pb_section fb_built=&#8221;1&#8243; _builder_version=&#8221;4.16&#8243; _module_preset=&#8221;default&#8221; custom_padding=&#8221;8px|||||&#8221; global_colors_info=&#8221;{}&#8221;][et_pb_row column_structure=&#8221;1_3,1_3,1_3&#8243; module_class=&#8221;four-columns&#8221; _builder_version=&#8221;4.16&#8243; _module_preset=&#8221;default&#8221; custom_padding=&#8221;12px|||||&#8221; custom_css_main_element=&#8221;display: flex;&#8221; global_colors_info=&#8221;{}&#8221;][et_pb_column type=&#8221;1_3&#8243; _builder_version=&#8221;4.16&#8243; _module_preset=&#8221;default&#8221; global_colors_info=&#8221;{}&#8221;][et_pb_image src=&#8221;https:\/\/apimetrology.com\/wp-content\/uploads\/2020\/11\/aerial-view-of-airport-airplane-taxiing-to-runway-H98QYJY-300&#215;200.jpg&#8221; title_text=&#8221;Luftaufnahme des Flughafens&#8221; _builder_version=&#8221;4.16&#8243; _module_preset=&#8221;default&#8221; global_colors_info=&#8221;{}&#8221;][\/et_pb_image][et_pb_text _builder_version=&#8221;4.16&#8243; _module_preset=&#8221;default&#8221; global_colors_info=&#8221;{}&#8221;]<\/p>\n<h3>Luftfahrt<\/h3>\n<p>API ist in der Branche der Lasertracker-Erfinder geboren. Heute bietet API Messkompetenz f\u00fcr die Durchf\u00fchrung komplexer Ausrichtungen und Messungen von Werkzeugen, Baugruppen und hochwertigen Bauteilen.<\/p>\n<p>[\/et_pb_text][\/et_pb_column][et_pb_column type=&#8221;1_3&#8243; _builder_version=&#8221;4.16&#8243; _module_preset=&#8221;default&#8221; global_colors_info=&#8221;{}&#8221;][et_pb_image src=&#8221;https:\/\/apimetrology.com\/wp-content\/uploads\/2018\/06\/robotic-car-manufacturing.jpg&#8221; alt=&#8221;Roboterkalibrierung in der Messtechnik&#8221; title_text=&#8221;Roboter-Auto-Fertigung&#8221; _builder_version=&#8221;4.16&#8243; _module_preset=&#8221;default&#8221; global_colors_info=&#8221;{}&#8221;][\/et_pb_image][et_pb_text _builder_version=&#8221;4.16&#8243; _module_preset=&#8221;default&#8221; global_colors_info=&#8221;{}&#8221;]<\/p>\n<h3>Automotive<\/h3>\n<p>API bietet dem Automobilsektor eine Reihe von Messdienstleistungen an, darunter Ausrichten der Ausr\u00fcstung, Roboterkalibrierung, Werkzeuginspektion, Prototypen\u2011, Erstartikel- und Produktionsmessungen.<\/p>\n<p>[\/et_pb_text][\/et_pb_column][et_pb_column type=&#8221;1_3&#8243; _builder_version=&#8221;4.16&#8243; _module_preset=&#8221;default&#8221; global_colors_info=&#8221;{}&#8221;][et_pb_image src=&#8221;https:\/\/apimetrology.com\/wp-content\/uploads\/2018\/10\/Energy.jpg&#8221; title_text=&#8221;Energie&#8221; _builder_version=&#8221;4.16&#8243; _module_preset=&#8221;default&#8221; global_colors_info=&#8221;{}&#8221;][\/et_pb_image][et_pb_text _builder_version=&#8221;4.16&#8243; _module_preset=&#8221;default&#8221; global_colors_info=&#8221;{}&#8221;]<\/p>\n<h3>Energie<\/h3>\n<p>API bietet Inspektion und Ausrichtung von Gas\u2011, Dampf\u2011, Wasser\u2011, Nuklear- und Windkraftanlagen sowie Beratungsdienste f\u00fcr die Ausrichtung von Energieerzeugungsunternehmen auf der ganzen Welt.<\/p>\n<p>[\/et_pb_text][\/et_pb_column][\/et_pb_row][et_pb_row column_structure=&#8221;1_3,1_3,1_3&#8243; _builder_version=&#8221;4.16&#8243; _module_preset=&#8221;default&#8221; global_colors_info=&#8221;{}&#8221;][et_pb_column type=&#8221;1_3&#8243; _builder_version=&#8221;4.16&#8243; _module_preset=&#8221;default&#8221; global_colors_info=&#8221;{}&#8221;][et_pb_image src=&#8221;https:\/\/apimetrology.com\/wp-content\/uploads\/2018\/10\/Heavy-Machinery.jpg&#8221; title_text=&#8221;Schwermaschinen&#8221; _builder_version=&#8221;4.16&#8243; _module_preset=&#8221;default&#8221; global_colors_info=&#8221;{}&#8221;][\/et_pb_image][et_pb_text _builder_version=&#8221;4.16&#8243; _module_preset=&#8221;default&#8221; global_colors_info=&#8221;{}&#8221;]<\/p>\n<h3>Schwermaschinen<\/h3>\n<p>API bietet Herstellern von Schwermaschinen Lasertracker-Messdienstleistungen f\u00fcr gro\u00dfe Fabrikationen und Baugruppen sowie Kalibrierungen f\u00fcr gro\u00dfe CNC-Werkzeugmaschinen.<\/p>\n<p>[\/et_pb_text][\/et_pb_column][et_pb_column type=&#8221;1_3&#8243; _builder_version=&#8221;4.16&#8243; _module_preset=&#8221;default&#8221; global_colors_info=&#8221;{}&#8221;][et_pb_image src=&#8221;https:\/\/apimetrology.com\/wp-content\/uploads\/2018\/10\/heavy-machinery-400&#215;250.jpg&#8221; title_text=&#8221;schwere Maschinen-400&#215;250&#8243; _builder_version=&#8221;4.16&#8243; _module_preset=&#8221;default&#8221; global_colors_info=&#8221;{}&#8221;][\/et_pb_image][et_pb_text _builder_version=&#8221;4.16&#8243; _module_preset=&#8221;default&#8221; global_colors_info=&#8221;{}&#8221;]<\/p>\n<h3>Produktion<\/h3>\n<p>Das umfassende Portfolio an Diagnose\u2011, Ausricht- und Kalibrierungsservices f\u00fcr Werkzeugmaschinen von API stellt sicher, dass die Fertigungsanlagen und deren Prozesse unter Kontrolle bleiben und qualitativ hochwertige Produkte liefern.<\/p>\n<p>[\/et_pb_text][\/et_pb_column][et_pb_column type=&#8221;1_3&#8243; _builder_version=&#8221;4.16&#8243; _module_preset=&#8221;default&#8221; global_colors_info=&#8221;{}&#8221;][et_pb_image src=&#8221;https:\/\/apimetrology.com\/wp-content\/uploads\/2015\/02\/ng_SS-53REV-2-10-06-06-FIN.jpg&#8221; alt=&#8221;Messtechnik f\u00fcr den Schiffbau&#8221; title_text=&#8221;Schiffbau&#8221; _builder_version=&#8221;4.16&#8243; _module_preset=&#8221;default&#8221; global_colors_info=&#8221;{}&#8221;][\/et_pb_image][et_pb_text _builder_version=&#8221;4.16&#8243; _module_preset=&#8221;default&#8221; global_colors_info=&#8221;{}&#8221;]<\/p>\n<h3>Milit\u00e4r &amp; Verteidigung<\/h3>\n<p>API verf\u00fcgt \u00fcber umfangreiche Erfahrung in der Verwaltung vertraulicher Vertr\u00e4ge, die ein Portfolio von Mess\u2011, Ausrichtungs- und Kalibrierungsdienstleistungen f\u00fcr diesen sensiblen und kritischen Fertigungssektor anbieten.<\/p>\n<p>[\/et_pb_text][\/et_pb_column][\/et_pb_row][et_pb_row column_structure=&#8221;1_3,1_3,1_3&#8243; _builder_version=&#8221;4.16&#8243; _module_preset=&#8221;default&#8221; global_colors_info=&#8221;{}&#8221;][et_pb_column type=&#8221;1_3&#8243; _builder_version=&#8221;4.16&#8243; _module_preset=&#8221;default&#8221; global_colors_info=&#8221;{}&#8221;][et_pb_image src=&#8221;https:\/\/apimetrology.com\/wp-content\/uploads\/2018\/10\/transportation-1.jpg&#8221; title_text=&#8221;Transport-1&#8243; _builder_version=&#8221;4.16&#8243; _module_preset=&#8221;default&#8221; global_colors_info=&#8221;{}&#8221;][\/et_pb_image][et_pb_text _builder_version=&#8221;4.16&#8243; _module_preset=&#8221;default&#8221; global_colors_info=&#8221;{}&#8221;]<\/p>\n<h3>Logistik<\/h3>\n<p>F\u00fcr die mit dem Schienen- und kommerziellen Schiffbau verbundenen Sektoren mit geringerem Produktionsvolumen bietet API ein Portfolio von Mess\u2011, Ausrichtungs- und Kalibrierungsdienstleistungen an.<\/p>\n<p>[\/et_pb_text][\/et_pb_column][et_pb_column type=&#8221;1_3&#8243; _builder_version=&#8221;4.16&#8243; _module_preset=&#8221;default&#8221; global_colors_info=&#8221;{}&#8221;][et_pb_image src=&#8221;https:\/\/apimetrology.com\/wp-content\/uploads\/2018\/10\/Machine-Tools.jpg&#8221; title_text=&#8221;Werkzeugmaschinen&#8221; _builder_version=&#8221;4.16&#8243; _module_preset=&#8221;default&#8221; global_colors_info=&#8221;{}&#8221;][\/et_pb_image][et_pb_text _builder_version=&#8221;4.16&#8243; _module_preset=&#8221;default&#8221; global_colors_info=&#8221;{}&#8221;]<\/p>\n<h3>Werkzeugmaschinen<\/h3>\n<p>API bietet Werkzeugmaschinenherstellern eine Reihe von Produkten und Dienstleistungen f\u00fcr die Kalibrierung von Werkzeugmaschinen an, darunter Laserinterferometer, Kugelstange, Spindelanalysator und Swivel-Check.<\/p>\n<p>[\/et_pb_text][\/et_pb_column][et_pb_column type=&#8221;1_3&#8243; _builder_version=&#8221;4.16&#8243; _module_preset=&#8221;default&#8221; global_colors_info=&#8221;{}&#8221;][et_pb_image src=&#8221;https:\/\/apimetrology.com\/wp-content\/uploads\/2018\/10\/robotic-car-manufacturing.jpg&#8221; title_text=&#8221;Roboter-Auto-Fertigung&#8221; _builder_version=&#8221;4.16&#8243; _module_preset=&#8221;default&#8221; custom_margin=&#8221;||9px|||&#8221; global_colors_info=&#8221;{}&#8221;][\/et_pb_image][et_pb_text _builder_version=&#8221;4.16&#8243; _module_preset=&#8221;default&#8221; global_colors_info=&#8221;{}&#8221;]<\/p>\n<h3>Roboter<\/h3>\n<p>API-Software und \u2011Services zur \u00dcberpr\u00fcfung und Kalibrierung der Genauigkeit von Industrierobotern k\u00f6nnen vor Ort ausgef\u00fchrt werden, um das Abfahren der Ger\u00e4te zu unterst\u00fctzen oder die Genauigkeit der installierten Roboterleistung zu verbessern.<\/p>\n<p>[\/et_pb_text][\/et_pb_column][\/et_pb_row][\/et_pb_section]<\/p>\n","protected":false},"excerpt":{"rendered":"<p>BranchenAPI Measurement Services sind weltweit in allen Fertigungsindustrien mit spezifischen Mess- und Kalibrierungsl\u00f6sungen pro Branche t\u00e4tig. API-Kalibrierungsger\u00e4te und \u2011services helfen bei der Verbesserung der Fertigungsprozesse durch die Kalibrierung von Werkzeugmaschinen und die Verbesserung der Genauigkeit von Industrierobotern, sowohl bei Erstausr\u00fcstern als auch bei Endanwendern. API-Vertragsinspektionsservices bieten Prototypen, Erstartikel, Produktionsmessungen und ein Portfolio von Reverse Engineering\u2011, [&hellip;]<\/p>\n","protected":false},"author":18,"featured_media":0,"parent":0,"menu_order":0,"comment_status":"closed","ping_status":"closed","template":"","meta":{"_et_pb_use_builder":"on","_et_pb_old_content":"","_et_gb_content_width":"","footnotes":""},"class_list":["post-8884","page","type-page","status-publish","hentry"],"featured_image_src":null,"yoast_head":"<!-- This site is optimized with the Yoast SEO Premium plugin v26.3 (Yoast SEO v27.1.1) - https:\/\/yoast.com\/product\/yoast-seo-premium-wordpress\/ -->\n<title>Branchen - API Metrology<\/title>\n<meta name=\"robots\" content=\"index, follow, max-snippet:-1, max-image-preview:large, max-video-preview:-1\" \/>\n<link rel=\"canonical\" href=\"https:\/\/apimetrology.com\/de\/branchen\/\" \/>\n<meta property=\"og:locale\" content=\"de_DE\" \/>\n<meta property=\"og:type\" content=\"article\" \/>\n<meta property=\"og:title\" content=\"Branchen\" \/>\n<meta property=\"og:description\" content=\"BranchenAPI Measurement Services sind weltweit in allen Fertigungsindustrien mit spezifischen Mess- und Kalibrierungsl\u00f6sungen pro Branche t\u00e4tig. API-Kalibrierungsger\u00e4te und \u2011services helfen bei der Verbesserung der Fertigungsprozesse durch die Kalibrierung von Werkzeugmaschinen und die Verbesserung der Genauigkeit von Industrierobotern, sowohl bei Erstausr\u00fcstern als auch bei Endanwendern. API-Vertragsinspektionsservices bieten Prototypen, Erstartikel, Produktionsmessungen und ein Portfolio von Reverse Engineering\u2011, [&hellip;]\" \/>\n<meta property=\"og:url\" content=\"https:\/\/apimetrology.com\/de\/branchen\/\" \/>\n<meta property=\"og:site_name\" content=\"API Metrology\" \/>\n<meta property=\"article:publisher\" content=\"https:\/\/www.facebook.com\/apimetrology\/\" \/>\n<meta property=\"article:modified_time\" content=\"2023-10-06T04:42:26+00:00\" \/>\n<meta property=\"og:image\" content=\"https:\/\/apimetrology.com\/wp-content\/uploads\/2023\/02\/image.png\" \/>\n\t<meta property=\"og:image:width\" content=\"250\" \/>\n\t<meta property=\"og:image:height\" content=\"139\" \/>\n\t<meta property=\"og:image:type\" content=\"image\/png\" \/>\n<meta name=\"twitter:card\" content=\"summary_large_image\" \/>\n<meta name=\"twitter:label1\" content=\"Gesch\u00e4tzte Lesezeit\" \/>\n\t<meta name=\"twitter:data1\" content=\"3 Minuten\" \/>\n<script type=\"application\/ld+json\" class=\"yoast-schema-graph\">{\"@context\":\"https:\/\/schema.org\",\"@graph\":[{\"@type\":\"WebPage\",\"@id\":\"https:\/\/apimetrology.com\/de\/branchen\/\",\"url\":\"https:\/\/apimetrology.com\/de\/branchen\/\",\"name\":\"Branchen - API Metrology\",\"isPartOf\":{\"@id\":\"https:\/\/apimetrology.com\/de\/#website\"},\"datePublished\":\"2020-10-28T19:35:40+00:00\",\"dateModified\":\"2023-10-06T04:42:26+00:00\",\"breadcrumb\":{\"@id\":\"https:\/\/apimetrology.com\/de\/branchen\/#breadcrumb\"},\"inLanguage\":\"de-DE\",\"potentialAction\":[{\"@type\":\"ReadAction\",\"target\":[\"https:\/\/apimetrology.com\/de\/branchen\/\"]}]},{\"@type\":\"BreadcrumbList\",\"@id\":\"https:\/\/apimetrology.com\/de\/branchen\/#breadcrumb\",\"itemListElement\":[{\"@type\":\"ListItem\",\"position\":1,\"name\":\"Home\",\"item\":\"https:\/\/apimetrology.com\/de\/\"},{\"@type\":\"ListItem\",\"position\":2,\"name\":\"Branchen\"}]},{\"@type\":\"WebSite\",\"@id\":\"https:\/\/apimetrology.com\/de\/#website\",\"url\":\"https:\/\/apimetrology.com\/de\/\",\"name\":\"API Metrology\",\"description\":\"Laser Tracker, Machine Tool and Robot Calibration Equipment Supplier\",\"publisher\":{\"@id\":\"https:\/\/apimetrology.com\/de\/#organization\"},\"potentialAction\":[{\"@type\":\"SearchAction\",\"target\":{\"@type\":\"EntryPoint\",\"urlTemplate\":\"https:\/\/apimetrology.com\/de\/?s={search_term_string}\"},\"query-input\":{\"@type\":\"PropertyValueSpecification\",\"valueRequired\":true,\"valueName\":\"search_term_string\"}}],\"inLanguage\":\"de-DE\"},{\"@type\":\"Organization\",\"@id\":\"https:\/\/apimetrology.com\/de\/#organization\",\"name\":\"API Metrology\",\"url\":\"https:\/\/apimetrology.com\/de\/\",\"logo\":{\"@type\":\"ImageObject\",\"inLanguage\":\"de-DE\",\"@id\":\"https:\/\/apimetrology.com\/de\/#\/schema\/logo\/image\/\",\"url\":\"https:\/\/apimetrology.com\/wp-content\/uploads\/2018\/11\/API-logo.png\",\"contentUrl\":\"https:\/\/apimetrology.com\/wp-content\/uploads\/2018\/11\/API-logo.png\",\"width\":1080,\"height\":699,\"caption\":\"API Metrology\"},\"image\":{\"@id\":\"https:\/\/apimetrology.com\/de\/#\/schema\/logo\/image\/\"},\"sameAs\":[\"https:\/\/www.facebook.com\/apimetrology\/\",\"https:\/\/www.linkedin.com\/company\/apimetrology\/\",\"https:\/\/www.youtube.com\/@AutomatedPrecision\"]}]}<\/script>\n<!-- \/ Yoast SEO Premium plugin. -->","yoast_head_json":{"title":"Branchen - API Metrology","robots":{"index":"index","follow":"follow","max-snippet":"max-snippet:-1","max-image-preview":"max-image-preview:large","max-video-preview":"max-video-preview:-1"},"canonical":"https:\/\/apimetrology.com\/de\/branchen\/","og_locale":"de_DE","og_type":"article","og_title":"Branchen","og_description":"BranchenAPI Measurement Services sind weltweit in allen Fertigungsindustrien mit spezifischen Mess- und Kalibrierungsl\u00f6sungen pro Branche t\u00e4tig. API-Kalibrierungsger\u00e4te und \u2011services helfen bei der Verbesserung der Fertigungsprozesse durch die Kalibrierung von Werkzeugmaschinen und die Verbesserung der Genauigkeit von Industrierobotern, sowohl bei Erstausr\u00fcstern als auch bei Endanwendern. API-Vertragsinspektionsservices bieten Prototypen, Erstartikel, Produktionsmessungen und ein Portfolio von Reverse Engineering\u2011, [&hellip;]","og_url":"https:\/\/apimetrology.com\/de\/branchen\/","og_site_name":"API Metrology","article_publisher":"https:\/\/www.facebook.com\/apimetrology\/","article_modified_time":"2023-10-06T04:42:26+00:00","og_image":[{"width":250,"height":139,"url":"https:\/\/apimetrology.com\/wp-content\/uploads\/2023\/02\/image.png","type":"image\/png"}],"twitter_card":"summary_large_image","twitter_misc":{"Gesch\u00e4tzte Lesezeit":"3 Minuten"},"schema":{"@context":"https:\/\/schema.org","@graph":[{"@type":"WebPage","@id":"https:\/\/apimetrology.com\/de\/branchen\/","url":"https:\/\/apimetrology.com\/de\/branchen\/","name":"Branchen - API Metrology","isPartOf":{"@id":"https:\/\/apimetrology.com\/de\/#website"},"datePublished":"2020-10-28T19:35:40+00:00","dateModified":"2023-10-06T04:42:26+00:00","breadcrumb":{"@id":"https:\/\/apimetrology.com\/de\/branchen\/#breadcrumb"},"inLanguage":"de-DE","potentialAction":[{"@type":"ReadAction","target":["https:\/\/apimetrology.com\/de\/branchen\/"]}]},{"@type":"BreadcrumbList","@id":"https:\/\/apimetrology.com\/de\/branchen\/#breadcrumb","itemListElement":[{"@type":"ListItem","position":1,"name":"Home","item":"https:\/\/apimetrology.com\/de\/"},{"@type":"ListItem","position":2,"name":"Branchen"}]},{"@type":"WebSite","@id":"https:\/\/apimetrology.com\/de\/#website","url":"https:\/\/apimetrology.com\/de\/","name":"API Metrology","description":"Laser Tracker, Machine Tool and Robot Calibration Equipment Supplier","publisher":{"@id":"https:\/\/apimetrology.com\/de\/#organization"},"potentialAction":[{"@type":"SearchAction","target":{"@type":"EntryPoint","urlTemplate":"https:\/\/apimetrology.com\/de\/?s={search_term_string}"},"query-input":{"@type":"PropertyValueSpecification","valueRequired":true,"valueName":"search_term_string"}}],"inLanguage":"de-DE"},{"@type":"Organization","@id":"https:\/\/apimetrology.com\/de\/#organization","name":"API Metrology","url":"https:\/\/apimetrology.com\/de\/","logo":{"@type":"ImageObject","inLanguage":"de-DE","@id":"https:\/\/apimetrology.com\/de\/#\/schema\/logo\/image\/","url":"https:\/\/apimetrology.com\/wp-content\/uploads\/2018\/11\/API-logo.png","contentUrl":"https:\/\/apimetrology.com\/wp-content\/uploads\/2018\/11\/API-logo.png","width":1080,"height":699,"caption":"API Metrology"},"image":{"@id":"https:\/\/apimetrology.com\/de\/#\/schema\/logo\/image\/"},"sameAs":["https:\/\/www.facebook.com\/apimetrology\/","https:\/\/www.linkedin.com\/company\/apimetrology\/","https:\/\/www.youtube.com\/@AutomatedPrecision"]}]}},"_links":{"self":[{"href":"https:\/\/apimetrology.com\/de\/wp-json\/wp\/v2\/pages\/8884","targetHints":{"allow":["GET"]}}],"collection":[{"href":"https:\/\/apimetrology.com\/de\/wp-json\/wp\/v2\/pages"}],"about":[{"href":"https:\/\/apimetrology.com\/de\/wp-json\/wp\/v2\/types\/page"}],"author":[{"embeddable":true,"href":"https:\/\/apimetrology.com\/de\/wp-json\/wp\/v2\/users\/18"}],"replies":[{"embeddable":true,"href":"https:\/\/apimetrology.com\/de\/wp-json\/wp\/v2\/comments?post=8884"}],"version-history":[{"count":0,"href":"https:\/\/apimetrology.com\/de\/wp-json\/wp\/v2\/pages\/8884\/revisions"}],"wp:attachment":[{"href":"https:\/\/apimetrology.com\/de\/wp-json\/wp\/v2\/media?parent=8884"}],"curies":[{"name":"wp","href":"https:\/\/api.w.org\/{rel}","templated":true}]}}