{"id":9082,"date":"2020-10-29T16:49:42","date_gmt":"2020-10-29T20:49:42","guid":{"rendered":"https:\/\/apimetrology.com\/?page_id=9082"},"modified":"2021-05-13T10:57:57","modified_gmt":"2021-05-13T14:57:57","slug":"vprobe-handel-in-promo","status":"publish","type":"page","link":"https:\/\/apimetrology.com\/de\/vprobe-handel-in-promo\/","title":{"rendered":"vProbe Handel in Promo"},"content":{"rendered":"<p>[et_pb_section admin_label=&#8221;section&#8221;]<br \/>\n\t\t\t[et_pb_row admin_label=&#8221;row&#8221;]<br \/>\n\t\t\t\t[et_pb_column type=&#8221;4_4&#8243;][et_pb_text admin_label=&#8221;Text&#8221;]<\/p>\n\n<div class=\"wp-block-genesis-blocks-gb-columns gb-layout-columns-2 gb-2-col-wideleft\"><div class=\"gb-layout-column-wrap gb-block-layout-column-gap-2 gb-is-responsive-column\">\n<div class=\"wp-block-genesis-blocks-gb-column gb-block-layout-column\"><div class=\"gb-block-layout-column-inner\">\n<div style=\"height:68px\" aria-hidden=\"true\" class=\"wp-block-spacer\"><\/div>\n\n\n\n<p class=\"has-large-font-size\"><p><strong>vProbe \u2013 Alt gegen Neu: Tauschen Sie Ihre alte vProbe f\u00fcr mehr Messfreiheit ein!<\/strong><\/p><\/p>\n\n\n\n<p class=\"has-medium-font-size\">Die vProbe ist die neueste und beste Probing L\u00f6sung. Sie kann Bauteile jedes Volumens in der Produktion mit einer Genauigkeit auf KMG-Niveau vermessen. <\/p>\n\n\n\n<p class=\"has-medium-font-size\"><p><strong>Was steckt in der neuen und verbesserten vProbe?<\/strong><\/p><\/p>\n\n\n<div style=\"padding-left: 1.6em; text-align: left; --ub-list-item-icon-top: 3px;; --ub-list-item-icon-size: 1.4em; --ub-list-item-background-image: url('data:image\/svg+xml;utf8,&lt;svg xmlns=&quot;http:\/\/www.w3.org\/2000\/svg&quot; viewBox=&quot;0 0 512 512&quot;&gt;&lt;path fill=&quot;%2300d084&quot; d=&quot;M470.6 105.4c12.5 12.5 12.5 32.8 0 45.3l-256 256c-12.5 12.5-32.8 12.5-45.3 0l-128-128c-12.5-12.5-12.5-32.8 0-45.3s32.8-12.5 45.3 0L192 338.7 425.4 105.4c12.5-12.5 32.8-12.5 45.3 0z&quot;&gt;&lt;\/path&gt;&lt;\/svg&gt;'); --ub-list-item-fa-li-top: 3px; \" class=\"wp-block-ub-styled-list ub_styled_list_sublist\" id=\"ub_styled_list-b136517e-2d56-44a7-8997-587a4f9a5da7\"><ul class=\"fa-ul\"><li>Smaller and Lighter (weighing just .68kg)<\/li><li>Faster and more responsive (now operating at 100hz)<\/li><li>Horizontal and vertical RFID-stylus mounting locations<\/li><li>Programmable Smart Buttons<\/li><li>Complete 360-degree rotational capture<\/li><li>6-8 hours of measuring life per battery<\/li><\/ul><\/div>\n\n\n<p class=\"has-medium-font-size\"><p><strong>Bestellen Sie noch heute eine neue vProbe und tauschen Sie Ihre vorhandene vProbe, um bis zu 20% Rabatt zu erhalten.<\/strong><\/p><\/p>\n\n\n\n<p style=\"font-size:17px\">Die kabellose vProbe hat eine Reichweite von bis zu 80 m zum Tracker, RFID-Smart Buttons und Tasterl\u00e4ngen von bis zu 500 mm L\u00e4nge, die einen Messradius von bis zu einem vollen Meter erm\u00f6glichen.<\/p>\n\n\n\n<p style=\"font-size:17px\">Die vProbe eignet sich ideal f\u00fcr Anwendungen in den Bereichen Bauteilinspektion, Messung von Bohrungen, Qualit\u00e4tskontrolle, Vorrichtungs- und Werkzeuginspektion, Reverse Engineering, Oberfl\u00e4chen scannen und vielen anderen Pr\u00e4zisionsmessungen.<\/p>\n\n\n\n<p>*Preis und Promotion k\u00f6nnen je nach Region variieren. Angebot befristet bis zum 31.12.2020.<\/p>\n\n\n\n<p><\/p>\n\n\n\n<p><\/p>\n\n\n\n<p>F\u00fcllen Sie das Formular aus, um einen API-Vertriebsmitarbeiter mit weiteren Informationen zu dieser Promo kontaktieren zu lassen.<\/p>\n<\/div><\/div>\n\n\n\n<div class=\"wp-block-genesis-blocks-gb-column gb-block-layout-column\"><div class=\"gb-block-layout-column-inner\">\n<figure class=\"wp-block-image size-large\"><img decoding=\"async\" data-src=\"https:\/\/apimetrology.com\/wp-content\/uploads\/2020\/09\/vProbe-2020-Isolated_Left_Quarter-View-web.png\" alt=\"\" class=\"wp-image-8157 lazyload\" src=\"data:image\/svg+xml;base64,PHN2ZyB3aWR0aD0iMSIgaGVpZ2h0PSIxIiB4bWxucz0iaHR0cDovL3d3dy53My5vcmcvMjAwMC9zdmciPjwvc3ZnPg==\" style=\"--smush-placeholder-width: 352px; --smush-placeholder-aspect-ratio: 352\/900;\" \/><\/figure><\/div><\/div>\n<\/div><\/div>\n<div class=\"wpforms-container wpforms-container-full wpforms-block\" id=\"wpforms-8285\"><form id=\"wpforms-form-8285\" class=\"wpforms-validate wpforms-form\" data-formid=\"8285\" method=\"post\" enctype=\"multipart\/form-data\" action=\"\/de\/wp-json\/wp\/v2\/pages\/9082\" data-token=\"16f866a800f1470ab73036764a9858d5\" data-token-time=\"1777644580\"><noscript class=\"wpforms-error-noscript\">Bitte aktiviere JavaScript in deinem Browser, um dieses Formular fertigzustellen.<\/noscript><div class=\"wpforms-field-container\"><div id=\"wpforms-8285-field_0-container\" class=\"wpforms-field wpforms-field-name\" data-field-id=\"0\"><label class=\"wpforms-field-label\" for=\"wpforms-8285-field_0\">Name <span class=\"wpforms-required-label\">*<\/span><\/label><input type=\"text\" id=\"wpforms-8285-field_0\" class=\"wpforms-field-medium wpforms-field-required\" name=\"wpforms[fields][0]\" required><\/div><div id=\"wpforms-8285-field_8-container\" class=\"wpforms-field wpforms-field-text\" data-field-id=\"8\"><label class=\"wpforms-field-label\" for=\"wpforms-8285-field_8\">Unternehmen<\/label><input type=\"text\" id=\"wpforms-8285-field_8\" class=\"wpforms-field-medium\" name=\"wpforms[fields][8]\" ><\/div><div id=\"wpforms-8285-field_1-container\" class=\"wpforms-field wpforms-field-email\" data-field-id=\"1\"><label class=\"wpforms-field-label\" for=\"wpforms-8285-field_1\">E-Mail <span class=\"wpforms-required-label\">*<\/span><\/label><input type=\"email\" id=\"wpforms-8285-field_1\" class=\"wpforms-field-medium wpforms-field-required\" name=\"wpforms[fields][1]\" spellcheck=\"false\" required><\/div><div id=\"wpforms-8285-field_16-container\" class=\"wpforms-field wpforms-field-select wpforms-conditional-trigger wpforms-field-select-style-classic\" data-field-id=\"16\"><label class=\"wpforms-field-label\" for=\"wpforms-8285-field_16\">Region <span class=\"wpforms-required-label\">*<\/span><\/label><select id=\"wpforms-8285-field_16\" class=\"wpforms-field-medium wpforms-field-required\" name=\"wpforms[fields][16]\" required=\"required\"><option value=\"North America\"  class=\"choice-1 depth-1\"  >Nordamerika<\/option><option value=\"Europe\"  class=\"choice-3 depth-1\"  >Europa<\/option><option value=\"China\"  class=\"choice-5 depth-1\"  >China<\/option><option value=\"South East Asia\"  class=\"choice-6 depth-1\"  >S\u00fcdostasien<\/option><option value=\"India\"  class=\"choice-4 depth-1\"  >Indien<\/option><option value=\"South America\"  class=\"choice-2 depth-1\"  >S\u00fcdamerika<\/option><option value=\"Rest of World\"  class=\"choice-7 depth-1\"  >Rest der Welt<\/option><\/select><div class=\"wpforms-field-description\">Bitte w\u00e4hlen Sie die Region aus, in der Sie sich befinden.<\/div><\/div><div id=\"wpforms-8285-field_21-container\" class=\"wpforms-field wpforms-field-select wpforms-conditional-field wpforms-conditional-show wpforms-field-select-style-classic\" data-field-id=\"21\" style=\"display:none;\"><label class=\"wpforms-field-label\" for=\"wpforms-8285-field_21\">Bitte w\u00e4hlen Sie Ihren Staat oder Ihre Region aus. <span class=\"wpforms-required-label\">*<\/span><\/label><select id=\"wpforms-8285-field_21\" class=\"wpforms-field-medium wpforms-field-required\" name=\"wpforms[fields][21]\" required=\"required\"><option value=\"Wahlm\u00f6glichkeit 54\"  class=\"choice-54 depth-1\"  >Wahlm\u00f6glichkeit 54<\/option><option value=\"Kanada - EIN\"  class=\"choice-57 depth-1\"  >Kanada &#8211; EIN<\/option><option value=\"Kanada - QC\"  class=\"choice-58 depth-1\"  >Kanada &#8211; QC<\/option><option value=\"Kanada - NS\"  class=\"choice-59 depth-1\"  >Kanada &#8211; NS<\/option><option value=\"Kanada - NB\"  class=\"choice-60 depth-1\"  >Kanada &#8211; NB<\/option><option value=\"Kanada - MB\"  class=\"choice-61 depth-1\"  >Kanada &#8211; MB<\/option><option value=\"Kanada - BC\"  class=\"choice-62 depth-1\"  >Kanada &#8211; BC<\/option><option value=\"Kanada - PE\"  class=\"choice-63 depth-1\"  >Kanada &#8211; PE<\/option><option value=\"Kanada - NL\"  class=\"choice-66 depth-1\"  >Kanada &#8211; NL<\/option><option value=\"Kanada - AB\"  class=\"choice-65 depth-1\"  >Kanada &#8211; AB<\/option><option value=\"Kanada - SK\"  class=\"choice-64 depth-1\"  >Kanada &#8211; SK<\/option><option value=\"________________________________\"  class=\"choice-67 depth-1\"  >________________________________<\/option><option value=\"Mexiko\"  class=\"choice-55 depth-1\"  >Mexiko<\/option><option value=\"________________________________\"  class=\"choice-56 depth-1\"  >________________________________<\/option><option value=\"Alabama\"  class=\"choice-4 depth-1\"  >Alabama<\/option><option value=\"Alaska\"  class=\"choice-5 depth-1\"  >Alaska<\/option><option value=\"Arizona\"  class=\"choice-6 depth-1\"  >Arizona<\/option><option value=\"Arkansas\"  class=\"choice-7 depth-1\"  >Arkansas<\/option><option value=\"Kalifornien\"  class=\"choice-8 depth-1\"  >Kalifornien<\/option><option value=\"Colorado\"  class=\"choice-9 depth-1\"  >Colorado<\/option><option value=\"Connecticut\"  class=\"choice-10 depth-1\"  >Connecticut<\/option><option value=\"Delaware\"  class=\"choice-11 depth-1\"  >Delaware<\/option><option value=\"Florida\"  class=\"choice-12 depth-1\"  >Florida<\/option><option value=\"Georgien\"  class=\"choice-13 depth-1\"  >Georgien<\/option><option value=\"Hawaii\"  class=\"choice-14 depth-1\"  >Hawaii<\/option><option value=\"Idaho\"  class=\"choice-15 depth-1\"  >Idaho<\/option><option value=\"Illinois\"  class=\"choice-16 depth-1\"  >Illinois<\/option><option value=\"Indiana\"  class=\"choice-17 depth-1\"  >Indiana<\/option><option value=\"Iowa\"  class=\"choice-18 depth-1\"  >Iowa<\/option><option value=\"Kansas\"  class=\"choice-19 depth-1\"  >Kansas<\/option><option value=\"Kentucky\"  class=\"choice-20 depth-1\"  >Kentucky<\/option><option value=\"Louisiana\"  class=\"choice-21 depth-1\"  >Louisiana<\/option><option value=\"Maine\"  class=\"choice-22 depth-1\"  >Maine<\/option><option value=\"Maryland\"  class=\"choice-23 depth-1\"  >Maryland<\/option><option value=\"Massachusetts\"  class=\"choice-24 depth-1\"  >Massachusetts<\/option><option value=\"Michigan\"  class=\"choice-25 depth-1\"  >Michigan<\/option><option value=\"Minnesota\"  class=\"choice-26 depth-1\"  >Minnesota<\/option><option value=\"Mississippi\"  class=\"choice-27 depth-1\"  >Mississippi<\/option><option value=\"Missouri\"  class=\"choice-28 depth-1\"  >Missouri<\/option><option value=\"Montana\"  class=\"choice-29 depth-1\"  >Montana<\/option><option value=\"Nebraska\"  class=\"choice-30 depth-1\"  >Nebraska<\/option><option value=\"Nevada\"  class=\"choice-31 depth-1\"  >Nevada<\/option><option value=\"New Hampshire\"  class=\"choice-32 depth-1\"  >New Hampshire<\/option><option value=\"New Jersey\"  class=\"choice-33 depth-1\"  >New Jersey<\/option><option value=\"New Mexico\"  class=\"choice-34 depth-1\"  >New Mexico<\/option><option value=\"New York\"  class=\"choice-35 depth-1\"  >New York<\/option><option value=\"North Carolina\"  class=\"choice-36 depth-1\"  >North Carolina<\/option><option value=\"North Dakota\"  class=\"choice-37 depth-1\"  >North Dakota<\/option><option value=\"Ohio\"  class=\"choice-38 depth-1\"  >Ohio<\/option><option value=\"Oklahoma\"  class=\"choice-39 depth-1\"  >Oklahoma<\/option><option value=\"Oregon\"  class=\"choice-40 depth-1\"  >Oregon<\/option><option value=\"Pennsylvania\"  class=\"choice-41 depth-1\"  >Pennsylvania<\/option><option value=\"Rhode Island\"  class=\"choice-42 depth-1\"  >Rhode Island<\/option><option value=\"South Carolina\"  class=\"choice-43 depth-1\"  >South Carolina<\/option><option value=\"South Dakota\"  class=\"choice-44 depth-1\"  >South Dakota<\/option><option value=\"Tennessee\"  class=\"choice-45 depth-1\"  >Tennessee<\/option><option value=\"Texas\"  class=\"choice-46 depth-1\"  >Texas<\/option><option value=\"Utah\"  class=\"choice-47 depth-1\"  >Utah<\/option><option value=\"Vermont\"  class=\"choice-48 depth-1\"  >Vermont<\/option><option value=\"Virginia\"  class=\"choice-49 depth-1\"  >Virginia<\/option><option value=\"Washington\"  class=\"choice-50 depth-1\"  >Washington<\/option><option value=\"West Virginia\"  class=\"choice-51 depth-1\"  >West Virginia<\/option><option value=\"Wisconsin\"  class=\"choice-52 depth-1\"  >Wisconsin<\/option><option value=\"Wyoming\"  class=\"choice-53 depth-1\"  >Wyoming<\/option><\/select><\/div><div id=\"wpforms-8285-field_17-container\" class=\"wpforms-field wpforms-field-hidden\" data-field-id=\"17\"><input type=\"hidden\" id=\"wpforms-8285-field_17\" name=\"wpforms[fields][17]\" value=\"&quot;query_var Schl\u00fcssel=&quot;Quelle&quot;\"><\/div><div id=\"wpforms-8285-field_18-container\" class=\"wpforms-field wpforms-field-checkbox wpforms-conditional-field wpforms-conditional-show\" data-field-id=\"18\" style=\"display:none;\"><label class=\"wpforms-field-label\">Datenschutz * <span class=\"wpforms-required-label\">*<\/span><\/label><ul id=\"wpforms-8285-field_18\" class=\"wpforms-field-required\"><li class=\"choice-1 depth-1\"><input type=\"checkbox\" id=\"wpforms-8285-field_18_1\" name=\"wpforms[fields][18][]\" value=\"Ja, ich stimme den Bestimmungen zum Datenschutz zu\" required ><label class=\"wpforms-field-label-inline\" for=\"wpforms-8285-field_18_1\">Ja, ich stimme den Bestimmungen zum Datenschutz zu<\/label><\/li><\/ul><\/div><\/div><!-- .wpforms-field-container --><div class=\"wpforms-field wpforms-field-hp\"><label for=\"wpforms-8285-field-hp\" class=\"wpforms-field-label\">Website<\/label><input type=\"text\" name=\"wpforms[hp]\" id=\"wpforms-8285-field-hp\" class=\"wpforms-field-medium\"><\/div><div class=\"wpforms-recaptcha-container wpforms-is-recaptcha wpforms-is-recaptcha-type-v2\" ><div class=\"g-recaptcha\" data-sitekey=\"6LfJV4oUAAAAAK6eJoUyiQ5hkBqCZCjAGTNTzUL5\"><\/div><input type=\"text\" name=\"g-recaptcha-hidden\" class=\"wpforms-recaptcha-hidden\" style=\"position:absolute!important;clip:rect(0,0,0,0)!important;height:1px!important;width:1px!important;border:0!important;overflow:hidden!important;padding:0!important;margin:0!important;\" data-rule-recaptcha=\"1\"><\/div><div class=\"wpforms-submit-container\" ><input type=\"hidden\" name=\"wpforms[id]\" value=\"8285\"><input type=\"hidden\" name=\"page_title\" value=\"\"><input type=\"hidden\" name=\"page_url\" value=\"https:\/\/apimetrology.com\/de\/wp-json\/wp\/v2\/pages\/9082\"><input type=\"hidden\" name=\"url_referer\" value=\"\"><button type=\"submit\" name=\"wpforms[submit]\" id=\"wpforms-submit-8285\" class=\"wpforms-submit\" data-alt-text=\"Senden...\" data-submit-text=\"Senden\" aria-live=\"assertive\" value=\"wpforms-submit\">Senden<\/button><\/div><\/form><\/div>  <!-- .wpforms-container -->\n<p><\/p>\n<p>[\/et_pb_text][\/et_pb_column] [\/et_pb_row] [\/et_pb_section]<\/p>\n","protected":false},"excerpt":{"rendered":"<p>[et_pb_section admin_label=&#8221;section&#8221;] [et_pb_row admin_label=&#8221;row&#8221;] [et_pb_column type=&#8221;4_4&#8243;][et_pb_text admin_label=&#8221;Text&#8221;] [\/et_pb_text][\/et_pb_column] [\/et_pb_row] [\/et_pb_section]<\/p>\n","protected":false},"author":18,"featured_media":8667,"parent":0,"menu_order":0,"comment_status":"closed","ping_status":"closed","template":"","meta":{"_et_pb_use_builder":"off","_et_pb_old_content":"","_et_gb_content_width":"","footnotes":""},"class_list":["post-9082","page","type-page","status-publish","has-post-thumbnail","hentry"],"featured_image_src":"https:\/\/apimetrology.com\/wp-content\/uploads\/2020\/10\/vprobe-trade-in-promo-DE.jpg","yoast_head":"<!-- This site is optimized with the Yoast SEO Premium plugin v26.3 (Yoast SEO v27.1.1) - https:\/\/yoast.com\/product\/yoast-seo-premium-wordpress\/ -->\n<title>vProbe Handel in Promo - API Metrology<\/title>\n<meta name=\"robots\" content=\"index, follow, max-snippet:-1, max-image-preview:large, max-video-preview:-1\" \/>\n<link rel=\"canonical\" href=\"https:\/\/apimetrology.com\/de\/vprobe-handel-in-promo\/\" \/>\n<meta property=\"og:locale\" content=\"de_DE\" \/>\n<meta property=\"og:type\" content=\"article\" \/>\n<meta property=\"og:title\" content=\"vProbe Handel in Promo\" \/>\n<meta property=\"og:description\" content=\"[et_pb_section admin_label=&#8221;section&#8221;] [et_pb_row admin_label=&#8221;row&#8221;] [et_pb_column type=&#8221;4_4&#8243;][et_pb_text admin_label=&#8221;Text&#8221;] [\/et_pb_text][\/et_pb_column] [\/et_pb_row] [\/et_pb_section]\" \/>\n<meta property=\"og:url\" content=\"https:\/\/apimetrology.com\/de\/vprobe-handel-in-promo\/\" \/>\n<meta property=\"og:site_name\" content=\"API Metrology\" \/>\n<meta property=\"article:publisher\" content=\"https:\/\/www.facebook.com\/apimetrology\/\" \/>\n<meta property=\"article:modified_time\" content=\"2021-05-13T14:57:57+00:00\" \/>\n<meta property=\"og:image\" content=\"https:\/\/apimetrology.com\/wp-content\/uploads\/2020\/10\/vprobe-trade-in-promo-DE.jpg\" \/>\n\t<meta property=\"og:image:width\" content=\"1200\" \/>\n\t<meta property=\"og:image:height\" content=\"628\" \/>\n\t<meta property=\"og:image:type\" content=\"image\/jpeg\" \/>\n<meta name=\"twitter:card\" content=\"summary_large_image\" \/>\n<meta name=\"twitter:label1\" content=\"Gesch\u00e4tzte Lesezeit\" \/>\n\t<meta name=\"twitter:data1\" content=\"1 Minute\" \/>\n<script type=\"application\/ld+json\" class=\"yoast-schema-graph\">{\"@context\":\"https:\/\/schema.org\",\"@graph\":[{\"@type\":\"WebPage\",\"@id\":\"https:\/\/apimetrology.com\/de\/vprobe-handel-in-promo\/\",\"url\":\"https:\/\/apimetrology.com\/de\/vprobe-handel-in-promo\/\",\"name\":\"vProbe Handel in Promo - API Metrology\",\"isPartOf\":{\"@id\":\"https:\/\/apimetrology.com\/de\/#website\"},\"primaryImageOfPage\":{\"@id\":\"https:\/\/apimetrology.com\/de\/vprobe-handel-in-promo\/#primaryimage\"},\"image\":{\"@id\":\"https:\/\/apimetrology.com\/de\/vprobe-handel-in-promo\/#primaryimage\"},\"thumbnailUrl\":\"https:\/\/apimetrology.com\/wp-content\/uploads\/2020\/10\/vprobe-trade-in-promo-DE.jpg\",\"datePublished\":\"2020-10-29T20:49:42+00:00\",\"dateModified\":\"2021-05-13T14:57:57+00:00\",\"breadcrumb\":{\"@id\":\"https:\/\/apimetrology.com\/de\/vprobe-handel-in-promo\/#breadcrumb\"},\"inLanguage\":\"de-DE\",\"potentialAction\":[{\"@type\":\"ReadAction\",\"target\":[\"https:\/\/apimetrology.com\/de\/vprobe-handel-in-promo\/\"]}]},{\"@type\":\"ImageObject\",\"inLanguage\":\"de-DE\",\"@id\":\"https:\/\/apimetrology.com\/de\/vprobe-handel-in-promo\/#primaryimage\",\"url\":\"https:\/\/apimetrology.com\/wp-content\/uploads\/2020\/10\/vprobe-trade-in-promo-DE.jpg\",\"contentUrl\":\"https:\/\/apimetrology.com\/wp-content\/uploads\/2020\/10\/vprobe-trade-in-promo-DE.jpg\",\"width\":1200,\"height\":628},{\"@type\":\"BreadcrumbList\",\"@id\":\"https:\/\/apimetrology.com\/de\/vprobe-handel-in-promo\/#breadcrumb\",\"itemListElement\":[{\"@type\":\"ListItem\",\"position\":1,\"name\":\"Home\",\"item\":\"https:\/\/apimetrology.com\/de\/\"},{\"@type\":\"ListItem\",\"position\":2,\"name\":\"vProbe Handel in Promo\"}]},{\"@type\":\"WebSite\",\"@id\":\"https:\/\/apimetrology.com\/de\/#website\",\"url\":\"https:\/\/apimetrology.com\/de\/\",\"name\":\"API Metrology\",\"description\":\"Laser Tracker, Machine Tool and Robot Calibration Equipment Supplier\",\"publisher\":{\"@id\":\"https:\/\/apimetrology.com\/de\/#organization\"},\"potentialAction\":[{\"@type\":\"SearchAction\",\"target\":{\"@type\":\"EntryPoint\",\"urlTemplate\":\"https:\/\/apimetrology.com\/de\/?s={search_term_string}\"},\"query-input\":{\"@type\":\"PropertyValueSpecification\",\"valueRequired\":true,\"valueName\":\"search_term_string\"}}],\"inLanguage\":\"de-DE\"},{\"@type\":\"Organization\",\"@id\":\"https:\/\/apimetrology.com\/de\/#organization\",\"name\":\"API Metrology\",\"url\":\"https:\/\/apimetrology.com\/de\/\",\"logo\":{\"@type\":\"ImageObject\",\"inLanguage\":\"de-DE\",\"@id\":\"https:\/\/apimetrology.com\/de\/#\/schema\/logo\/image\/\",\"url\":\"https:\/\/apimetrology.com\/wp-content\/uploads\/2018\/11\/API-logo.png\",\"contentUrl\":\"https:\/\/apimetrology.com\/wp-content\/uploads\/2018\/11\/API-logo.png\",\"width\":1080,\"height\":699,\"caption\":\"API Metrology\"},\"image\":{\"@id\":\"https:\/\/apimetrology.com\/de\/#\/schema\/logo\/image\/\"},\"sameAs\":[\"https:\/\/www.facebook.com\/apimetrology\/\",\"https:\/\/www.linkedin.com\/company\/apimetrology\/\",\"https:\/\/www.youtube.com\/@AutomatedPrecision\"]}]}<\/script>\n<!-- \/ Yoast SEO Premium plugin. -->","yoast_head_json":{"title":"vProbe Handel in Promo - API Metrology","robots":{"index":"index","follow":"follow","max-snippet":"max-snippet:-1","max-image-preview":"max-image-preview:large","max-video-preview":"max-video-preview:-1"},"canonical":"https:\/\/apimetrology.com\/de\/vprobe-handel-in-promo\/","og_locale":"de_DE","og_type":"article","og_title":"vProbe Handel in Promo","og_description":"[et_pb_section admin_label=&#8221;section&#8221;] [et_pb_row admin_label=&#8221;row&#8221;] [et_pb_column type=&#8221;4_4&#8243;][et_pb_text admin_label=&#8221;Text&#8221;] [\/et_pb_text][\/et_pb_column] [\/et_pb_row] [\/et_pb_section]","og_url":"https:\/\/apimetrology.com\/de\/vprobe-handel-in-promo\/","og_site_name":"API Metrology","article_publisher":"https:\/\/www.facebook.com\/apimetrology\/","article_modified_time":"2021-05-13T14:57:57+00:00","og_image":[{"width":1200,"height":628,"url":"https:\/\/apimetrology.com\/wp-content\/uploads\/2020\/10\/vprobe-trade-in-promo-DE.jpg","type":"image\/jpeg"}],"twitter_card":"summary_large_image","twitter_misc":{"Gesch\u00e4tzte Lesezeit":"1 Minute"},"schema":{"@context":"https:\/\/schema.org","@graph":[{"@type":"WebPage","@id":"https:\/\/apimetrology.com\/de\/vprobe-handel-in-promo\/","url":"https:\/\/apimetrology.com\/de\/vprobe-handel-in-promo\/","name":"vProbe Handel in Promo - API Metrology","isPartOf":{"@id":"https:\/\/apimetrology.com\/de\/#website"},"primaryImageOfPage":{"@id":"https:\/\/apimetrology.com\/de\/vprobe-handel-in-promo\/#primaryimage"},"image":{"@id":"https:\/\/apimetrology.com\/de\/vprobe-handel-in-promo\/#primaryimage"},"thumbnailUrl":"https:\/\/apimetrology.com\/wp-content\/uploads\/2020\/10\/vprobe-trade-in-promo-DE.jpg","datePublished":"2020-10-29T20:49:42+00:00","dateModified":"2021-05-13T14:57:57+00:00","breadcrumb":{"@id":"https:\/\/apimetrology.com\/de\/vprobe-handel-in-promo\/#breadcrumb"},"inLanguage":"de-DE","potentialAction":[{"@type":"ReadAction","target":["https:\/\/apimetrology.com\/de\/vprobe-handel-in-promo\/"]}]},{"@type":"ImageObject","inLanguage":"de-DE","@id":"https:\/\/apimetrology.com\/de\/vprobe-handel-in-promo\/#primaryimage","url":"https:\/\/apimetrology.com\/wp-content\/uploads\/2020\/10\/vprobe-trade-in-promo-DE.jpg","contentUrl":"https:\/\/apimetrology.com\/wp-content\/uploads\/2020\/10\/vprobe-trade-in-promo-DE.jpg","width":1200,"height":628},{"@type":"BreadcrumbList","@id":"https:\/\/apimetrology.com\/de\/vprobe-handel-in-promo\/#breadcrumb","itemListElement":[{"@type":"ListItem","position":1,"name":"Home","item":"https:\/\/apimetrology.com\/de\/"},{"@type":"ListItem","position":2,"name":"vProbe Handel in Promo"}]},{"@type":"WebSite","@id":"https:\/\/apimetrology.com\/de\/#website","url":"https:\/\/apimetrology.com\/de\/","name":"API Metrology","description":"Laser Tracker, Machine Tool and Robot Calibration Equipment Supplier","publisher":{"@id":"https:\/\/apimetrology.com\/de\/#organization"},"potentialAction":[{"@type":"SearchAction","target":{"@type":"EntryPoint","urlTemplate":"https:\/\/apimetrology.com\/de\/?s={search_term_string}"},"query-input":{"@type":"PropertyValueSpecification","valueRequired":true,"valueName":"search_term_string"}}],"inLanguage":"de-DE"},{"@type":"Organization","@id":"https:\/\/apimetrology.com\/de\/#organization","name":"API Metrology","url":"https:\/\/apimetrology.com\/de\/","logo":{"@type":"ImageObject","inLanguage":"de-DE","@id":"https:\/\/apimetrology.com\/de\/#\/schema\/logo\/image\/","url":"https:\/\/apimetrology.com\/wp-content\/uploads\/2018\/11\/API-logo.png","contentUrl":"https:\/\/apimetrology.com\/wp-content\/uploads\/2018\/11\/API-logo.png","width":1080,"height":699,"caption":"API Metrology"},"image":{"@id":"https:\/\/apimetrology.com\/de\/#\/schema\/logo\/image\/"},"sameAs":["https:\/\/www.facebook.com\/apimetrology\/","https:\/\/www.linkedin.com\/company\/apimetrology\/","https:\/\/www.youtube.com\/@AutomatedPrecision"]}]}},"_links":{"self":[{"href":"https:\/\/apimetrology.com\/de\/wp-json\/wp\/v2\/pages\/9082","targetHints":{"allow":["GET"]}}],"collection":[{"href":"https:\/\/apimetrology.com\/de\/wp-json\/wp\/v2\/pages"}],"about":[{"href":"https:\/\/apimetrology.com\/de\/wp-json\/wp\/v2\/types\/page"}],"author":[{"embeddable":true,"href":"https:\/\/apimetrology.com\/de\/wp-json\/wp\/v2\/users\/18"}],"replies":[{"embeddable":true,"href":"https:\/\/apimetrology.com\/de\/wp-json\/wp\/v2\/comments?post=9082"}],"version-history":[{"count":0,"href":"https:\/\/apimetrology.com\/de\/wp-json\/wp\/v2\/pages\/9082\/revisions"}],"wp:featuredmedia":[{"embeddable":true,"href":"https:\/\/apimetrology.com\/de\/wp-json\/wp\/v2\/media\/8667"}],"wp:attachment":[{"href":"https:\/\/apimetrology.com\/de\/wp-json\/wp\/v2\/media?parent=9082"}],"curies":[{"name":"wp","href":"https:\/\/api.w.org\/{rel}","templated":true}]}}