{"id":257897,"date":"2021-08-17T07:00:52","date_gmt":"2021-08-17T11:00:52","guid":{"rendered":"https:\/\/apimetrology.com\/?page_id=257897"},"modified":"2023-03-29T04:51:32","modified_gmt":"2023-03-29T08:51:32","slug":"mentions-legales","status":"publish","type":"page","link":"https:\/\/apimetrology.com\/fr\/mentions-legales\/","title":{"rendered":"Imprimer"},"content":{"rendered":"<p>[et_pb_section fb_built=&#8221;1&#8243; _builder_version=&#8221;4.9.0&#8243; _module_preset=&#8221;default&#8221;][et_pb_row _builder_version=&#8221;4.9.0&#8243; _module_preset=&#8221;default&#8221;][et_pb_column _builder_version=&#8221;4.9.0&#8243; _module_preset=&#8221;default&#8221; type=&#8221;4_4&#8243;][et_pb_text _builder_version=&#8221;4.9.0&#8243; _module_preset=&#8221;default&#8221; hover_enabled=&#8221;0&#8243; sticky_enabled=&#8221;0&#8243;]<\/p>\n<h1>Imprimer<\/h1>\n<p>[\/et_pb_text][\/et_pb_column][\/et_pb_row][et_pb_row _builder_version=&#8221;4.9.0&#8243; _module_preset=&#8221;default&#8221;][et_pb_column _builder_version=&#8221;4.9.0&#8243; _module_preset=&#8221;default&#8221; type=&#8221;4_4&#8243;][et_pb_text _builder_version=&#8221;4.9.0&#8243; _module_preset=&#8221;default&#8221; hover_enabled=&#8221;0&#8243; sticky_enabled=&#8221;0&#8243;]<\/p>\n<p>\n            <strong>SI\u00c8GE SOCIAL D&#8217;API WORLD<\/strong>\n          <\/p>\n<p><strong>Administrateur d\u00e9l\u00e9gu\u00e9 autoris\u00e9 \u00e0 repr\u00e9senter :<\/strong> Dr Kam Chiu Lau<\/p>\n<p>\n            <strong>Adresse postale:<\/strong>\n          <\/p>\n<p>15000, promenade Johns Hopkins<br \/> Rockville, Maryland 20850<\/p>\n<p><strong>T\u00e9l\u00e9phone<\/strong>: 1.800.537.2720<\/p>\n<p><strong>T\u00e9l\u00e9copieur<\/strong>: 301.990.8648<\/p>\n<p>\n            <strong>AVERTISSEMENT<\/strong>\n          <\/p>\n<p>\n            <strong>Responsabilit\u00e9 pour le contenu<\/strong>\n          <\/p>\n<p>En tant que prestataire de services, nous sommes responsables de notre propre contenu sur ces pages conform\u00e9ment aux lois g\u00e9n\u00e9rales conform\u00e9ment au \u00a7 7 al.1 TMG. Selon les \u00a7\u00a7 8 \u00e0 10 TMG, nous ne sommes pas oblig\u00e9s de surveiller les informations transmises ou stock\u00e9es ou d&#8217;enqu\u00eater sur les circonstances qui indiquent une activit\u00e9 ill\u00e9gale. Les obligations de supprimer ou de bloquer l&#8217;utilisation des informations en vertu des lois g\u00e9n\u00e9rales restent inchang\u00e9es. Cependant, la responsabilit\u00e9 \u00e0 cet \u00e9gard n&#8217;est possible qu&#8217;\u00e0 partir du moment o\u00f9 une infraction concr\u00e8te \u00e0 la loi est connue. Si nous avons connaissance de telles infractions, nous supprimerons imm\u00e9diatement le contenu concern\u00e9.<\/p>\n<p>\n            <strong>Responsabilit\u00e9 pour les liens<\/strong>\n          <\/p>\n<p>Notre offre contient des liens vers des sites Web externes de tiers, sur le contenu desquels nous n&#8217;avons aucune influence. Par cons\u00e9quent, nous ne pouvons assumer aucune responsabilit\u00e9 pour ces contenus externes. Le fournisseur ou l&#8217;exploitant respectif des pages est toujours responsable du contenu des pages li\u00e9es. Les pages li\u00e9es ont \u00e9t\u00e9 v\u00e9rifi\u00e9es pour d&#8217;\u00e9ventuelles violations de la loi au moment de la liaison. Les contenus ill\u00e9gaux n&#8217;\u00e9taient pas reconnaissables au moment de la cr\u00e9ation de liens. Cependant, un contr\u00f4le permanent du contenu des pages li\u00e9es n&#8217;est pas raisonnable sans preuve concr\u00e8te d&#8217;une violation de la loi. Si nous avons connaissance d&#8217;infractions, nous supprimerons imm\u00e9diatement ces liens.<\/p>\n<p>\n            <strong>droits d&#8217;auteur<\/strong>\n          <\/p>\n<p>Les contenus et les \u0153uvres cr\u00e9\u00e9s par les exploitants du site sur ces pages sont soumis \u00e0 la loi allemande sur le droit d&#8217;auteur. La duplication, le traitement, la distribution ou toute forme de commercialisation de ce mat\u00e9riel au-del\u00e0 de la port\u00e9e de la loi sur le droit d&#8217;auteur n\u00e9cessite le consentement \u00e9crit pr\u00e9alable de son auteur ou cr\u00e9ateur respectif. Les t\u00e9l\u00e9chargements et copies de ce site ne sont autoris\u00e9s que pour un usage priv\u00e9 et non commercial. Dans la mesure o\u00f9 le contenu de ce site n&#8217;a pas \u00e9t\u00e9 cr\u00e9\u00e9 par l&#8217;exploitant, les droits d&#8217;auteur de tiers sont respect\u00e9s. En particulier, les contenus tiers sont identifi\u00e9s comme tels. Si vous avez n\u00e9anmoins connaissance d&#8217;une violation du droit d&#8217;auteur, veuillez nous en informer en cons\u00e9quence. Si nous avons connaissance d&#8217;infractions, nous supprimerons imm\u00e9diatement ce contenu.<\/p>\n<p>[\/et_pb_text][\/et_pb_column][\/et_pb_row][\/et_pb_section]<\/p>\n","protected":false},"excerpt":{"rendered":"<p>Imprimer SI\u00c8GE SOCIAL D&#8217;API WORLD Administrateur d\u00e9l\u00e9gu\u00e9 autoris\u00e9 \u00e0 repr\u00e9senter : Dr Kam Chiu Lau Adresse postale: 15000, promenade Johns Hopkins Rockville, Maryland 20850 T\u00e9l\u00e9phone: 1.800.537.2720 T\u00e9l\u00e9copieur: 301.990.8648 AVERTISSEMENT Responsabilit\u00e9 pour le contenu En tant que prestataire de services, nous sommes responsables de notre propre contenu sur ces pages conform\u00e9ment aux lois g\u00e9n\u00e9rales conform\u00e9ment au [&hellip;]<\/p>\n","protected":false},"author":21,"featured_media":0,"parent":0,"menu_order":0,"comment_status":"closed","ping_status":"closed","template":"","meta":{"_et_pb_use_builder":"on","_et_pb_old_content":"","_et_gb_content_width":"","footnotes":""},"class_list":["post-257897","page","type-page","status-publish","hentry"],"featured_image_src":null,"yoast_head":"<!-- This site is optimized with the Yoast SEO Premium plugin v26.3 (Yoast SEO v27.1.1) - https:\/\/yoast.com\/product\/yoast-seo-premium-wordpress\/ -->\n<title>Imprimer - API Metrology<\/title>\n<meta name=\"robots\" content=\"index, follow, max-snippet:-1, max-image-preview:large, max-video-preview:-1\" \/>\n<link rel=\"canonical\" href=\"https:\/\/apimetrology.com\/fr\/mentions-legales\/\" \/>\n<meta property=\"og:locale\" content=\"fr_FR\" \/>\n<meta property=\"og:type\" content=\"article\" \/>\n<meta property=\"og:title\" content=\"Imprimer\" \/>\n<meta property=\"og:description\" content=\"Imprimer SI\u00c8GE SOCIAL D&#039;API WORLD Administrateur d\u00e9l\u00e9gu\u00e9 autoris\u00e9 \u00e0 repr\u00e9senter : Dr Kam Chiu Lau Adresse postale: 15000, promenade Johns Hopkins Rockville, Maryland 20850 T\u00e9l\u00e9phone: 1.800.537.2720 T\u00e9l\u00e9copieur: 301.990.8648 AVERTISSEMENT Responsabilit\u00e9 pour le contenu En tant que prestataire de services, nous sommes responsables de notre propre contenu sur ces pages conform\u00e9ment aux lois g\u00e9n\u00e9rales conform\u00e9ment au [&hellip;]\" \/>\n<meta property=\"og:url\" content=\"https:\/\/apimetrology.com\/fr\/mentions-legales\/\" \/>\n<meta property=\"og:site_name\" content=\"API Metrology\" \/>\n<meta property=\"article:publisher\" content=\"https:\/\/www.facebook.com\/apimetrology\/\" \/>\n<meta property=\"article:modified_time\" content=\"2023-03-29T08:51:32+00:00\" \/>\n<meta property=\"og:image\" content=\"https:\/\/apimetrology.com\/wp-content\/uploads\/2023\/02\/image.png\" \/>\n\t<meta property=\"og:image:width\" content=\"250\" \/>\n\t<meta property=\"og:image:height\" content=\"139\" \/>\n\t<meta property=\"og:image:type\" content=\"image\/png\" \/>\n<meta name=\"twitter:card\" content=\"summary_large_image\" \/>\n<meta name=\"twitter:label1\" content=\"Dur\u00e9e de lecture estim\u00e9e\" \/>\n\t<meta name=\"twitter:data1\" content=\"3 minutes\" \/>\n<script type=\"application\/ld+json\" class=\"yoast-schema-graph\">{\"@context\":\"https:\/\/schema.org\",\"@graph\":[{\"@type\":\"WebPage\",\"@id\":\"https:\/\/apimetrology.com\/fr\/mentions-legales\/\",\"url\":\"https:\/\/apimetrology.com\/fr\/mentions-legales\/\",\"name\":\"Imprimer - API Metrology\",\"isPartOf\":{\"@id\":\"https:\/\/apimetrology.com\/fr\/#website\"},\"datePublished\":\"2021-08-17T11:00:52+00:00\",\"dateModified\":\"2023-03-29T08:51:32+00:00\",\"breadcrumb\":{\"@id\":\"https:\/\/apimetrology.com\/fr\/mentions-legales\/#breadcrumb\"},\"inLanguage\":\"fr-FR\",\"potentialAction\":[{\"@type\":\"ReadAction\",\"target\":[\"https:\/\/apimetrology.com\/fr\/mentions-legales\/\"]}]},{\"@type\":\"BreadcrumbList\",\"@id\":\"https:\/\/apimetrology.com\/fr\/mentions-legales\/#breadcrumb\",\"itemListElement\":[{\"@type\":\"ListItem\",\"position\":1,\"name\":\"Home\",\"item\":\"https:\/\/apimetrology.com\/fr\/\"},{\"@type\":\"ListItem\",\"position\":2,\"name\":\"Imprimer\"}]},{\"@type\":\"WebSite\",\"@id\":\"https:\/\/apimetrology.com\/fr\/#website\",\"url\":\"https:\/\/apimetrology.com\/fr\/\",\"name\":\"API Metrology\",\"description\":\"Laser Tracker, Machine Tool and Robot Calibration Equipment Supplier\",\"publisher\":{\"@id\":\"https:\/\/apimetrology.com\/fr\/#organization\"},\"potentialAction\":[{\"@type\":\"SearchAction\",\"target\":{\"@type\":\"EntryPoint\",\"urlTemplate\":\"https:\/\/apimetrology.com\/fr\/?s={search_term_string}\"},\"query-input\":{\"@type\":\"PropertyValueSpecification\",\"valueRequired\":true,\"valueName\":\"search_term_string\"}}],\"inLanguage\":\"fr-FR\"},{\"@type\":\"Organization\",\"@id\":\"https:\/\/apimetrology.com\/fr\/#organization\",\"name\":\"API Metrology\",\"url\":\"https:\/\/apimetrology.com\/fr\/\",\"logo\":{\"@type\":\"ImageObject\",\"inLanguage\":\"fr-FR\",\"@id\":\"https:\/\/apimetrology.com\/fr\/#\/schema\/logo\/image\/\",\"url\":\"https:\/\/apimetrology.com\/wp-content\/uploads\/2018\/11\/API-logo.png\",\"contentUrl\":\"https:\/\/apimetrology.com\/wp-content\/uploads\/2018\/11\/API-logo.png\",\"width\":1080,\"height\":699,\"caption\":\"API Metrology\"},\"image\":{\"@id\":\"https:\/\/apimetrology.com\/fr\/#\/schema\/logo\/image\/\"},\"sameAs\":[\"https:\/\/www.facebook.com\/apimetrology\/\",\"https:\/\/www.linkedin.com\/company\/apimetrology\/\",\"https:\/\/www.youtube.com\/@AutomatedPrecision\"]}]}<\/script>\n<!-- \/ Yoast SEO Premium plugin. -->","yoast_head_json":{"title":"Imprimer - API Metrology","robots":{"index":"index","follow":"follow","max-snippet":"max-snippet:-1","max-image-preview":"max-image-preview:large","max-video-preview":"max-video-preview:-1"},"canonical":"https:\/\/apimetrology.com\/fr\/mentions-legales\/","og_locale":"fr_FR","og_type":"article","og_title":"Imprimer","og_description":"Imprimer SI\u00c8GE SOCIAL D'API WORLD Administrateur d\u00e9l\u00e9gu\u00e9 autoris\u00e9 \u00e0 repr\u00e9senter : Dr Kam Chiu Lau Adresse postale: 15000, promenade Johns Hopkins Rockville, Maryland 20850 T\u00e9l\u00e9phone: 1.800.537.2720 T\u00e9l\u00e9copieur: 301.990.8648 AVERTISSEMENT Responsabilit\u00e9 pour le contenu En tant que prestataire de services, nous sommes responsables de notre propre contenu sur ces pages conform\u00e9ment aux lois g\u00e9n\u00e9rales conform\u00e9ment au [&hellip;]","og_url":"https:\/\/apimetrology.com\/fr\/mentions-legales\/","og_site_name":"API Metrology","article_publisher":"https:\/\/www.facebook.com\/apimetrology\/","article_modified_time":"2023-03-29T08:51:32+00:00","og_image":[{"width":250,"height":139,"url":"https:\/\/apimetrology.com\/wp-content\/uploads\/2023\/02\/image.png","type":"image\/png"}],"twitter_card":"summary_large_image","twitter_misc":{"Dur\u00e9e de lecture estim\u00e9e":"3 minutes"},"schema":{"@context":"https:\/\/schema.org","@graph":[{"@type":"WebPage","@id":"https:\/\/apimetrology.com\/fr\/mentions-legales\/","url":"https:\/\/apimetrology.com\/fr\/mentions-legales\/","name":"Imprimer - API Metrology","isPartOf":{"@id":"https:\/\/apimetrology.com\/fr\/#website"},"datePublished":"2021-08-17T11:00:52+00:00","dateModified":"2023-03-29T08:51:32+00:00","breadcrumb":{"@id":"https:\/\/apimetrology.com\/fr\/mentions-legales\/#breadcrumb"},"inLanguage":"fr-FR","potentialAction":[{"@type":"ReadAction","target":["https:\/\/apimetrology.com\/fr\/mentions-legales\/"]}]},{"@type":"BreadcrumbList","@id":"https:\/\/apimetrology.com\/fr\/mentions-legales\/#breadcrumb","itemListElement":[{"@type":"ListItem","position":1,"name":"Home","item":"https:\/\/apimetrology.com\/fr\/"},{"@type":"ListItem","position":2,"name":"Imprimer"}]},{"@type":"WebSite","@id":"https:\/\/apimetrology.com\/fr\/#website","url":"https:\/\/apimetrology.com\/fr\/","name":"API Metrology","description":"Laser Tracker, Machine Tool and Robot Calibration Equipment Supplier","publisher":{"@id":"https:\/\/apimetrology.com\/fr\/#organization"},"potentialAction":[{"@type":"SearchAction","target":{"@type":"EntryPoint","urlTemplate":"https:\/\/apimetrology.com\/fr\/?s={search_term_string}"},"query-input":{"@type":"PropertyValueSpecification","valueRequired":true,"valueName":"search_term_string"}}],"inLanguage":"fr-FR"},{"@type":"Organization","@id":"https:\/\/apimetrology.com\/fr\/#organization","name":"API Metrology","url":"https:\/\/apimetrology.com\/fr\/","logo":{"@type":"ImageObject","inLanguage":"fr-FR","@id":"https:\/\/apimetrology.com\/fr\/#\/schema\/logo\/image\/","url":"https:\/\/apimetrology.com\/wp-content\/uploads\/2018\/11\/API-logo.png","contentUrl":"https:\/\/apimetrology.com\/wp-content\/uploads\/2018\/11\/API-logo.png","width":1080,"height":699,"caption":"API Metrology"},"image":{"@id":"https:\/\/apimetrology.com\/fr\/#\/schema\/logo\/image\/"},"sameAs":["https:\/\/www.facebook.com\/apimetrology\/","https:\/\/www.linkedin.com\/company\/apimetrology\/","https:\/\/www.youtube.com\/@AutomatedPrecision"]}]}},"_links":{"self":[{"href":"https:\/\/apimetrology.com\/fr\/wp-json\/wp\/v2\/pages\/257897","targetHints":{"allow":["GET"]}}],"collection":[{"href":"https:\/\/apimetrology.com\/fr\/wp-json\/wp\/v2\/pages"}],"about":[{"href":"https:\/\/apimetrology.com\/fr\/wp-json\/wp\/v2\/types\/page"}],"author":[{"embeddable":true,"href":"https:\/\/apimetrology.com\/fr\/wp-json\/wp\/v2\/users\/21"}],"replies":[{"embeddable":true,"href":"https:\/\/apimetrology.com\/fr\/wp-json\/wp\/v2\/comments?post=257897"}],"version-history":[{"count":0,"href":"https:\/\/apimetrology.com\/fr\/wp-json\/wp\/v2\/pages\/257897\/revisions"}],"wp:attachment":[{"href":"https:\/\/apimetrology.com\/fr\/wp-json\/wp\/v2\/media?parent=257897"}],"curies":[{"name":"wp","href":"https:\/\/api.w.org\/{rel}","templated":true}]}}