{"id":283073,"date":"2023-10-11T12:06:31","date_gmt":"2023-10-11T16:06:31","guid":{"rendered":"https:\/\/apimetrology.com\/?page_id=283073"},"modified":"2023-10-12T09:46:49","modified_gmt":"2023-10-12T13:46:49","slug":"industria-de-maquinas-pesadas","status":"publish","type":"page","link":"https:\/\/apimetrology.com\/pt-br\/industrias\/industria-de-maquinas-pesadas\/","title":{"rendered":"Ind\u00fastria de M\u00e1quinas Pesadas"},"content":{"rendered":"<p>[et_pb_section fb_built=&#8221;1&#8243; custom_padding_last_edited=&#8221;on|phone&#8221; _builder_version=&#8221;4.20.4&#8243; _module_preset=&#8221;default&#8221; custom_padding=&#8221;70px||70px||true|false&#8221; custom_padding_tablet=&#8221;70px||70px||true|false&#8221; custom_padding_phone=&#8221;40px||40px||true|false&#8221; global_colors_info=&#8221;{}&#8221;][et_pb_row column_structure=&#8221;3_5,2_5&#8243; make_equal=&#8221;on&#8221; _builder_version=&#8221;4.21.0&#8243; _module_preset=&#8221;default&#8221; custom_padding=&#8221;0px||0px|||&#8221; pac_drh_enable_stacking=&#8221;pac_drh_stack_row pac_drh_stack_tab_mob&#8221; pac_drh_column_numbers_tablet=&#8221;pac_drh_tab_col_one&#8221; pac_drh_column_numbers_phone=&#8221;pac_drh_phone_col_one&#8221; global_colors_info=&#8221;{}&#8221;][et_pb_column type=&#8221;3_5&#8243; _builder_version=&#8221;4.21.0&#8243; _module_preset=&#8221;default&#8221; background_image=&#8221;https:\/\/apimetrology.com\/wp-content\/uploads\/2023\/07\/Heavy-Machinery.jpg&#8221; pac_drh_add_staking_order_tab=&#8221;pac_drh_order_tab_one&#8221; pac_drh_add_staking_order_mob=&#8221;pac_drh_order_mob_one&#8221; border_radii=&#8221;on|16px|16px|16px|16px&#8221; global_colors_info=&#8221;{}&#8221;][et_pb_divider show_divider=&#8221;off&#8221; _builder_version=&#8221;4.21.0&#8243; _module_preset=&#8221;default&#8221; min_height=&#8221;300px&#8221; global_colors_info=&#8221;{}&#8221;][\/et_pb_divider][\/et_pb_column][et_pb_column type=&#8221;2_5&#8243; _builder_version=&#8221;4.20.4&#8243; _module_preset=&#8221;default&#8221; custom_padding=&#8221;40px||40px||false|false&#8221; custom_padding_tablet=&#8221;40px||80px||false|false&#8221; custom_padding_phone=&#8221;10px||10px||false|false&#8221; custom_padding_last_edited=&#8221;on|phone&#8221; custom_css_main_element=&#8221;display:flex;||flex-direction:column;||justify-content: center;&#8221; pac_drh_add_staking_order_tab=&#8221;pac_drh_order_tab_two&#8221; pac_drh_add_staking_order_mob=&#8221;pac_drh_order_mob_two&#8221; global_colors_info=&#8221;{}&#8221;][et_pb_image src=&#8221;https:\/\/apimetrology.com\/wp-content\/uploads\/2018\/10\/heavy-machinery-icon-300&#215;300-1.png&#8221; title_text=&#8221;m\u00e1quinas pesadas-\u00edcone-300&#215;300-1&#8243; _builder_version=&#8221;4.21.0&#8243; _module_preset=&#8221;default&#8221; width=&#8221;50px&#8221; width_tablet=&#8221;50px&#8221; width_phone=&#8221;50px&#8221; width_last_edited=&#8221;on|desktop&#8221; max_width=&#8221;50px&#8221; module_alignment=&#8221;left&#8221; module_alignment_tablet=&#8221;center&#8221; module_alignment_phone=&#8221;center&#8221; module_alignment_last_edited=&#8221;on|phone&#8221; global_colors_info=&#8221;{}&#8221;][\/et_pb_image][et_pb_text _builder_version=&#8221;4.21.0&#8243; _module_preset=&#8221;default&#8221; text_font=&#8221;Lexend||||||||&#8221; text_text_color=&#8221;#FFFFFF&#8221; text_font_size=&#8221;14px&#8221; text_letter_spacing=&#8221;-0.04em&#8221; background_color=&#8221;gcid-fe01d856-c46f-44b0-85fd-53dfd7857b2b&#8221; custom_margin=&#8221;||15px||false|false&#8221; custom_margin_tablet=&#8221;|auto||auto|false|true&#8221; custom_margin_phone=&#8221;|auto||auto|false|true&#8221; custom_margin_last_edited=&#8221;on|desktop&#8221; custom_padding=&#8221;5px|20px|4px|20px|false|true&#8221; custom_css_main_element=&#8221;width:fit-content;&#8221; border_radii=&#8221;on|16px|16px|16px|16px&#8221; locked=&#8221;off&#8221; global_colors_info=&#8221;{%22gcid-fe01d856-c46f-44b0-85fd-53dfd7857b2b%22:%91%22background_color%22%93}&#8221; background__hover_enabled=&#8221;off|desktop&#8221; background_color__hover=&#8221;#f42222&#8243; background_enable_color__hover=&#8221;on&#8221;]<\/p>\n<p>Ind\u00fastrias<\/p>\n<p>[\/et_pb_text][et_pb_text _builder_version=&#8221;4.21.0&#8243; _module_preset=&#8221;default&#8221; header_font=&#8221;|300|||||||&#8221; header_font_size=&#8221;4vw&#8221; header_letter_spacing=&#8221;-0.04em&#8221; custom_margin=&#8221;||10px||false|false&#8221; header_text_align_tablet=&#8221;center&#8221; header_text_align_phone=&#8221;center&#8221; header_text_align_last_edited=&#8221;on|tablet&#8221; header_font_size_tablet=&#8221;8vw&#8221; header_font_size_phone=&#8221;12vw&#8221; header_font_size_last_edited=&#8221;on|phone&#8221; global_colors_info=&#8221;{}&#8221;]<\/p>\n<h1>M\u00e1quinas Pesadas<\/h1>\n<p>[\/et_pb_text][et_pb_text _builder_version=&#8221;4.21.0&#8243; _module_preset=&#8221;default&#8221; text_font=&#8221;Lexend|300|||||||&#8221; text_text_color=&#8221;#000000&#8243; text_font_size=&#8221;16px&#8221; text_letter_spacing=&#8221;-0.02em&#8221; text_orientation_tablet=&#8221;center&#8221; text_orientation_phone=&#8221;center&#8221; text_orientation_last_edited=&#8221;on|tablet&#8221; global_colors_info=&#8221;{}&#8221;]<\/p>\n<p>A API fornece aos fabricantes de equipamentos pesados servi\u00e7os de medi\u00e7\u00e3o dimensional laser tracker para grandes fabrica\u00e7\u00f5es e montagens, juntamente com a grande calibra\u00e7\u00e3o da ferramenta da m\u00e1quina CNC.<\/p>\n<p>[\/et_pb_text][et_pb_image src=&#8221;https:\/\/apimetrology.com\/wp-content\/uploads\/2023\/09\/globally-local.png&#8221; title_text=&#8221;globalmente local&#8221; align_tablet=&#8221;center&#8221; align_phone=&#8221;center&#8221; align_last_edited=&#8221;on|tablet&#8221; _builder_version=&#8221;4.21.0&#8243; _module_preset=&#8221;default&#8221; custom_margin=&#8221;||16px|||&#8221; global_colors_info=&#8221;{}&#8221;][\/et_pb_image][et_pb_text _builder_version=&#8221;4.21.0&#8243; _module_preset=&#8221;default&#8221; text_font=&#8221;Lexend||||||||&#8221; text_text_color=&#8221;#c1c1c1&#8243; text_font_size=&#8221;12px&#8221; text_letter_spacing=&#8221;0em&#8221; link_text_color=&#8221;gcid-fe01d856-c46f-44b0-85fd-53dfd7857b2b&#8221; text_orientation=&#8221;right&#8221; custom_margin=&#8221;||0px||false|false&#8221; text_orientation_tablet=&#8221;center&#8221; text_orientation_phone=&#8221;center&#8221; text_orientation_last_edited=&#8221;on|desktop&#8221; locked=&#8221;off&#8221; global_colors_info=&#8221;{%22gcid-fe01d856-c46f-44b0-85fd-53dfd7857b2b%22:%91%22link_text_color%22%93}&#8221;]<\/p>\n<p>\n            <a href=\"https:\/\/apimetrology.com\/pt-br\/?page_id=281036\">Entre em contato com um metrologista local<\/a>\n          <\/p>\n<p>[\/et_pb_text][\/et_pb_column][\/et_pb_row][\/et_pb_section][et_pb_section fb_built=&#8221;1&#8243; _builder_version=&#8221;4.21.0&#8243; _module_preset=&#8221;default&#8221; custom_padding=&#8221;3px|||||&#8221; global_colors_info=&#8221;{}&#8221;][et_pb_row column_structure=&#8221;1_3,1_3,1_3&#8243; _builder_version=&#8221;4.21.0&#8243; _module_preset=&#8221;default&#8221; global_colors_info=&#8221;{}&#8221;][et_pb_column type=&#8221;1_3&#8243; _builder_version=&#8221;4.21.0&#8243; _module_preset=&#8221;default&#8221; custom_padding=&#8221;30px||||false|false&#8221; custom_padding_tablet=&#8221;0px||||false|false&#8221; custom_padding_phone=&#8221;0px||||false|false&#8221; custom_padding_last_edited=&#8221;on|phone&#8221; global_colors_info=&#8221;{}&#8221;][et_pb_text _builder_version=&#8221;4.21.0&#8243; _module_preset=&#8221;default&#8221; text_font=&#8221;Lexend|300|||||||&#8221; text_text_color=&#8221;#000000&#8243; text_font_size=&#8221;16px&#8221; text_letter_spacing=&#8221;-0.02em&#8221; text_line_height=&#8221;1.6em&#8221; global_colors_info=&#8221;{}&#8221;]<\/p>\n<p>\n            <strong>Medi\u00e7\u00f5es precisas s\u00e3o cruciais na ind\u00fastria de m\u00e1quinas pesadas, onde equipamentos de grande escala s\u00e3o produzidos e mantidos.  <\/strong>\n          <\/p>\n<p>Essas m\u00e1quinas geralmente executam tarefas que exigem alta precis\u00e3o, portanto, a import\u00e2ncia de medi\u00e7\u00f5es confi\u00e1veis e exatas n\u00e3o pode ser exagerada. A metrologia garante que essas m\u00e1quinas sejam constru\u00eddas e operem de acordo com as especifica\u00e7\u00f5es, resultando em opera\u00e7\u00f5es mais seguras e eficientes.<\/p>\n<p>[\/et_pb_text][\/et_pb_column][et_pb_column type=&#8221;1_3&#8243; _builder_version=&#8221;4.21.0&#8243; _module_preset=&#8221;default&#8221; custom_padding=&#8221;30px||||false|false&#8221; custom_padding_tablet=&#8221;0px||||false|false&#8221; custom_padding_phone=&#8221;0px||||false|false&#8221; custom_padding_last_edited=&#8221;on|phone&#8221; global_colors_info=&#8221;{}&#8221;][et_pb_text _builder_version=&#8221;4.21.0&#8243; _module_preset=&#8221;default&#8221; text_font=&#8221;Lexend|300|||||||&#8221; text_text_color=&#8221;#000000&#8243; text_font_size=&#8221;16px&#8221; text_letter_spacing=&#8221;-0.02em&#8221; text_line_height=&#8221;1.6em&#8221; global_colors_info=&#8221;{}&#8221;]<\/p>\n<p>A API Metrology fornece \u00e0 ind\u00fastria de m\u00e1quinas pesadas equipamentos de metrologia de alto n\u00edvel, como o Radian Laser Tracker e o Dynamic 9D LADAR. Essas ferramentas fornecem medi\u00e7\u00f5es precisas e confi\u00e1veis para equipamentos de grande escala, garantindo que atendam a rigorosos padr\u00f5es de qualidade e seguran\u00e7a. N\u00e3o importa se voc\u00ea est\u00e1 fabricando equipamentos de constru\u00e7\u00e3o ou fazendo manuten\u00e7\u00e3o de m\u00e1quinas de minera\u00e7\u00e3o, as solu\u00e7\u00f5es avan\u00e7adas da API Metrology podem atender \u00e0s suas necessidades de medi\u00e7\u00e3o de precis\u00e3o, aumentando a produtividade e a seguran\u00e7a operacional.<\/p>\n<p>[\/et_pb_text][\/et_pb_column][et_pb_column type=&#8221;1_3&#8243; _builder_version=&#8221;4.21.0&#8243; _module_preset=&#8221;default&#8221; background_color=&#8221;gcid-bcf6a971-b633-4615-b3d9-7a76441ac6c2&#8243; custom_padding=&#8221;30px|30px|30px|30px|true|true&#8221; border_radii=&#8221;on|16px|16px|16px|16px&#8221; global_colors_info=&#8221;{%22gcid-bcf6a971-b633-4615-b3d9-7a76441ac6c2%22:%91%22background_color%22%93}&#8221;][et_pb_text _builder_version=&#8221;4.21.0&#8243; _module_preset=&#8221;default&#8221; header_2_font=&#8221;Roboto||||||||&#8221; header_2_text_color=&#8221;#000000&#8243; header_2_font_size=&#8221;20px&#8221; header_2_letter_spacing=&#8221;-0.02em&#8221; header_2_line_height=&#8221;1.2em&#8221; custom_margin=&#8221;||9px|||&#8221; global_colors_info=&#8221;{}&#8221;]<\/p>\n<h2>O equipamento da API (e nossa equipe de Servi\u00e7os no local) pode suportar:<\/h2>\n<p>[\/et_pb_text][et_pb_text ul_type=&#8221;circle&#8221; ul_item_indent=&#8221;20px&#8221; _builder_version=&#8221;4.21.0&#8243; _module_preset=&#8221;default&#8221; text_font=&#8221;Lexend|300|||||||&#8221; text_text_color=&#8221;#000000&#8243; text_font_size=&#8221;16px&#8221; text_letter_spacing=&#8221;-0.02em&#8221; text_line_height=&#8221;1.5em&#8221; ul_line_height=&#8221;1.6em&#8221; global_colors_info=&#8221;{}&#8221;]<\/p>\n<ul>\n<li>Recuperar medi\u00e7\u00e3o de m\u00e1quina<\/li>\n<li>Geometria do Transportador de Cl\u00ednquer<\/li>\n<li>Medi\u00e7\u00e3o de M\u00e1quina de Extra\u00e7\u00e3o<\/li>\n<li>Medi\u00e7\u00e3o da caixa de engrenagens da m\u00e1quina<\/li>\n<li>Medi\u00e7\u00e3o do dispositivo<\/li>\n<li>Geometria da M\u00e1quina<\/li>\n<li>Part Measurement<\/li>\n<li>An\u00e1lise Estat\u00edstica de Processo<\/li>\n<li>Melhoria de Processos<\/li>\n<li>E mais<\/li>\n<\/ul>\n<p>[\/et_pb_text][\/et_pb_column][\/et_pb_row][\/et_pb_section][et_pb_section fb_built=&#8221;1&#8243; _builder_version=&#8221;4.21.0&#8243; _module_preset=&#8221;default&#8221; background_color=&#8221;gcid-fe01d856-c46f-44b0-85fd-53dfd7857b2b&#8221; custom_padding=&#8221;40px||40px||true|&#8221; global_colors_info=&#8221;{%22gcid-fe01d856-c46f-44b0-85fd-53dfd7857b2b%22:%91%22background_color%22%93}&#8221;][et_pb_row _builder_version=&#8221;4.21.0&#8243; _module_preset=&#8221;default&#8221; custom_padding=&#8221;10px||10px||false|false&#8221; global_colors_info=&#8221;{}&#8221;][et_pb_column type=&#8221;4_4&#8243; _builder_version=&#8221;4.21.0&#8243; _module_preset=&#8221;default&#8221; global_colors_info=&#8221;{}&#8221;][et_pb_text _builder_version=&#8221;4.21.0&#8243; _module_preset=&#8221;default&#8221; header_2_font=&#8221;|300|||||||&#8221; header_2_text_align=&#8221;center&#8221; header_2_text_color=&#8221;#FFFFFF&#8221; header_2_font_size=&#8221;2.5vw&#8221; header_2_letter_spacing=&#8221;-0.04em&#8221; header_2_line_height=&#8221;1.2em&#8221; custom_margin=&#8221;||12px|||&#8221; header_2_font_size_tablet=&#8221;4vw&#8221; header_2_font_size_phone=&#8221;8vw&#8221; header_2_font_size_last_edited=&#8221;on|phone&#8221; global_colors_info=&#8221;{}&#8221;]<\/p>\n<h2>Fa\u00e7a o download do folheto de servi\u00e7o<\/h2>\n<p>[\/et_pb_text][et_pb_button button_url=&#8221;https:\/\/apimetrology.com\/pt-br\/forma-de-folheto-radiiano\/&#8221; button_text=&#8221;Baixar Agora&#8221; button_alignment=&#8221;center&#8221; _builder_version=&#8221;4.21.0&#8243; _module_preset=&#8221;default&#8221; custom_button=&#8221;on&#8221; button_text_size=&#8221;18px&#8221; button_text_color=&#8221;#E02B20&#8243; button_bg_color=&#8221;#FFFFFF&#8221; button_border_width=&#8221;0px&#8221; button_border_color=&#8221;#FFFFFF&#8221; button_border_radius=&#8221;12px&#8221; button_letter_spacing=&#8221;-0.02em&#8221; button_font=&#8221;Lexend|500|||||||&#8221; button_icon=&#8221;&#x24;||divi||400&#8243; button_icon_color=&#8221;#E02B20&#8243; hover_enabled=&#8221;0&#8243; locked=&#8221;off&#8221; global_colors_info=&#8221;{}&#8221; sticky_enabled=&#8221;0&#8243;][\/et_pb_button][\/et_pb_column][\/et_pb_row][\/et_pb_section][et_pb_section fb_built=&#8221;1&#8243; _builder_version=&#8221;4.20.4&#8243; _module_preset=&#8221;default&#8221; background_color=&#8221;gcid-bcf6a971-b633-4615-b3d9-7a76441ac6c2&#8243; global_colors_info=&#8221;{%22gcid-bcf6a971-b633-4615-b3d9-7a76441ac6c2%22:%91%22background_color%22%93}&#8221;][et_pb_row _builder_version=&#8221;4.20.4&#8243; _module_preset=&#8221;default&#8221; custom_padding=&#8221;||0px|||&#8221; global_colors_info=&#8221;{}&#8221;][et_pb_column type=&#8221;4_4&#8243; _builder_version=&#8221;4.20.4&#8243; _module_preset=&#8221;default&#8221; global_colors_info=&#8221;{}&#8221;][et_pb_text _builder_version=&#8221;4.21.0&#8243; _module_preset=&#8221;default&#8221; header_2_font=&#8221;|300|||||||&#8221; header_2_text_align=&#8221;center&#8221; header_2_font_size=&#8221;2.5vw&#8221; header_2_letter_spacing=&#8221;-0.04em&#8221; header_2_line_height=&#8221;1.2em&#8221; header_2_font_size_tablet=&#8221;4vw&#8221; header_2_font_size_phone=&#8221;8vw&#8221; header_2_font_size_last_edited=&#8221;on|desktop&#8221; global_colors_info=&#8221;{}&#8221;]<\/p>\n<h2><span style=\"color: #d90000;\">Estudos de caso<\/span> da ind\u00fastria de m\u00e1quinas pesadas<\/h2>\n<p>[\/et_pb_text][\/et_pb_column][\/et_pb_row][et_pb_row _builder_version=&#8221;4.20.4&#8243; _module_preset=&#8221;default&#8221; global_colors_info=&#8221;{}&#8221;][et_pb_column type=&#8221;4_4&#8243; _builder_version=&#8221;4.20.4&#8243; _module_preset=&#8221;default&#8221; global_colors_info=&#8221;{}&#8221;][dnxte_blog_slider include_categories=&#8221;10&#8243; order=&#8221;DESC&#8221; dnxte_feaimage_thumb_size=&#8221;large&#8221; show_author=&#8221;off&#8221; date_position=&#8221;none&#8221; show_excerpt=&#8221;off&#8221; dnxte_blogslider_centered_slides=&#8221;on&#8221; dnxte_blogslider_autoplay_show_hide=&#8221;on&#8221; dnxte_blogslider_loop=&#8221;on&#8221; dnxte_blogslider_mousewheel_enable=&#8221;off&#8221; dnxte_blogslider_slide_stretch=&#8221;-30&#8243; dnxte_blogslider_slide_depth=&#8221;146&#8243; dnxte_blogslide_arrow_color=&#8221;gcid-fe01d856-c46f-44b0-85fd-53dfd7857b2b&#8221; dnxte_blogslider_dots_active_color=&#8221;gcid-fe01d856-c46f-44b0-85fd-53dfd7857b2b&#8221; image_overlay_bg_color=&#8221;rgba(224,43,32,0.33)&#8221; _builder_version=&#8221;4.20.4&#8243; _module_preset=&#8221;default&#8221; header_font=&#8221;Lexend||||||||&#8221; header_font_size=&#8221;16px&#8221; header_letter_spacing=&#8221;-0.04em&#8221; border_radii_image=&#8221;on|12px|12px|12px|12px&#8221; border_color_all_arrow=&#8221;#E02B20&#8243; global_colors_info=&#8221;{%22gcid-fe01d856-c46f-44b0-85fd-53dfd7857b2b%22:%91%22dnxte_blogslide_arrow_color%22,%22dnxte_blogslider_dots_active_color%22%93}&#8221;][\/dnxte_blog_slider][\/et_pb_column][\/et_pb_row][\/et_pb_section]<\/p>\n","protected":false},"excerpt":{"rendered":"<p>Ind\u00fastriasM\u00e1quinas PesadasA API fornece aos fabricantes de equipamentos pesados servi\u00e7os de medi\u00e7\u00e3o dimensional laser tracker para grandes fabrica\u00e7\u00f5es e montagens, juntamente com a grande calibra\u00e7\u00e3o da ferramenta da m\u00e1quina CNC. Entre em contato com um metrologista local Medi\u00e7\u00f5es precisas s\u00e3o cruciais na ind\u00fastria de m\u00e1quinas pesadas, onde equipamentos de grande escala s\u00e3o produzidos e mantidos. [&hellip;]<\/p>\n","protected":false},"author":29,"featured_media":0,"parent":8885,"menu_order":0,"comment_status":"closed","ping_status":"closed","template":"","meta":{"_et_pb_use_builder":"on","_et_pb_old_content":"","_et_gb_content_width":"","footnotes":""},"class_list":["post-283073","page","type-page","status-publish","hentry"],"featured_image_src":null,"yoast_head":"<!-- This site is optimized with the Yoast SEO Premium plugin v26.3 (Yoast SEO v27.1.1) - https:\/\/yoast.com\/product\/yoast-seo-premium-wordpress\/ -->\n<title>Ind\u00fastria de M\u00e1quinas Pesadas - API Metrology<\/title>\n<meta name=\"robots\" content=\"index, follow, max-snippet:-1, max-image-preview:large, max-video-preview:-1\" \/>\n<link rel=\"canonical\" href=\"https:\/\/apimetrology.com\/pt-br\/industrias\/industria-de-maquinas-pesadas\/\" \/>\n<meta property=\"og:locale\" content=\"pt_BR\" \/>\n<meta property=\"og:type\" content=\"article\" \/>\n<meta property=\"og:title\" content=\"Ind\u00fastria de M\u00e1quinas Pesadas\" \/>\n<meta property=\"og:description\" content=\"Ind\u00fastriasM\u00e1quinas PesadasA API fornece aos fabricantes de equipamentos pesados servi\u00e7os de medi\u00e7\u00e3o dimensional laser tracker para grandes fabrica\u00e7\u00f5es e montagens, juntamente com a grande calibra\u00e7\u00e3o da ferramenta da m\u00e1quina CNC. Entre em contato com um metrologista local Medi\u00e7\u00f5es precisas s\u00e3o cruciais na ind\u00fastria de m\u00e1quinas pesadas, onde equipamentos de grande escala s\u00e3o produzidos e mantidos. [&hellip;]\" \/>\n<meta property=\"og:url\" content=\"https:\/\/apimetrology.com\/pt-br\/industrias\/industria-de-maquinas-pesadas\/\" \/>\n<meta property=\"og:site_name\" content=\"API Metrology\" \/>\n<meta property=\"article:publisher\" content=\"https:\/\/www.facebook.com\/apimetrology\/\" \/>\n<meta property=\"article:modified_time\" content=\"2023-10-12T13:46:49+00:00\" \/>\n<meta property=\"og:image\" content=\"https:\/\/apimetrology.com\/wp-content\/uploads\/2023\/02\/image.png\" \/>\n\t<meta property=\"og:image:width\" content=\"250\" \/>\n\t<meta property=\"og:image:height\" content=\"139\" \/>\n\t<meta property=\"og:image:type\" content=\"image\/png\" \/>\n<meta name=\"twitter:card\" content=\"summary_large_image\" \/>\n<meta name=\"twitter:label1\" content=\"Est. tempo de leitura\" \/>\n\t<meta name=\"twitter:data1\" content=\"3 minutos\" \/>\n<script type=\"application\/ld+json\" class=\"yoast-schema-graph\">{\"@context\":\"https:\/\/schema.org\",\"@graph\":[{\"@type\":\"WebPage\",\"@id\":\"https:\/\/apimetrology.com\/pt-br\/industrias\/industria-de-maquinas-pesadas\/\",\"url\":\"https:\/\/apimetrology.com\/pt-br\/industrias\/industria-de-maquinas-pesadas\/\",\"name\":\"Ind\u00fastria de M\u00e1quinas Pesadas - API Metrology\",\"isPartOf\":{\"@id\":\"https:\/\/apimetrology.com\/pt-br\/#website\"},\"datePublished\":\"2023-10-11T16:06:31+00:00\",\"dateModified\":\"2023-10-12T13:46:49+00:00\",\"breadcrumb\":{\"@id\":\"https:\/\/apimetrology.com\/pt-br\/industrias\/industria-de-maquinas-pesadas\/#breadcrumb\"},\"inLanguage\":\"pt-BR\",\"potentialAction\":[{\"@type\":\"ReadAction\",\"target\":[\"https:\/\/apimetrology.com\/pt-br\/industrias\/industria-de-maquinas-pesadas\/\"]}]},{\"@type\":\"BreadcrumbList\",\"@id\":\"https:\/\/apimetrology.com\/pt-br\/industrias\/industria-de-maquinas-pesadas\/#breadcrumb\",\"itemListElement\":[{\"@type\":\"ListItem\",\"position\":1,\"name\":\"Home\",\"item\":\"https:\/\/apimetrology.com\/pt-br\/\"},{\"@type\":\"ListItem\",\"position\":2,\"name\":\"Ind\u00fastrias\",\"item\":\"https:\/\/apimetrology.com\/pt-br\/industries\/\"},{\"@type\":\"ListItem\",\"position\":3,\"name\":\"Ind\u00fastria de M\u00e1quinas Pesadas\"}]},{\"@type\":\"WebSite\",\"@id\":\"https:\/\/apimetrology.com\/pt-br\/#website\",\"url\":\"https:\/\/apimetrology.com\/pt-br\/\",\"name\":\"API Metrology\",\"description\":\"Laser Tracker, Machine Tool and Robot Calibration Equipment Supplier\",\"publisher\":{\"@id\":\"https:\/\/apimetrology.com\/pt-br\/#organization\"},\"potentialAction\":[{\"@type\":\"SearchAction\",\"target\":{\"@type\":\"EntryPoint\",\"urlTemplate\":\"https:\/\/apimetrology.com\/pt-br\/?s={search_term_string}\"},\"query-input\":{\"@type\":\"PropertyValueSpecification\",\"valueRequired\":true,\"valueName\":\"search_term_string\"}}],\"inLanguage\":\"pt-BR\"},{\"@type\":\"Organization\",\"@id\":\"https:\/\/apimetrology.com\/pt-br\/#organization\",\"name\":\"API Metrology\",\"url\":\"https:\/\/apimetrology.com\/pt-br\/\",\"logo\":{\"@type\":\"ImageObject\",\"inLanguage\":\"pt-BR\",\"@id\":\"https:\/\/apimetrology.com\/pt-br\/#\/schema\/logo\/image\/\",\"url\":\"https:\/\/apimetrology.com\/wp-content\/uploads\/2018\/11\/API-logo.png\",\"contentUrl\":\"https:\/\/apimetrology.com\/wp-content\/uploads\/2018\/11\/API-logo.png\",\"width\":1080,\"height\":699,\"caption\":\"API Metrology\"},\"image\":{\"@id\":\"https:\/\/apimetrology.com\/pt-br\/#\/schema\/logo\/image\/\"},\"sameAs\":[\"https:\/\/www.facebook.com\/apimetrology\/\",\"https:\/\/www.linkedin.com\/company\/apimetrology\/\",\"https:\/\/www.youtube.com\/@AutomatedPrecision\"]}]}<\/script>\n<!-- \/ Yoast SEO Premium plugin. -->","yoast_head_json":{"title":"Ind\u00fastria de M\u00e1quinas Pesadas - API Metrology","robots":{"index":"index","follow":"follow","max-snippet":"max-snippet:-1","max-image-preview":"max-image-preview:large","max-video-preview":"max-video-preview:-1"},"canonical":"https:\/\/apimetrology.com\/pt-br\/industrias\/industria-de-maquinas-pesadas\/","og_locale":"pt_BR","og_type":"article","og_title":"Ind\u00fastria de M\u00e1quinas Pesadas","og_description":"Ind\u00fastriasM\u00e1quinas PesadasA API fornece aos fabricantes de equipamentos pesados servi\u00e7os de medi\u00e7\u00e3o dimensional laser tracker para grandes fabrica\u00e7\u00f5es e montagens, juntamente com a grande calibra\u00e7\u00e3o da ferramenta da m\u00e1quina CNC. Entre em contato com um metrologista local Medi\u00e7\u00f5es precisas s\u00e3o cruciais na ind\u00fastria de m\u00e1quinas pesadas, onde equipamentos de grande escala s\u00e3o produzidos e mantidos. [&hellip;]","og_url":"https:\/\/apimetrology.com\/pt-br\/industrias\/industria-de-maquinas-pesadas\/","og_site_name":"API Metrology","article_publisher":"https:\/\/www.facebook.com\/apimetrology\/","article_modified_time":"2023-10-12T13:46:49+00:00","og_image":[{"width":250,"height":139,"url":"https:\/\/apimetrology.com\/wp-content\/uploads\/2023\/02\/image.png","type":"image\/png"}],"twitter_card":"summary_large_image","twitter_misc":{"Est. tempo de leitura":"3 minutos"},"schema":{"@context":"https:\/\/schema.org","@graph":[{"@type":"WebPage","@id":"https:\/\/apimetrology.com\/pt-br\/industrias\/industria-de-maquinas-pesadas\/","url":"https:\/\/apimetrology.com\/pt-br\/industrias\/industria-de-maquinas-pesadas\/","name":"Ind\u00fastria de M\u00e1quinas Pesadas - API Metrology","isPartOf":{"@id":"https:\/\/apimetrology.com\/pt-br\/#website"},"datePublished":"2023-10-11T16:06:31+00:00","dateModified":"2023-10-12T13:46:49+00:00","breadcrumb":{"@id":"https:\/\/apimetrology.com\/pt-br\/industrias\/industria-de-maquinas-pesadas\/#breadcrumb"},"inLanguage":"pt-BR","potentialAction":[{"@type":"ReadAction","target":["https:\/\/apimetrology.com\/pt-br\/industrias\/industria-de-maquinas-pesadas\/"]}]},{"@type":"BreadcrumbList","@id":"https:\/\/apimetrology.com\/pt-br\/industrias\/industria-de-maquinas-pesadas\/#breadcrumb","itemListElement":[{"@type":"ListItem","position":1,"name":"Home","item":"https:\/\/apimetrology.com\/pt-br\/"},{"@type":"ListItem","position":2,"name":"Ind\u00fastrias","item":"https:\/\/apimetrology.com\/pt-br\/industries\/"},{"@type":"ListItem","position":3,"name":"Ind\u00fastria de M\u00e1quinas Pesadas"}]},{"@type":"WebSite","@id":"https:\/\/apimetrology.com\/pt-br\/#website","url":"https:\/\/apimetrology.com\/pt-br\/","name":"API Metrology","description":"Laser Tracker, Machine Tool and Robot Calibration Equipment Supplier","publisher":{"@id":"https:\/\/apimetrology.com\/pt-br\/#organization"},"potentialAction":[{"@type":"SearchAction","target":{"@type":"EntryPoint","urlTemplate":"https:\/\/apimetrology.com\/pt-br\/?s={search_term_string}"},"query-input":{"@type":"PropertyValueSpecification","valueRequired":true,"valueName":"search_term_string"}}],"inLanguage":"pt-BR"},{"@type":"Organization","@id":"https:\/\/apimetrology.com\/pt-br\/#organization","name":"API Metrology","url":"https:\/\/apimetrology.com\/pt-br\/","logo":{"@type":"ImageObject","inLanguage":"pt-BR","@id":"https:\/\/apimetrology.com\/pt-br\/#\/schema\/logo\/image\/","url":"https:\/\/apimetrology.com\/wp-content\/uploads\/2018\/11\/API-logo.png","contentUrl":"https:\/\/apimetrology.com\/wp-content\/uploads\/2018\/11\/API-logo.png","width":1080,"height":699,"caption":"API Metrology"},"image":{"@id":"https:\/\/apimetrology.com\/pt-br\/#\/schema\/logo\/image\/"},"sameAs":["https:\/\/www.facebook.com\/apimetrology\/","https:\/\/www.linkedin.com\/company\/apimetrology\/","https:\/\/www.youtube.com\/@AutomatedPrecision"]}]}},"_links":{"self":[{"href":"https:\/\/apimetrology.com\/pt-br\/wp-json\/wp\/v2\/pages\/283073","targetHints":{"allow":["GET"]}}],"collection":[{"href":"https:\/\/apimetrology.com\/pt-br\/wp-json\/wp\/v2\/pages"}],"about":[{"href":"https:\/\/apimetrology.com\/pt-br\/wp-json\/wp\/v2\/types\/page"}],"author":[{"embeddable":true,"href":"https:\/\/apimetrology.com\/pt-br\/wp-json\/wp\/v2\/users\/29"}],"replies":[{"embeddable":true,"href":"https:\/\/apimetrology.com\/pt-br\/wp-json\/wp\/v2\/comments?post=283073"}],"version-history":[{"count":0,"href":"https:\/\/apimetrology.com\/pt-br\/wp-json\/wp\/v2\/pages\/283073\/revisions"}],"up":[{"embeddable":true,"href":"https:\/\/apimetrology.com\/pt-br\/wp-json\/wp\/v2\/pages\/8885"}],"wp:attachment":[{"href":"https:\/\/apimetrology.com\/pt-br\/wp-json\/wp\/v2\/media?parent=283073"}],"curies":[{"name":"wp","href":"https:\/\/api.w.org\/{rel}","templated":true}]}}