{"id":8516,"date":"2020-10-07T12:03:27","date_gmt":"2020-10-07T16:03:27","guid":{"rendered":"https:\/\/apimetrology.com\/?page_id=8516"},"modified":"2023-10-06T04:56:29","modified_gmt":"2023-10-06T08:56:29","slug":"calibracao-de-robos","status":"publish","type":"page","link":"https:\/\/apimetrology.com\/pt-br\/calibracao-de-robos\/","title":{"rendered":"Calibra\u00e7\u00e3o de rob\u00f4s"},"content":{"rendered":"<p>[et_pb_section fb_built=&#8221;1&#8243; fullwidth=&#8221;on&#8221; _builder_version=&#8221;4.16&#8243; _module_preset=&#8221;default&#8221; global_colors_info=&#8221;{}&#8221;][et_pb_fullwidth_code _builder_version=&#8221;4.16&#8243; _module_preset=&#8221;default&#8221; global_colors_info=&#8221;{}&#8221;]            \n\t\t\t<!-- START calibration  Tier 1 New REVOLUTION SLIDER 6.7.9 --><p class=\"rs-p-wp-fix\"><\/p>\n\t\t\t<rs-module-wrap id=\"rev_slider_16_1_wrapper\" data-source=\"gallery\" style=\"visibility:hidden;background:transparent;padding:0;margin:0px auto;margin-top:0;margin-bottom:0;\">\n\t\t\t\t<rs-module id=\"rev_slider_16_1\" style=\"\" data-version=\"6.7.9\">\n\t\t\t\t\t<rs-slides style=\"overflow: hidden; position: absolute;\">\n\t\t\t\t\t\t<rs-slide style=\"position: absolute;\" data-key=\"rs-89\" data-title=\"Slide\" data-anim=\"ms:600;r:0;\" data-in=\"o:0;\" data-out=\"a:false;\">\n\t\t\t\t\t\t\t<img decoding=\"async\" src=\"\/\/apimetrology.com\/wp-content\/plugins\/revslider\/sr6\/assets\/assets\/dummy.png\" alt=\"\" title=\"Calibra\u00e7\u00e3o de rob\u00f4s\" class=\"rev-slidebg tp-rs-img rs-lazyload\" data-lazyload=\"\/\/apimetrology.com\/wp-content\/uploads\/2018\/08\/hero_product_collage-calibration.jpg\" data-no-retina>\n<!--\n\t\t\t\t\t\t\t--><rs-layer\n\t\t\t\t\t\t\t\tid=\"slider-16-slide-89-layer-2\" \n\t\t\t\t\t\t\t\tdata-type=\"image\"\n\t\t\t\t\t\t\t\tdata-rsp_ch=\"on\"\n\t\t\t\t\t\t\t\tdata-xy=\"x:55px;y:70px;\"\n\t\t\t\t\t\t\t\tdata-text=\"l:22;a:inherit;\"\n\t\t\t\t\t\t\t\tdata-dim=\"w:258px;h:102px;\"\n\t\t\t\t\t\t\t\tdata-frame_0=\"tp:600;\"\n\t\t\t\t\t\t\t\tdata-frame_1=\"tp:600;\"\n\t\t\t\t\t\t\t\tdata-frame_999=\"o:0;tp:600;st:w;sR:8700;\"\n\t\t\t\t\t\t\t\tstyle=\"z-index:5;\"\n\t\t\t\t\t\t\t><img decoding=\"async\" src=\"\/\/apimetrology.com\/wp-content\/plugins\/revslider\/sr6\/assets\/assets\/dummy.png\" alt=\"\" class=\"tp-rs-img rs-lazyload\" width=\"1813\" height=\"718\" data-lazyload=\"\/\/apimetrology.com\/wp-content\/uploads\/2018\/06\/API-Logo-Concept-08.png\" data-no-retina> \n\t\t\t\t\t\t\t<\/rs-layer><!--\n\n\t\t\t\t\t\t\t--><rs-layer\n\t\t\t\t\t\t\t\tid=\"slider-16-slide-89-layer-3\" \n\t\t\t\t\t\t\t\tdata-type=\"text\"\n\t\t\t\t\t\t\t\tdata-color=\"#787878\"\n\t\t\t\t\t\t\t\tdata-rsp_ch=\"on\"\n\t\t\t\t\t\t\t\tdata-xy=\"x:38px;y:183px;\"\n\t\t\t\t\t\t\t\tdata-text=\"s:30;l:22;a:inherit;\"\n\t\t\t\t\t\t\t\tdata-dim=\"w:306px;\"\n\t\t\t\t\t\t\t\tdata-frame_0=\"tp:600;\"\n\t\t\t\t\t\t\t\tdata-frame_1=\"tp:600;\"\n\t\t\t\t\t\t\t\tdata-frame_999=\"o:0;tp:600;st:w;sR:8700;\"\n\t\t\t\t\t\t\t\tstyle=\"z-index:6;font-family:'Roboto Condensed';\"\n\t\t\t\t\t\t\t>Solu\u00e7\u00e3o para Calibra\u00e7\u00e3o de \n\t\t\t\t\t\t\t<\/rs-layer><!--\n\n\t\t\t\t\t\t\t--><rs-layer\n\t\t\t\t\t\t\t\tid=\"slider-16-slide-89-layer-4\" \n\t\t\t\t\t\t\t\tdata-type=\"text\"\n\t\t\t\t\t\t\t\tdata-color=\"#787878\"\n\t\t\t\t\t\t\t\tdata-rsp_ch=\"on\"\n\t\t\t\t\t\t\t\tdata-xy=\"x:26px;y:222px;\"\n\t\t\t\t\t\t\t\tdata-text=\"s:50;l:22;fw:300;a:inherit;\"\n\t\t\t\t\t\t\t\tdata-frame_0=\"tp:600;\"\n\t\t\t\t\t\t\t\tdata-frame_1=\"tp:600;\"\n\t\t\t\t\t\t\t\tdata-frame_999=\"o:0;tp:600;st:w;sR:8700;\"\n\t\t\t\t\t\t\t\tstyle=\"z-index:7;font-family:'Roboto';\"\n\t\t\t\t\t\t\t>M\u00e1quinas e Rob\u00f4s \n\t\t\t\t\t\t\t<\/rs-layer><!--\n-->\t\t\t\t\t<\/rs-slide>\n\t\t\t\t\t<\/rs-slides>\n\t\t\t\t<\/rs-module>\n\t\t\t\t<script>\n\t\t\t\t\tsetREVStartSize({c: 'rev_slider_16_1',rl:[1240,1024,778,480],el:[600],gw:[1200],gh:[600],type:'standard',justify:'',layout:'fullwidth',mh:\"0\"});if (window.RS_MODULES!==undefined && window.RS_MODULES.modules!==undefined && window.RS_MODULES.modules[\"revslider161\"]!==undefined) {window.RS_MODULES.modules[\"revslider161\"].once = false;window.revapi16 = undefined;if (window.RS_MODULES.checkMinimal!==undefined) window.RS_MODULES.checkMinimal()}\n\t\t\t\t<\/script>\n\t\t\t<\/rs-module-wrap>\n\t\t\t<!-- END REVOLUTION SLIDER -->\n<!-- [et_pb_line_break_holder] -->[\/et_pb_fullwidth_code][\/et_pb_section][et_pb_section fb_built=&#8221;1&#8243; _builder_version=&#8221;4.16&#8243; _module_preset=&#8221;default&#8221; global_colors_info=&#8221;{}&#8221;][et_pb_row _builder_version=&#8221;4.16&#8243; _module_preset=&#8221;default&#8221; global_colors_info=&#8221;{}&#8221;][et_pb_column type=&#8221;4_4&#8243; _builder_version=&#8221;4.16&#8243; _module_preset=&#8221;default&#8221; global_colors_info=&#8221;{}&#8221;][et_pb_text _builder_version=&#8221;4.21.0&#8243; _module_preset=&#8221;default&#8221; text_font=&#8221;Roboto||||||||&#8221; text_font_size=&#8221;18px&#8221; header_text_align=&#8221;center&#8221; header_font_size=&#8221;40px&#8221; header_2_text_align=&#8221;center&#8221; header_2_font_size=&#8221;40px&#8221; text_orientation=&#8221;center&#8221; global_colors_info=&#8221;{}&#8221;]<\/p>\n<h1>CALIBRA\u00c7\u00c3O ROB\u00d3TICA<\/h1>\n<div>Obtenha uma maior precis\u00e3o de posicionamento absoluto de rob\u00f4 com a calibra\u00e7\u00e3o din\u00e2mica de rob\u00f4 utilizando o Laser Tracker da API e o Active Target, um sistema SMR 360\u00b0 motorizado e auto-orient\u00e1vel.<\/div>\n<p>[\/et_pb_text][\/et_pb_column][\/et_pb_row][\/et_pb_section][et_pb_section fb_built=&#8221;1&#8243; _builder_version=&#8221;4.16&#8243; _module_preset=&#8221;default&#8221; global_colors_info=&#8221;{}&#8221;][et_pb_row column_structure=&#8221;1_2,1_2&#8243; _builder_version=&#8221;4.16&#8243; _module_preset=&#8221;default&#8221; global_colors_info=&#8221;{}&#8221;][et_pb_column type=&#8221;1_2&#8243; _builder_version=&#8221;4.16&#8243; _module_preset=&#8221;default&#8221; global_colors_info=&#8221;{}&#8221;][et_pb_image src=&#8221;https:\/\/apimetrology.com\/wp-content\/uploads\/2021\/12\/radian-robot-calibration-600&#215;400-1.jpg&#8221; title_text=&#8221;radian-robot-calibration-600&#215;400&#8243; _builder_version=&#8221;4.21.0&#8243; _module_preset=&#8221;default&#8221; hover_enabled=&#8221;0&#8243; global_colors_info=&#8221;{}&#8221; sticky_enabled=&#8221;0&#8243;][\/et_pb_image][\/et_pb_column][et_pb_column type=&#8221;1_2&#8243; _builder_version=&#8221;4.16&#8243; _module_preset=&#8221;default&#8221; global_colors_info=&#8221;{}&#8221;][et_pb_text _builder_version=&#8221;4.16&#8243; _module_preset=&#8221;default&#8221; text_font=&#8221;Roboto||||||||&#8221; header_2_font=&#8221;Roboto||||||||&#8221; header_2_text_align=&#8221;left&#8221; header_2_font_size=&#8221;30px&#8221; custom_margin=&#8221;30px|||||&#8221; global_colors_info=&#8221;{}&#8221;]<\/p>\n<h2>MELHORE OS PROCESSOS PRODUTIVOS<\/h2>\n<div>A solu\u00e7\u00e3o de rastreamento din\u00e2mico com rob\u00f4 da API utiliza medi\u00e7\u00e3o com Laser Tracker 6DoF para determinar a posi\u00e7\u00e3o do ponto rastreado em tempo real, revelando a posi\u00e7\u00e3o e orienta\u00e7\u00e3o reais do rob\u00f4, permitindo a corre\u00e7\u00e3o em tempo real da trajet\u00f3ria do rob\u00f4.<\/div>\n<p>[\/et_pb_text][et_pb_button button_url=&#8221;https:\/\/apimetrology.com\/pt-br\/contato-api\/&#8221; button_text=&#8221;SOLICITE UMA COTA\u00c7\u00c3O&#8221; _builder_version=&#8221;4.16&#8243; _module_preset=&#8221;default&#8221; custom_button=&#8221;on&#8221; button_text_color=&#8221;#FFFFFF&#8221; button_bg_color=&#8221;#d90025&#8243; button_font=&#8221;Roboto||||||||&#8221; button_use_icon=&#8221;off&#8221; global_colors_info=&#8221;{}&#8221; button_bg_color__hover_enabled=&#8221;on|desktop&#8221; button_bg_color__hover=&#8221;#d80a2d&#8221; button_bg_enable_color__hover=&#8221;on&#8221;][\/et_pb_button][\/et_pb_column][\/et_pb_row][et_pb_row column_structure=&#8221;1_2,1_2&#8243; _builder_version=&#8221;4.16&#8243; _module_preset=&#8221;default&#8221; global_colors_info=&#8221;{}&#8221;][et_pb_column type=&#8221;1_2&#8243; _builder_version=&#8221;4.16&#8243; _module_preset=&#8221;default&#8221; global_colors_info=&#8221;{}&#8221;][et_pb_image src=&#8221;https:\/\/apimetrology.com\/wp-content\/uploads\/2018\/10\/STS_01small-1024&#215;683.jpg&#8221; title_text=&#8221;STS_01small&#8221; _builder_version=&#8221;4.16&#8243; _module_preset=&#8221;default&#8221; global_colors_info=&#8221;{}&#8221;][\/et_pb_image][\/et_pb_column][et_pb_column type=&#8221;1_2&#8243; _builder_version=&#8221;4.16&#8243; _module_preset=&#8221;default&#8221; global_colors_info=&#8221;{}&#8221;][et_pb_text _builder_version=&#8221;4.16&#8243; _module_preset=&#8221;default&#8221; text_font=&#8221;Roboto||||||||&#8221; header_2_font=&#8221;Roboto||||||||&#8221; header_2_text_align=&#8221;left&#8221; header_2_font_size=&#8221;30px&#8221; custom_margin=&#8221;30px|||||&#8221; global_colors_info=&#8221;{}&#8221;]<\/p>\n<h2>MEDI\u00c7\u00c3O DE DESEMPENHO ROB\u00d3TICO (\u201cRPM\u201d)<\/h2>\n<div>O procedimento utiliza as diretrizes da norma ISO 9283 para verificar a precis\u00e3o, repetibilidade, posi\u00e7\u00e3o, desvio, ultrapassagem e trajet\u00f3ria ao realizar exerc\u00edcios todas as juntas dos rob\u00f4s. Envelope de trabalho definido pelo usu\u00e1rio, aplic\u00e1vel \u00e0 fun\u00e7\u00e3o planejada do rob\u00f4 ou volume do rob\u00f4.<\/div>\n<p>[\/et_pb_text][et_pb_button button_url=&#8221;https:\/\/apimetrology.com\/pt-br\/contato-api\/&#8221; button_text=&#8221;SOLICITE UMA COTA\u00c7\u00c3O&#8221; _builder_version=&#8221;4.16&#8243; _module_preset=&#8221;default&#8221; custom_button=&#8221;on&#8221; button_text_color=&#8221;#FFFFFF&#8221; button_bg_color=&#8221;#d90025&#8243; button_font=&#8221;Roboto||||||||&#8221; button_use_icon=&#8221;off&#8221; global_colors_info=&#8221;{}&#8221; button_bg_color__hover_enabled=&#8221;on|desktop&#8221; button_bg_color__hover=&#8221;#d80a2d&#8221; button_bg_enable_color__hover=&#8221;on&#8221;][\/et_pb_button][\/et_pb_column][\/et_pb_row][et_pb_row column_structure=&#8221;1_2,1_2&#8243; _builder_version=&#8221;4.16&#8243; _module_preset=&#8221;default&#8221; global_colors_info=&#8221;{}&#8221;][et_pb_column type=&#8221;1_2&#8243; _builder_version=&#8221;4.16&#8243; _module_preset=&#8221;default&#8221; global_colors_info=&#8221;{}&#8221;][et_pb_image src=&#8221;https:\/\/apimetrology.com\/wp-content\/uploads\/2018\/12\/API-RMS-Software.png&#8221; title_text=&#8221;API RMS Software&#8221; _builder_version=&#8221;4.16&#8243; _module_preset=&#8221;default&#8221; global_colors_info=&#8221;{}&#8221;][\/et_pb_image][\/et_pb_column][et_pb_column type=&#8221;1_2&#8243; _builder_version=&#8221;4.16&#8243; _module_preset=&#8221;default&#8221; global_colors_info=&#8221;{}&#8221;][et_pb_text _builder_version=&#8221;4.16&#8243; _module_preset=&#8221;default&#8221; text_font=&#8221;Roboto||||||||&#8221; header_2_font=&#8221;Roboto||||||||&#8221; header_2_text_align=&#8221;left&#8221; header_2_font_size=&#8221;30px&#8221; custom_margin=&#8221;101px|||||&#8221; global_colors_info=&#8221;{}&#8221;]<\/p>\n<h2>CALIBRA\u00c7\u00c3O ROB\u00d3TICA (ROBOCAL)<\/h2>\n<div>Com o laser Tracker API RADIAN 6DoF e o alvo STS, as posi\u00e7\u00f5es aleat\u00f3rias no espa\u00e7o da junta do rob\u00f4 s\u00e3o medidas. O software modela a cinem\u00e1tica do rob\u00f4 e define a rela\u00e7\u00e3o geom\u00e9trica das juntas do rob\u00f4 por meio de par\u00e2metros (\ud835\udf03, \ud835\udc51, \ud835\udc4e, \ud835\udefc)<\/div>\n<p>[\/et_pb_text][et_pb_button button_url=&#8221;https:\/\/apimetrology.com\/pt-br\/contato-api\/&#8221; button_text=&#8221;SOLICITE UMA COTA\u00c7\u00c3O&#8221; _builder_version=&#8221;4.16&#8243; _module_preset=&#8221;default&#8221; custom_button=&#8221;on&#8221; button_text_color=&#8221;#FFFFFF&#8221; button_bg_color=&#8221;#d90025&#8243; button_font=&#8221;Roboto||||||||&#8221; button_use_icon=&#8221;off&#8221; global_colors_info=&#8221;{}&#8221; button_bg_color__hover_enabled=&#8221;on|desktop&#8221; button_bg_color__hover=&#8221;#d80a2d&#8221; button_bg_enable_color__hover=&#8221;on&#8221;][\/et_pb_button][\/et_pb_column][\/et_pb_row][\/et_pb_section]<\/p>\n","protected":false},"excerpt":{"rendered":"<p>\n\t\t\t<!-- START calibration  Tier 1 New REVOLUTION SLIDER 6.7.9 --><p class=\"rs-p-wp-fix\"><\/p>\n\t\t\t<rs-module-wrap id=\"rev_slider_16_2_wrapper\" data-source=\"gallery\" style=\"visibility:hidden;background:transparent;padding:0;margin:0px auto;margin-top:0;margin-bottom:0;\">\n\t\t\t\t<rs-module id=\"rev_slider_16_2\" style=\"\" data-version=\"6.7.9\">\n\t\t\t\t\t<rs-slides style=\"overflow: hidden; position: absolute;\">\n\t\t\t\t\t\t<rs-slide style=\"position: absolute;\" data-key=\"rs-89\" data-title=\"Slide\" data-anim=\"ms:600;r:0;\" data-in=\"o:0;\" data-out=\"a:false;\">\n\t\t\t\t\t\t\t<img decoding=\"async\" src=\"\/\/apimetrology.com\/wp-content\/plugins\/revslider\/sr6\/assets\/assets\/dummy.png\" alt=\"\" title=\"Calibra\u00e7\u00e3o de rob\u00f4s\" class=\"rev-slidebg tp-rs-img rs-lazyload\" data-lazyload=\"\/\/apimetrology.com\/wp-content\/uploads\/2018\/08\/hero_product_collage-calibration.jpg\" data-no-retina>\n<!--\n\t\t\t\t\t\t\t--><rs-layer\n\t\t\t\t\t\t\t\tid=\"slider-16-slide-89-layer-2\" \n\t\t\t\t\t\t\t\tdata-type=\"image\"\n\t\t\t\t\t\t\t\tdata-rsp_ch=\"on\"\n\t\t\t\t\t\t\t\tdata-xy=\"x:55px;y:70px;\"\n\t\t\t\t\t\t\t\tdata-text=\"l:22;a:inherit;\"\n\t\t\t\t\t\t\t\tdata-dim=\"w:258px;h:102px;\"\n\t\t\t\t\t\t\t\tdata-frame_0=\"tp:600;\"\n\t\t\t\t\t\t\t\tdata-frame_1=\"tp:600;\"\n\t\t\t\t\t\t\t\tdata-frame_999=\"o:0;tp:600;st:w;sR:8700;\"\n\t\t\t\t\t\t\t\tstyle=\"z-index:5;\"\n\t\t\t\t\t\t\t><img decoding=\"async\" src=\"\/\/apimetrology.com\/wp-content\/plugins\/revslider\/sr6\/assets\/assets\/dummy.png\" alt=\"\" class=\"tp-rs-img rs-lazyload\" width=\"1813\" height=\"718\" data-lazyload=\"\/\/apimetrology.com\/wp-content\/uploads\/2018\/06\/API-Logo-Concept-08.png\" data-no-retina> \n\t\t\t\t\t\t\t<\/rs-layer><!--\n\n\t\t\t\t\t\t\t--><rs-layer\n\t\t\t\t\t\t\t\tid=\"slider-16-slide-89-layer-3\" \n\t\t\t\t\t\t\t\tdata-type=\"text\"\n\t\t\t\t\t\t\t\tdata-color=\"#787878\"\n\t\t\t\t\t\t\t\tdata-rsp_ch=\"on\"\n\t\t\t\t\t\t\t\tdata-xy=\"x:38px;y:183px;\"\n\t\t\t\t\t\t\t\tdata-text=\"s:30;l:22;a:inherit;\"\n\t\t\t\t\t\t\t\tdata-dim=\"w:306px;\"\n\t\t\t\t\t\t\t\tdata-frame_0=\"tp:600;\"\n\t\t\t\t\t\t\t\tdata-frame_1=\"tp:600;\"\n\t\t\t\t\t\t\t\tdata-frame_999=\"o:0;tp:600;st:w;sR:8700;\"\n\t\t\t\t\t\t\t\tstyle=\"z-index:6;font-family:'Roboto Condensed';\"\n\t\t\t\t\t\t\t>Solu\u00e7\u00e3o para Calibra\u00e7\u00e3o de \n\t\t\t\t\t\t\t<\/rs-layer><!--\n\n\t\t\t\t\t\t\t--><rs-layer\n\t\t\t\t\t\t\t\tid=\"slider-16-slide-89-layer-4\" \n\t\t\t\t\t\t\t\tdata-type=\"text\"\n\t\t\t\t\t\t\t\tdata-color=\"#787878\"\n\t\t\t\t\t\t\t\tdata-rsp_ch=\"on\"\n\t\t\t\t\t\t\t\tdata-xy=\"x:26px;y:222px;\"\n\t\t\t\t\t\t\t\tdata-text=\"s:50;l:22;fw:300;a:inherit;\"\n\t\t\t\t\t\t\t\tdata-frame_0=\"tp:600;\"\n\t\t\t\t\t\t\t\tdata-frame_1=\"tp:600;\"\n\t\t\t\t\t\t\t\tdata-frame_999=\"o:0;tp:600;st:w;sR:8700;\"\n\t\t\t\t\t\t\t\tstyle=\"z-index:7;font-family:'Roboto';\"\n\t\t\t\t\t\t\t>M\u00e1quinas e Rob\u00f4s \n\t\t\t\t\t\t\t<\/rs-layer><!--\n-->\t\t\t\t\t<\/rs-slide>\n\t\t\t\t\t<\/rs-slides>\n\t\t\t\t<\/rs-module>\n\t\t\t\t<script>\n\t\t\t\t\tsetREVStartSize({c: 'rev_slider_16_2',rl:[1240,1024,778,480],el:[600],gw:[1200],gh:[600],type:'standard',justify:'',layout:'fullwidth',mh:\"0\"});if (window.RS_MODULES!==undefined && window.RS_MODULES.modules!==undefined && window.RS_MODULES.modules[\"revslider162\"]!==undefined) {window.RS_MODULES.modules[\"revslider162\"].once = false;window.revapi16_2 = undefined;if (window.RS_MODULES.checkMinimal!==undefined) window.RS_MODULES.checkMinimal()}\n\t\t\t\t<\/script>\n\t\t\t<\/rs-module-wrap>\n\t\t\t<!-- END REVOLUTION SLIDER -->\nCALIBRA\u00c7\u00c3O ROB\u00d3TICA Obtenha uma maior precis\u00e3o de posicionamento absoluto de rob\u00f4 com a calibra\u00e7\u00e3o din\u00e2mica de rob\u00f4 utilizando o Laser Tracker da API e o Active Target, um sistema SMR 360\u00b0 motorizado e auto-orient\u00e1vel.MELHORE OS PROCESSOS PRODUTIVOS A solu\u00e7\u00e3o de rastreamento din\u00e2mico com rob\u00f4 da API utiliza medi\u00e7\u00e3o com Laser Tracker 6DoF para determinar [&hellip;]<\/p>\n","protected":false},"author":18,"featured_media":0,"parent":0,"menu_order":0,"comment_status":"closed","ping_status":"closed","template":"","meta":{"_et_pb_use_builder":"on","_et_pb_old_content":"","_et_gb_content_width":"","footnotes":""},"class_list":["post-8516","page","type-page","status-publish","hentry"],"featured_image_src":null,"yoast_head":"<!-- This site is optimized with the Yoast SEO Premium plugin v26.3 (Yoast SEO v27.1.1) - https:\/\/yoast.com\/product\/yoast-seo-premium-wordpress\/ -->\n<title>Calibra\u00e7\u00e3o de rob\u00f4s - API Metrology<\/title>\n<meta name=\"robots\" content=\"index, follow, max-snippet:-1, max-image-preview:large, max-video-preview:-1\" \/>\n<link rel=\"canonical\" href=\"https:\/\/apimetrology.com\/pt-br\/calibracao-de-robos\/\" \/>\n<meta property=\"og:locale\" content=\"pt_BR\" \/>\n<meta property=\"og:type\" content=\"article\" \/>\n<meta property=\"og:title\" content=\"Calibra\u00e7\u00e3o de rob\u00f4s\" \/>\n<meta property=\"og:description\" content=\"CALIBRA\u00c7\u00c3O ROB\u00d3TICA Obtenha uma maior precis\u00e3o de posicionamento absoluto de rob\u00f4 com a calibra\u00e7\u00e3o din\u00e2mica de rob\u00f4 utilizando o Laser Tracker da API e o Active Target, um sistema SMR 360\u00b0 motorizado e auto-orient\u00e1vel.MELHORE OS PROCESSOS PRODUTIVOS A solu\u00e7\u00e3o de rastreamento din\u00e2mico com rob\u00f4 da API utiliza medi\u00e7\u00e3o com Laser Tracker 6DoF para determinar [&hellip;]\" \/>\n<meta property=\"og:url\" content=\"https:\/\/apimetrology.com\/pt-br\/calibracao-de-robos\/\" \/>\n<meta property=\"og:site_name\" content=\"API Metrology\" \/>\n<meta property=\"article:publisher\" content=\"https:\/\/www.facebook.com\/apimetrology\/\" \/>\n<meta property=\"article:modified_time\" content=\"2023-10-06T08:56:29+00:00\" \/>\n<meta property=\"og:image\" content=\"https:\/\/apimetrology.com\/wp-content\/uploads\/2023\/02\/image.png\" \/>\n\t<meta property=\"og:image:width\" content=\"250\" \/>\n\t<meta property=\"og:image:height\" content=\"139\" \/>\n\t<meta property=\"og:image:type\" content=\"image\/png\" \/>\n<meta name=\"twitter:card\" content=\"summary_large_image\" \/>\n<meta name=\"twitter:label1\" content=\"Est. tempo de leitura\" \/>\n\t<meta name=\"twitter:data1\" content=\"4 minutos\" \/>\n<script type=\"application\/ld+json\" class=\"yoast-schema-graph\">{\"@context\":\"https:\/\/schema.org\",\"@graph\":[{\"@type\":\"WebPage\",\"@id\":\"https:\/\/apimetrology.com\/pt-br\/calibracao-de-robos\/\",\"url\":\"https:\/\/apimetrology.com\/pt-br\/calibracao-de-robos\/\",\"name\":\"Calibra\u00e7\u00e3o de rob\u00f4s - API Metrology\",\"isPartOf\":{\"@id\":\"https:\/\/apimetrology.com\/pt-br\/#website\"},\"datePublished\":\"2020-10-07T16:03:27+00:00\",\"dateModified\":\"2023-10-06T08:56:29+00:00\",\"breadcrumb\":{\"@id\":\"https:\/\/apimetrology.com\/pt-br\/calibracao-de-robos\/#breadcrumb\"},\"inLanguage\":\"pt-BR\",\"potentialAction\":[{\"@type\":\"ReadAction\",\"target\":[\"https:\/\/apimetrology.com\/pt-br\/calibracao-de-robos\/\"]}]},{\"@type\":\"BreadcrumbList\",\"@id\":\"https:\/\/apimetrology.com\/pt-br\/calibracao-de-robos\/#breadcrumb\",\"itemListElement\":[{\"@type\":\"ListItem\",\"position\":1,\"name\":\"Home\",\"item\":\"https:\/\/apimetrology.com\/pt-br\/\"},{\"@type\":\"ListItem\",\"position\":2,\"name\":\"Calibra\u00e7\u00e3o de rob\u00f4s\"}]},{\"@type\":\"WebSite\",\"@id\":\"https:\/\/apimetrology.com\/pt-br\/#website\",\"url\":\"https:\/\/apimetrology.com\/pt-br\/\",\"name\":\"API Metrology\",\"description\":\"Laser Tracker, Machine Tool and Robot Calibration Equipment Supplier\",\"publisher\":{\"@id\":\"https:\/\/apimetrology.com\/pt-br\/#organization\"},\"potentialAction\":[{\"@type\":\"SearchAction\",\"target\":{\"@type\":\"EntryPoint\",\"urlTemplate\":\"https:\/\/apimetrology.com\/pt-br\/?s={search_term_string}\"},\"query-input\":{\"@type\":\"PropertyValueSpecification\",\"valueRequired\":true,\"valueName\":\"search_term_string\"}}],\"inLanguage\":\"pt-BR\"},{\"@type\":\"Organization\",\"@id\":\"https:\/\/apimetrology.com\/pt-br\/#organization\",\"name\":\"API Metrology\",\"url\":\"https:\/\/apimetrology.com\/pt-br\/\",\"logo\":{\"@type\":\"ImageObject\",\"inLanguage\":\"pt-BR\",\"@id\":\"https:\/\/apimetrology.com\/pt-br\/#\/schema\/logo\/image\/\",\"url\":\"https:\/\/apimetrology.com\/wp-content\/uploads\/2018\/11\/API-logo.png\",\"contentUrl\":\"https:\/\/apimetrology.com\/wp-content\/uploads\/2018\/11\/API-logo.png\",\"width\":1080,\"height\":699,\"caption\":\"API Metrology\"},\"image\":{\"@id\":\"https:\/\/apimetrology.com\/pt-br\/#\/schema\/logo\/image\/\"},\"sameAs\":[\"https:\/\/www.facebook.com\/apimetrology\/\",\"https:\/\/www.linkedin.com\/company\/apimetrology\/\",\"https:\/\/www.youtube.com\/@AutomatedPrecision\"]}]}<\/script>\n<!-- \/ Yoast SEO Premium plugin. -->","yoast_head_json":{"title":"Calibra\u00e7\u00e3o de rob\u00f4s - API Metrology","robots":{"index":"index","follow":"follow","max-snippet":"max-snippet:-1","max-image-preview":"max-image-preview:large","max-video-preview":"max-video-preview:-1"},"canonical":"https:\/\/apimetrology.com\/pt-br\/calibracao-de-robos\/","og_locale":"pt_BR","og_type":"article","og_title":"Calibra\u00e7\u00e3o de rob\u00f4s","og_description":"CALIBRA\u00c7\u00c3O ROB\u00d3TICA Obtenha uma maior precis\u00e3o de posicionamento absoluto de rob\u00f4 com a calibra\u00e7\u00e3o din\u00e2mica de rob\u00f4 utilizando o Laser Tracker da API e o Active Target, um sistema SMR 360\u00b0 motorizado e auto-orient\u00e1vel.MELHORE OS PROCESSOS PRODUTIVOS A solu\u00e7\u00e3o de rastreamento din\u00e2mico com rob\u00f4 da API utiliza medi\u00e7\u00e3o com Laser Tracker 6DoF para determinar [&hellip;]","og_url":"https:\/\/apimetrology.com\/pt-br\/calibracao-de-robos\/","og_site_name":"API Metrology","article_publisher":"https:\/\/www.facebook.com\/apimetrology\/","article_modified_time":"2023-10-06T08:56:29+00:00","og_image":[{"width":250,"height":139,"url":"https:\/\/apimetrology.com\/wp-content\/uploads\/2023\/02\/image.png","type":"image\/png"}],"twitter_card":"summary_large_image","twitter_misc":{"Est. tempo de leitura":"4 minutos"},"schema":{"@context":"https:\/\/schema.org","@graph":[{"@type":"WebPage","@id":"https:\/\/apimetrology.com\/pt-br\/calibracao-de-robos\/","url":"https:\/\/apimetrology.com\/pt-br\/calibracao-de-robos\/","name":"Calibra\u00e7\u00e3o de rob\u00f4s - API Metrology","isPartOf":{"@id":"https:\/\/apimetrology.com\/pt-br\/#website"},"datePublished":"2020-10-07T16:03:27+00:00","dateModified":"2023-10-06T08:56:29+00:00","breadcrumb":{"@id":"https:\/\/apimetrology.com\/pt-br\/calibracao-de-robos\/#breadcrumb"},"inLanguage":"pt-BR","potentialAction":[{"@type":"ReadAction","target":["https:\/\/apimetrology.com\/pt-br\/calibracao-de-robos\/"]}]},{"@type":"BreadcrumbList","@id":"https:\/\/apimetrology.com\/pt-br\/calibracao-de-robos\/#breadcrumb","itemListElement":[{"@type":"ListItem","position":1,"name":"Home","item":"https:\/\/apimetrology.com\/pt-br\/"},{"@type":"ListItem","position":2,"name":"Calibra\u00e7\u00e3o de rob\u00f4s"}]},{"@type":"WebSite","@id":"https:\/\/apimetrology.com\/pt-br\/#website","url":"https:\/\/apimetrology.com\/pt-br\/","name":"API Metrology","description":"Laser Tracker, Machine Tool and Robot Calibration Equipment Supplier","publisher":{"@id":"https:\/\/apimetrology.com\/pt-br\/#organization"},"potentialAction":[{"@type":"SearchAction","target":{"@type":"EntryPoint","urlTemplate":"https:\/\/apimetrology.com\/pt-br\/?s={search_term_string}"},"query-input":{"@type":"PropertyValueSpecification","valueRequired":true,"valueName":"search_term_string"}}],"inLanguage":"pt-BR"},{"@type":"Organization","@id":"https:\/\/apimetrology.com\/pt-br\/#organization","name":"API Metrology","url":"https:\/\/apimetrology.com\/pt-br\/","logo":{"@type":"ImageObject","inLanguage":"pt-BR","@id":"https:\/\/apimetrology.com\/pt-br\/#\/schema\/logo\/image\/","url":"https:\/\/apimetrology.com\/wp-content\/uploads\/2018\/11\/API-logo.png","contentUrl":"https:\/\/apimetrology.com\/wp-content\/uploads\/2018\/11\/API-logo.png","width":1080,"height":699,"caption":"API Metrology"},"image":{"@id":"https:\/\/apimetrology.com\/pt-br\/#\/schema\/logo\/image\/"},"sameAs":["https:\/\/www.facebook.com\/apimetrology\/","https:\/\/www.linkedin.com\/company\/apimetrology\/","https:\/\/www.youtube.com\/@AutomatedPrecision"]}]}},"_links":{"self":[{"href":"https:\/\/apimetrology.com\/pt-br\/wp-json\/wp\/v2\/pages\/8516","targetHints":{"allow":["GET"]}}],"collection":[{"href":"https:\/\/apimetrology.com\/pt-br\/wp-json\/wp\/v2\/pages"}],"about":[{"href":"https:\/\/apimetrology.com\/pt-br\/wp-json\/wp\/v2\/types\/page"}],"author":[{"embeddable":true,"href":"https:\/\/apimetrology.com\/pt-br\/wp-json\/wp\/v2\/users\/18"}],"replies":[{"embeddable":true,"href":"https:\/\/apimetrology.com\/pt-br\/wp-json\/wp\/v2\/comments?post=8516"}],"version-history":[{"count":0,"href":"https:\/\/apimetrology.com\/pt-br\/wp-json\/wp\/v2\/pages\/8516\/revisions"}],"wp:attachment":[{"href":"https:\/\/apimetrology.com\/pt-br\/wp-json\/wp\/v2\/media?parent=8516"}],"curies":[{"name":"wp","href":"https:\/\/api.w.org\/{rel}","templated":true}]}}