{"id":9323,"date":"2020-11-12T15:21:22","date_gmt":"2020-11-12T20:21:22","guid":{"rendered":"https:\/\/apimetrology.com\/?page_id=9323"},"modified":"2025-04-01T21:58:46","modified_gmt":"2025-04-02T01:58:46","slug":"acessorios-laser-tracker","status":"publish","type":"page","link":"https:\/\/apimetrology.com\/pt-br\/acessorios-laser-tracker\/","title":{"rendered":"Acess\u00f3rios do Laser Tracker"},"content":{"rendered":"<p>[et_pb_section fb_built=&#8221;1&#8243; _builder_version=&#8221;4.16&#8243; _module_preset=&#8221;default&#8221; global_colors_info=&#8221;{}&#8221;][et_pb_row _builder_version=&#8221;4.16&#8243; _module_preset=&#8221;default&#8221; global_colors_info=&#8221;{}&#8221;][et_pb_column type=&#8221;4_4&#8243; _builder_version=&#8221;4.16&#8243; _module_preset=&#8221;default&#8221; global_colors_info=&#8221;{}&#8221;][et_pb_text _builder_version=&#8221;4.21.0&#8243; _module_preset=&#8221;default&#8221; text_font=&#8221;Roboto||||||||&#8221; text_font_size=&#8221;23px&#8221; header_font=&#8221;Roboto||||||||&#8221; header_text_align=&#8221;center&#8221; header_font_size=&#8221;55px&#8221; header_2_font=&#8221;Roboto||||||||&#8221; header_2_text_align=&#8221;center&#8221; header_2_font_size=&#8221;55px&#8221; text_orientation=&#8221;center&#8221; global_colors_info=&#8221;{}&#8221;]<\/p>\n<h1>ACESS\u00d3RIOS DO LASER TRACKER<\/h1>\n<div>Aumente a produtividade do Laser Tracker com os acess\u00f3rios port\u00e1teis e autom\u00e1ticos.<\/div>\n<p>[\/et_pb_text][\/et_pb_column][\/et_pb_row][\/et_pb_section][et_pb_section fb_built=&#8221;1&#8243; _builder_version=&#8221;4.16&#8243; _module_preset=&#8221;default&#8221; global_colors_info=&#8221;{}&#8221;][et_pb_row column_structure=&#8221;1_2,1_2&#8243; _builder_version=&#8221;4.16&#8243; _module_preset=&#8221;default&#8221; global_colors_info=&#8221;{}&#8221;][et_pb_column type=&#8221;1_2&#8243; _builder_version=&#8221;4.16&#8243; _module_preset=&#8221;default&#8221; global_colors_info=&#8221;{}&#8221;][et_pb_image src=&#8221;https:\/\/apimetrology.com\/wp-content\/uploads\/2018\/09\/api_target_smr.jpg&#8221; title_text=&#8221;api_target_smr&#8221; _builder_version=&#8221;4.16&#8243; _module_preset=&#8221;default&#8221; global_colors_info=&#8221;{}&#8221;][\/et_pb_image][\/et_pb_column][et_pb_column type=&#8221;1_2&#8243; _builder_version=&#8221;4.16&#8243; _module_preset=&#8221;default&#8221; global_colors_info=&#8221;{}&#8221;][et_pb_text _builder_version=&#8221;4.16&#8243; _module_preset=&#8221;default&#8221; custom_margin=&#8221;52px||||false|false&#8221; global_colors_info=&#8221;{}&#8221;]<\/p>\n<h3>SMR&#8217;s<\/h3>\n<div>Os Retrorrefletores Montados Esfericamente (SMR) da API s\u00e3o resistentes a danos  e s\u00e3o produzidos com elemento \u00fanico \u00f3tico, eliminando riscos de estragos, separa\u00e7\u00e3o ou ruptura do painel de vidro, sendo capazes de localizar mais de 80m com precis\u00e3o de centragem \u00f3tica de at\u00e9 \u00b1 2,5 m\u00edcrons para medi\u00e7\u00f5es por linha de alta precis\u00e3o.<\/div>\n<p>[\/et_pb_text][et_pb_button button_url=&#8221;https:\/\/apimetrology.com\/pt-br\/forma-de-folheto-radiiano\/&#8221; button_text=&#8221;BAIXE O CAT\u00c1LOGO&#8221; _builder_version=&#8221;4.16&#8243; _module_preset=&#8221;default&#8221; custom_button=&#8221;on&#8221; button_text_size=&#8221;16px&#8221; button_text_color=&#8221;#FFFFFF&#8221; button_bg_color=&#8221;#d90025&#8243; button_use_icon=&#8221;off&#8221; custom_margin=&#8221;||10px|||&#8221; global_colors_info=&#8221;{}&#8221; button_bg_color__hover_enabled=&#8221;on|hover&#8221; button_bg_color__hover=&#8221;#d81c3b&#8221; button_bg_enable_color__hover=&#8221;on&#8221;][\/et_pb_button][et_pb_button button_url=&#8221;https:\/\/apimetrology.com\/pt-br\/contato-api\/&#8221; button_text=&#8221;PE\u00c7A UMA COTA\u00c7\u00c3O&#8221; _builder_version=&#8221;4.16&#8243; _module_preset=&#8221;default&#8221; custom_button=&#8221;on&#8221; button_text_size=&#8221;16px&#8221; button_text_color=&#8221;#FFFFFF&#8221; button_bg_color=&#8221;#d90025&#8243; button_use_icon=&#8221;off&#8221; custom_margin=&#8221;||10px|||&#8221; global_colors_info=&#8221;{}&#8221; button_bg_color__hover_enabled=&#8221;on|hover&#8221; button_bg_color__hover=&#8221;#d81c3b&#8221; button_bg_enable_color__hover=&#8221;on&#8221;][\/et_pb_button][\/et_pb_column][\/et_pb_row][\/et_pb_section][et_pb_section fb_built=&#8221;1&#8243; _builder_version=&#8221;4.16&#8243; _module_preset=&#8221;default&#8221; global_colors_info=&#8221;{}&#8221;][et_pb_row column_structure=&#8221;1_2,1_2&#8243; _builder_version=&#8221;4.16&#8243; _module_preset=&#8221;default&#8221; global_colors_info=&#8221;{}&#8221;][et_pb_column type=&#8221;1_2&#8243; _builder_version=&#8221;4.16&#8243; _module_preset=&#8221;default&#8221; global_colors_info=&#8221;{}&#8221;][et_pb_image src=&#8221;https:\/\/apimetrology.com\/wp-content\/uploads\/2020\/09\/vProbe-2020_7933-Web.jpg&#8221; title_text=&#8221;vProbe 2020_7933-Web&#8221; _builder_version=&#8221;4.16&#8243; _module_preset=&#8221;default&#8221; global_colors_info=&#8221;{}&#8221;][\/et_pb_image][\/et_pb_column][et_pb_column type=&#8221;1_2&#8243; _builder_version=&#8221;4.16&#8243; _module_preset=&#8221;default&#8221; global_colors_info=&#8221;{}&#8221;][et_pb_text _builder_version=&#8221;4.16&#8243; _module_preset=&#8221;default&#8221; custom_margin=&#8221;16px||||false|false&#8221; global_colors_info=&#8221;{}&#8221;]<\/p>\n<h3>vProbe<\/h3>\n<div>A vProbe da API \u00e9 um equipamento port\u00e1til sem fio para a medi\u00e7\u00e3o de objetos complexos fora da linha de a\u00e7\u00e3o de um laser Tracker, oferecendo medi\u00e7\u00f5es manuais r\u00e1pidas e precisas. A vProbe oferece uma maior versatilidade se comparado \u00e0 m\u00e1quina CCM com bra\u00e7o port\u00e1til, portanto especificamente mais apropriado para pe\u00e7as maiores<\/div>\n<p>[\/et_pb_text][et_pb_button button_url=&#8221;https:\/\/apimetrology.com\/pt-br\/forma-de-folheto-radiiano\/&#8221; button_text=&#8221;BAIXE O CAT\u00c1LOGO&#8221; _builder_version=&#8221;4.16&#8243; _module_preset=&#8221;default&#8221; custom_button=&#8221;on&#8221; button_text_size=&#8221;16px&#8221; button_text_color=&#8221;#FFFFFF&#8221; button_bg_color=&#8221;#d90025&#8243; button_use_icon=&#8221;off&#8221; custom_margin=&#8221;||10px|||&#8221; global_colors_info=&#8221;{}&#8221; button_bg_color__hover_enabled=&#8221;on|hover&#8221; button_bg_color__hover=&#8221;#d81c3b&#8221; button_bg_enable_color__hover=&#8221;on&#8221;][\/et_pb_button][et_pb_button button_url=&#8221;https:\/\/apimetrology.com\/pt-br\/contato-api\/&#8221; button_text=&#8221;PE\u00c7A UMA COTA\u00c7\u00c3O&#8221; _builder_version=&#8221;4.16&#8243; _module_preset=&#8221;default&#8221; custom_button=&#8221;on&#8221; button_text_size=&#8221;16px&#8221; button_text_color=&#8221;#FFFFFF&#8221; button_bg_color=&#8221;#d90025&#8243; button_use_icon=&#8221;off&#8221; custom_margin=&#8221;||10px|||&#8221; global_colors_info=&#8221;{}&#8221; button_bg_color__hover_enabled=&#8221;on|hover&#8221; button_bg_color__hover=&#8221;#d81c3b&#8221; button_bg_enable_color__hover=&#8221;on&#8221;][\/et_pb_button][et_pb_button button_url=&#8221;https:\/\/apimetrology.com\/pt-br\/vprobe\/&#8221; button_text=&#8221;Saiba Mais&#8221; _builder_version=&#8221;4.16&#8243; _module_preset=&#8221;default&#8221; custom_button=&#8221;on&#8221; button_text_size=&#8221;16px&#8221; button_text_color=&#8221;#FFFFFF&#8221; button_bg_color=&#8221;#d90025&#8243; button_use_icon=&#8221;off&#8221; global_colors_info=&#8221;{}&#8221; button_bg_color__hover_enabled=&#8221;on|hover&#8221; button_bg_color__hover=&#8221;#d81c3b&#8221; button_bg_enable_color__hover=&#8221;on&#8221;][\/et_pb_button][\/et_pb_column][\/et_pb_row][\/et_pb_section][et_pb_section fb_built=&#8221;1&#8243; _builder_version=&#8221;4.16&#8243; _module_preset=&#8221;default&#8221; global_colors_info=&#8221;{}&#8221;][et_pb_row column_structure=&#8221;1_2,1_2&#8243; _builder_version=&#8221;4.16&#8243; _module_preset=&#8221;default&#8221; global_colors_info=&#8221;{}&#8221;][et_pb_column type=&#8221;1_2&#8243; _builder_version=&#8221;4.16&#8243; _module_preset=&#8221;default&#8221; global_colors_info=&#8221;{}&#8221;][et_pb_image src=&#8221;https:\/\/apimetrology.com\/wp-content\/uploads\/2021\/07\/iscan-car-2.jpg&#8221; title_text=&#8221;iscan car 2&#8243; _builder_version=&#8221;4.16&#8243; _module_preset=&#8221;default&#8221; global_colors_info=&#8221;{}&#8221;][\/et_pb_image][\/et_pb_column][et_pb_column type=&#8221;1_2&#8243; _builder_version=&#8221;4.16&#8243; _module_preset=&#8221;default&#8221; global_colors_info=&#8221;{}&#8221;][et_pb_text _builder_version=&#8221;4.16&#8243; _module_preset=&#8221;default&#8221; custom_margin=&#8221;16px||||false|false&#8221; global_colors_info=&#8221;{}&#8221;]<\/p>\n<h3>iScan<\/h3>\n<div>O iScan, escaner da linha a laser da API oferece uma solu\u00e7\u00e3o r\u00e1pida, precisa e produtiva para a gera\u00e7\u00e3o de nuvens de ponto de componentes com um rastreador a 200.000 pontos\/segundo. O iScan \u00e9 leve e permite um sem esfor\u00e7o.<\/div>\n<p>[\/et_pb_text][et_pb_button button_url=&#8221;https:\/\/apimetrology.com\/pt-br\/forma-de-folheto-radiiano\/&#8221; button_text=&#8221;BAIXE O CAT\u00c1LOGO&#8221; _builder_version=&#8221;4.16&#8243; _module_preset=&#8221;default&#8221; custom_button=&#8221;on&#8221; button_text_size=&#8221;16px&#8221; button_text_color=&#8221;#FFFFFF&#8221; button_bg_color=&#8221;#d90025&#8243; button_use_icon=&#8221;off&#8221; custom_margin=&#8221;||10px|||&#8221; global_colors_info=&#8221;{}&#8221; button_bg_color__hover_enabled=&#8221;on|hover&#8221; button_bg_color__hover=&#8221;#d81c3b&#8221; button_bg_enable_color__hover=&#8221;on&#8221;][\/et_pb_button][et_pb_button button_url=&#8221;https:\/\/apimetrology.com\/pt-br\/contato-api\/&#8221; button_text=&#8221;PE\u00c7A UMA COTA\u00c7\u00c3O&#8221; _builder_version=&#8221;4.16&#8243; _module_preset=&#8221;default&#8221; custom_button=&#8221;on&#8221; button_text_size=&#8221;16px&#8221; button_text_color=&#8221;#FFFFFF&#8221; button_bg_color=&#8221;#d90025&#8243; button_use_icon=&#8221;off&#8221; custom_margin=&#8221;||10px|||&#8221; global_colors_info=&#8221;{}&#8221; button_bg_color__hover_enabled=&#8221;on|hover&#8221; button_bg_color__hover=&#8221;#d81c3b&#8221; button_bg_enable_color__hover=&#8221;on&#8221;][\/et_pb_button][et_pb_button button_url=&#8221;https:\/\/apimetrology.com\/pt-br\/iscan3d\/&#8221; button_text=&#8221;Saiba Mais&#8221; _builder_version=&#8221;4.16&#8243; _module_preset=&#8221;default&#8221; custom_button=&#8221;on&#8221; button_text_size=&#8221;16px&#8221; button_text_color=&#8221;#FFFFFF&#8221; button_bg_color=&#8221;#d90025&#8243; button_use_icon=&#8221;off&#8221; global_colors_info=&#8221;{}&#8221; button_bg_color__hover_enabled=&#8221;on|hover&#8221; button_bg_color__hover=&#8221;#d81c3b&#8221; button_bg_enable_color__hover=&#8221;on&#8221;][\/et_pb_button][\/et_pb_column][\/et_pb_row][et_pb_row column_structure=&#8221;1_2,1_2&#8243; _builder_version=&#8221;4.16&#8243; _module_preset=&#8221;default&#8221; global_colors_info=&#8221;{}&#8221; locked=&#8221;off&#8221;][et_pb_column type=&#8221;1_2&#8243; _builder_version=&#8221;4.16&#8243; _module_preset=&#8221;default&#8221; global_colors_info=&#8221;{}&#8221;][et_pb_image src=&#8221;https:\/\/apimetrology.com\/wp-content\/uploads\/2018\/09\/api_target_smart_track_sensor.jpg&#8221; title_text=&#8221;api_target_smart_track_sensor&#8221; _builder_version=&#8221;4.16&#8243; _module_preset=&#8221;default&#8221; global_colors_info=&#8221;{}&#8221;][\/et_pb_image][\/et_pb_column][et_pb_column type=&#8221;1_2&#8243; _builder_version=&#8221;4.16&#8243; _module_preset=&#8221;default&#8221; global_colors_info=&#8221;{}&#8221;][et_pb_text _builder_version=&#8221;4.16&#8243; _module_preset=&#8221;default&#8221; custom_margin=&#8221;16px||||false|false&#8221; global_colors_info=&#8221;{}&#8221;]<\/p>\n<h3>SMART TRACK<\/h3>\n<div>O Sensor do Smart Track da API oferece precis\u00e3o din\u00e2mica utilizando medi\u00e7\u00e3o autom\u00e1tica 6DOF para determinar a posi\u00e7\u00e3o do ponto localizado em tempo real, revelando a posi\u00e7\u00e3o e orienta\u00e7\u00e3o reais.<\/div>\n<p>[\/et_pb_text][et_pb_button button_url=&#8221;https:\/\/apimetrology.com\/pt-br\/forma-de-folheto-radiiano\/&#8221; button_text=&#8221;DOWNLOAD BROCHURE&#8221; _builder_version=&#8221;4.16&#8243; _module_preset=&#8221;default&#8221; custom_button=&#8221;on&#8221; button_text_size=&#8221;16px&#8221; button_text_color=&#8221;#FFFFFF&#8221; button_bg_color=&#8221;#d90025&#8243; button_use_icon=&#8221;off&#8221; custom_margin=&#8221;||10px|||&#8221; global_colors_info=&#8221;{}&#8221; button_bg_color__hover_enabled=&#8221;on|hover&#8221; button_bg_color__hover=&#8221;#d81c3b&#8221; button_bg_enable_color__hover=&#8221;on&#8221;][\/et_pb_button][et_pb_button button_url=&#8221;https:\/\/apimetrology.com\/pt-br\/contato-api\/&#8221; button_text=&#8221;COTA\u00c7\u00c3O DE SOLICITA\u00c7\u00c3O&#8221; _builder_version=&#8221;4.16&#8243; _module_preset=&#8221;default&#8221; custom_button=&#8221;on&#8221; button_text_size=&#8221;16px&#8221; button_text_color=&#8221;#FFFFFF&#8221; button_bg_color=&#8221;#d90025&#8243; button_use_icon=&#8221;off&#8221; custom_margin=&#8221;||10px|||&#8221; global_colors_info=&#8221;{}&#8221; button_bg_color__hover_enabled=&#8221;on|hover&#8221; button_bg_color__hover=&#8221;#d81c3b&#8221; button_bg_enable_color__hover=&#8221;on&#8221;][\/et_pb_button][et_pb_button button_url=&#8221;https:\/\/apimetrology.com\/pt-br\/?page_id=8524&#8243; button_text=&#8221;Saiba Mais&#8221; _builder_version=&#8221;4.16&#8243; _module_preset=&#8221;default&#8221; custom_button=&#8221;on&#8221; button_text_size=&#8221;16px&#8221; button_text_color=&#8221;#FFFFFF&#8221; button_bg_color=&#8221;#d90025&#8243; button_use_icon=&#8221;off&#8221; global_colors_info=&#8221;{}&#8221; button_bg_color__hover_enabled=&#8221;on|hover&#8221; button_bg_color__hover=&#8221;#d81c3b&#8221; button_bg_enable_color__hover=&#8221;on&#8221;][\/et_pb_button][\/et_pb_column][\/et_pb_row][et_pb_row column_structure=&#8221;1_2,1_2&#8243; _builder_version=&#8221;4.16&#8243; _module_preset=&#8221;default&#8221; global_colors_info=&#8221;{}&#8221; locked=&#8221;off&#8221;][et_pb_column type=&#8221;1_2&#8243; _builder_version=&#8221;4.16&#8243; _module_preset=&#8221;default&#8221; global_colors_info=&#8221;{}&#8221;][et_pb_image src=&#8221;https:\/\/apimetrology.com\/wp-content\/uploads\/2018\/09\/api_target_active_traget.jpg&#8221; title_text=&#8221;api_target_active_traget&#8221; _builder_version=&#8221;4.16&#8243; _module_preset=&#8221;default&#8221; global_colors_info=&#8221;{}&#8221;][\/et_pb_image][\/et_pb_column][et_pb_column type=&#8221;1_2&#8243; _builder_version=&#8221;4.16&#8243; _module_preset=&#8221;default&#8221; global_colors_info=&#8221;{}&#8221;][et_pb_text _builder_version=&#8221;4.16&#8243; _module_preset=&#8221;default&#8221; custom_margin=&#8221;52px||||false|false&#8221; global_colors_info=&#8221;{}&#8221;]<\/p>\n<h3>ACTIVE TARGET<\/h3>\n<div>SMR\u2019s com 360\u00b0 de rota\u00e7\u00e3o, motorizados e auto-orientados capturam o laser tracker e automaticamente orientam o feixe de laser para a inspe\u00e7\u00e3o autom\u00e1tica das m\u00e1quinas.<\/div>\n<p>[\/et_pb_text][et_pb_button button_url=&#8221;https:\/\/apimetrology.com\/pt-br\/forma-de-folheto-radiiano\/&#8221; button_text=&#8221;DOWNLOAD BROCHURE&#8221; _builder_version=&#8221;4.16&#8243; _module_preset=&#8221;default&#8221; custom_button=&#8221;on&#8221; button_text_size=&#8221;16px&#8221; button_text_color=&#8221;#FFFFFF&#8221; button_bg_color=&#8221;#d90025&#8243; button_use_icon=&#8221;off&#8221; custom_margin=&#8221;||10px|||&#8221; global_colors_info=&#8221;{}&#8221; button_bg_color__hover_enabled=&#8221;on|hover&#8221; button_bg_color__hover=&#8221;#d81c3b&#8221; button_bg_enable_color__hover=&#8221;on&#8221;][\/et_pb_button][et_pb_button button_url=&#8221;https:\/\/apimetrology.com\/pt-br\/contato-api\/&#8221; button_text=&#8221;COTA\u00c7\u00c3O DE SOLICITA\u00c7\u00c3O&#8221; _builder_version=&#8221;4.16&#8243; _module_preset=&#8221;default&#8221; custom_button=&#8221;on&#8221; button_text_size=&#8221;16px&#8221; button_text_color=&#8221;#FFFFFF&#8221; button_bg_color=&#8221;#d90025&#8243; button_use_icon=&#8221;off&#8221; custom_margin=&#8221;||10px|||&#8221; global_colors_info=&#8221;{}&#8221; button_bg_color__hover_enabled=&#8221;on|hover&#8221; button_bg_color__hover=&#8221;#d81c3b&#8221; button_bg_enable_color__hover=&#8221;on&#8221;][\/et_pb_button][et_pb_button button_url=&#8221;https:\/\/apimetrology.com\/pt-br\/?page_id=8522&#8243; button_text=&#8221;Saiba Mais&#8221; _builder_version=&#8221;4.16&#8243; _module_preset=&#8221;default&#8221; custom_button=&#8221;on&#8221; button_text_size=&#8221;16px&#8221; button_text_color=&#8221;#FFFFFF&#8221; button_bg_color=&#8221;#d90025&#8243; button_use_icon=&#8221;off&#8221; global_colors_info=&#8221;{}&#8221; button_bg_color__hover_enabled=&#8221;on|hover&#8221; button_bg_color__hover=&#8221;#d81c3b&#8221; button_bg_enable_color__hover=&#8221;on&#8221;][\/et_pb_button][\/et_pb_column][\/et_pb_row][\/et_pb_section]<\/p>\n","protected":false},"excerpt":{"rendered":"<p>ACESS\u00d3RIOS DO LASER TRACKER Aumente a produtividade do Laser Tracker com os acess\u00f3rios port\u00e1teis e autom\u00e1ticos.SMR&#8217;s Os Retrorrefletores Montados Esfericamente (SMR) da API s\u00e3o resistentes a danos e s\u00e3o produzidos com elemento \u00fanico \u00f3tico, eliminando riscos de estragos, separa\u00e7\u00e3o ou ruptura do painel de vidro, sendo capazes de localizar mais de 80m com precis\u00e3o de [&hellip;]<\/p>\n","protected":false},"author":18,"featured_media":0,"parent":0,"menu_order":0,"comment_status":"closed","ping_status":"closed","template":"","meta":{"_et_pb_use_builder":"on","_et_pb_old_content":"","_et_gb_content_width":"","footnotes":""},"class_list":["post-9323","page","type-page","status-publish","hentry"],"featured_image_src":null,"yoast_head":"<!-- This site is optimized with the Yoast SEO Premium plugin v26.3 (Yoast SEO v27.1.1) - https:\/\/yoast.com\/product\/yoast-seo-premium-wordpress\/ -->\n<title>Acess\u00f3rios do Laser Tracker - API Metrology<\/title>\n<meta name=\"robots\" content=\"index, follow, max-snippet:-1, max-image-preview:large, max-video-preview:-1\" \/>\n<link rel=\"canonical\" href=\"https:\/\/apimetrology.com\/pt-br\/acessorios-laser-tracker\/\" \/>\n<meta property=\"og:locale\" content=\"pt_BR\" \/>\n<meta property=\"og:type\" content=\"article\" \/>\n<meta property=\"og:title\" content=\"Acess\u00f3rios do Laser Tracker\" \/>\n<meta property=\"og:description\" content=\"ACESS\u00d3RIOS DO LASER TRACKER Aumente a produtividade do Laser Tracker com os acess\u00f3rios port\u00e1teis e autom\u00e1ticos.SMR&#039;s Os Retrorrefletores Montados Esfericamente (SMR) da API s\u00e3o resistentes a danos e s\u00e3o produzidos com elemento \u00fanico \u00f3tico, eliminando riscos de estragos, separa\u00e7\u00e3o ou ruptura do painel de vidro, sendo capazes de localizar mais de 80m com precis\u00e3o de [&hellip;]\" \/>\n<meta property=\"og:url\" content=\"https:\/\/apimetrology.com\/pt-br\/acessorios-laser-tracker\/\" \/>\n<meta property=\"og:site_name\" content=\"API Metrology\" \/>\n<meta property=\"article:publisher\" content=\"https:\/\/www.facebook.com\/apimetrology\/\" \/>\n<meta property=\"article:modified_time\" content=\"2025-04-02T01:58:46+00:00\" \/>\n<meta property=\"og:image\" content=\"https:\/\/apimetrology.com\/wp-content\/uploads\/2023\/02\/image.png\" \/>\n\t<meta property=\"og:image:width\" content=\"250\" \/>\n\t<meta property=\"og:image:height\" content=\"139\" \/>\n\t<meta property=\"og:image:type\" content=\"image\/png\" \/>\n<meta name=\"twitter:card\" content=\"summary_large_image\" \/>\n<meta name=\"twitter:label1\" content=\"Est. tempo de leitura\" \/>\n\t<meta name=\"twitter:data1\" content=\"2 minutos\" \/>\n<script type=\"application\/ld+json\" class=\"yoast-schema-graph\">{\"@context\":\"https:\/\/schema.org\",\"@graph\":[{\"@type\":\"WebPage\",\"@id\":\"https:\/\/apimetrology.com\/pt-br\/acessorios-laser-tracker\/\",\"url\":\"https:\/\/apimetrology.com\/pt-br\/acessorios-laser-tracker\/\",\"name\":\"Acess\u00f3rios do Laser Tracker - API Metrology\",\"isPartOf\":{\"@id\":\"https:\/\/apimetrology.com\/pt-br\/#website\"},\"datePublished\":\"2020-11-12T20:21:22+00:00\",\"dateModified\":\"2025-04-02T01:58:46+00:00\",\"breadcrumb\":{\"@id\":\"https:\/\/apimetrology.com\/pt-br\/acessorios-laser-tracker\/#breadcrumb\"},\"inLanguage\":\"pt-BR\",\"potentialAction\":[{\"@type\":\"ReadAction\",\"target\":[\"https:\/\/apimetrology.com\/pt-br\/acessorios-laser-tracker\/\"]}]},{\"@type\":\"BreadcrumbList\",\"@id\":\"https:\/\/apimetrology.com\/pt-br\/acessorios-laser-tracker\/#breadcrumb\",\"itemListElement\":[{\"@type\":\"ListItem\",\"position\":1,\"name\":\"Home\",\"item\":\"https:\/\/apimetrology.com\/pt-br\/\"},{\"@type\":\"ListItem\",\"position\":2,\"name\":\"Acess\u00f3rios do Laser Tracker\"}]},{\"@type\":\"WebSite\",\"@id\":\"https:\/\/apimetrology.com\/pt-br\/#website\",\"url\":\"https:\/\/apimetrology.com\/pt-br\/\",\"name\":\"API Metrology\",\"description\":\"Laser Tracker, Machine Tool and Robot Calibration Equipment Supplier\",\"publisher\":{\"@id\":\"https:\/\/apimetrology.com\/pt-br\/#organization\"},\"potentialAction\":[{\"@type\":\"SearchAction\",\"target\":{\"@type\":\"EntryPoint\",\"urlTemplate\":\"https:\/\/apimetrology.com\/pt-br\/?s={search_term_string}\"},\"query-input\":{\"@type\":\"PropertyValueSpecification\",\"valueRequired\":true,\"valueName\":\"search_term_string\"}}],\"inLanguage\":\"pt-BR\"},{\"@type\":\"Organization\",\"@id\":\"https:\/\/apimetrology.com\/pt-br\/#organization\",\"name\":\"API Metrology\",\"url\":\"https:\/\/apimetrology.com\/pt-br\/\",\"logo\":{\"@type\":\"ImageObject\",\"inLanguage\":\"pt-BR\",\"@id\":\"https:\/\/apimetrology.com\/pt-br\/#\/schema\/logo\/image\/\",\"url\":\"https:\/\/apimetrology.com\/wp-content\/uploads\/2018\/11\/API-logo.png\",\"contentUrl\":\"https:\/\/apimetrology.com\/wp-content\/uploads\/2018\/11\/API-logo.png\",\"width\":1080,\"height\":699,\"caption\":\"API Metrology\"},\"image\":{\"@id\":\"https:\/\/apimetrology.com\/pt-br\/#\/schema\/logo\/image\/\"},\"sameAs\":[\"https:\/\/www.facebook.com\/apimetrology\/\",\"https:\/\/www.linkedin.com\/company\/apimetrology\/\",\"https:\/\/www.youtube.com\/@AutomatedPrecision\"]}]}<\/script>\n<!-- \/ Yoast SEO Premium plugin. -->","yoast_head_json":{"title":"Acess\u00f3rios do Laser Tracker - API Metrology","robots":{"index":"index","follow":"follow","max-snippet":"max-snippet:-1","max-image-preview":"max-image-preview:large","max-video-preview":"max-video-preview:-1"},"canonical":"https:\/\/apimetrology.com\/pt-br\/acessorios-laser-tracker\/","og_locale":"pt_BR","og_type":"article","og_title":"Acess\u00f3rios do Laser Tracker","og_description":"ACESS\u00d3RIOS DO LASER TRACKER Aumente a produtividade do Laser Tracker com os acess\u00f3rios port\u00e1teis e autom\u00e1ticos.SMR's Os Retrorrefletores Montados Esfericamente (SMR) da API s\u00e3o resistentes a danos e s\u00e3o produzidos com elemento \u00fanico \u00f3tico, eliminando riscos de estragos, separa\u00e7\u00e3o ou ruptura do painel de vidro, sendo capazes de localizar mais de 80m com precis\u00e3o de [&hellip;]","og_url":"https:\/\/apimetrology.com\/pt-br\/acessorios-laser-tracker\/","og_site_name":"API Metrology","article_publisher":"https:\/\/www.facebook.com\/apimetrology\/","article_modified_time":"2025-04-02T01:58:46+00:00","og_image":[{"width":250,"height":139,"url":"https:\/\/apimetrology.com\/wp-content\/uploads\/2023\/02\/image.png","type":"image\/png"}],"twitter_card":"summary_large_image","twitter_misc":{"Est. tempo de leitura":"2 minutos"},"schema":{"@context":"https:\/\/schema.org","@graph":[{"@type":"WebPage","@id":"https:\/\/apimetrology.com\/pt-br\/acessorios-laser-tracker\/","url":"https:\/\/apimetrology.com\/pt-br\/acessorios-laser-tracker\/","name":"Acess\u00f3rios do Laser Tracker - API Metrology","isPartOf":{"@id":"https:\/\/apimetrology.com\/pt-br\/#website"},"datePublished":"2020-11-12T20:21:22+00:00","dateModified":"2025-04-02T01:58:46+00:00","breadcrumb":{"@id":"https:\/\/apimetrology.com\/pt-br\/acessorios-laser-tracker\/#breadcrumb"},"inLanguage":"pt-BR","potentialAction":[{"@type":"ReadAction","target":["https:\/\/apimetrology.com\/pt-br\/acessorios-laser-tracker\/"]}]},{"@type":"BreadcrumbList","@id":"https:\/\/apimetrology.com\/pt-br\/acessorios-laser-tracker\/#breadcrumb","itemListElement":[{"@type":"ListItem","position":1,"name":"Home","item":"https:\/\/apimetrology.com\/pt-br\/"},{"@type":"ListItem","position":2,"name":"Acess\u00f3rios do Laser Tracker"}]},{"@type":"WebSite","@id":"https:\/\/apimetrology.com\/pt-br\/#website","url":"https:\/\/apimetrology.com\/pt-br\/","name":"API Metrology","description":"Laser Tracker, Machine Tool and Robot Calibration Equipment Supplier","publisher":{"@id":"https:\/\/apimetrology.com\/pt-br\/#organization"},"potentialAction":[{"@type":"SearchAction","target":{"@type":"EntryPoint","urlTemplate":"https:\/\/apimetrology.com\/pt-br\/?s={search_term_string}"},"query-input":{"@type":"PropertyValueSpecification","valueRequired":true,"valueName":"search_term_string"}}],"inLanguage":"pt-BR"},{"@type":"Organization","@id":"https:\/\/apimetrology.com\/pt-br\/#organization","name":"API Metrology","url":"https:\/\/apimetrology.com\/pt-br\/","logo":{"@type":"ImageObject","inLanguage":"pt-BR","@id":"https:\/\/apimetrology.com\/pt-br\/#\/schema\/logo\/image\/","url":"https:\/\/apimetrology.com\/wp-content\/uploads\/2018\/11\/API-logo.png","contentUrl":"https:\/\/apimetrology.com\/wp-content\/uploads\/2018\/11\/API-logo.png","width":1080,"height":699,"caption":"API Metrology"},"image":{"@id":"https:\/\/apimetrology.com\/pt-br\/#\/schema\/logo\/image\/"},"sameAs":["https:\/\/www.facebook.com\/apimetrology\/","https:\/\/www.linkedin.com\/company\/apimetrology\/","https:\/\/www.youtube.com\/@AutomatedPrecision"]}]}},"_links":{"self":[{"href":"https:\/\/apimetrology.com\/pt-br\/wp-json\/wp\/v2\/pages\/9323","targetHints":{"allow":["GET"]}}],"collection":[{"href":"https:\/\/apimetrology.com\/pt-br\/wp-json\/wp\/v2\/pages"}],"about":[{"href":"https:\/\/apimetrology.com\/pt-br\/wp-json\/wp\/v2\/types\/page"}],"author":[{"embeddable":true,"href":"https:\/\/apimetrology.com\/pt-br\/wp-json\/wp\/v2\/users\/18"}],"replies":[{"embeddable":true,"href":"https:\/\/apimetrology.com\/pt-br\/wp-json\/wp\/v2\/comments?post=9323"}],"version-history":[{"count":0,"href":"https:\/\/apimetrology.com\/pt-br\/wp-json\/wp\/v2\/pages\/9323\/revisions"}],"wp:attachment":[{"href":"https:\/\/apimetrology.com\/pt-br\/wp-json\/wp\/v2\/media?parent=9323"}],"curies":[{"name":"wp","href":"https:\/\/api.w.org\/{rel}","templated":true}]}}